{"id":106521,"date":"2023-11-22T13:36:39","date_gmt":"2023-11-22T11:36:39","guid":{"rendered":"https:\/\/topdisc.fi\/?post_type=product&#038;p=106521"},"modified":"2025-07-30T01:24:48","modified_gmt":"2025-07-29T22:24:48","slug":"discraft-big-z-zeus","status":"publish","type":"product","link":"https:\/\/topdisc.fi\/sv\/produkt\/discraft-big-z-zeus\/","title":{"rendered":"Discraft Big Z Zeus Paul Mcbeth Signatur"},"content":{"rendered":"<p>Discraft Big Z Zeus Paul Mcbeth Signatur<\/p>\n<p>Flygv\u00e4rden: 12 5 -1 3<\/p>\n<p>Vikt: 173-174g<\/p>\n<p>Paul McBeth Zeus finns nu i Big Z-plast!<\/p>\n<p>McBeth-kreditpucken Zeus \u00e4r en 12-v\u00e4xlad l\u00e5ngdistansf\u00f6rare som omedelbart blev en stor hit och har blivit en av Discrafts mest s\u00e5lda puckar. Zeus \u00e4r en snabb, mycket hal och m\u00e5ngsidig f\u00f6rare. Precis tillr\u00e4ckligt \u00f6verstabil i stabilitet f\u00f6r att vara en kreditf\u00f6rare f\u00f6r en avancerad spelare, utan att vara f\u00f6r \u00f6verstabil f\u00f6r mellanliggande spelare. Tack vare den l\u00e5ga kanten och den behagligt formade kanten\/vingen erbjuder Zeus utm\u00e4rkt grepp och k\u00e4nsla.<br \/>\nBig Z plast \u00e4r en ogenomskinlig och p\u00e4rlemorskimrande version av den popul\u00e4ra Z-plasten. Liksom Z-plast \u00e4r Big Z mycket t\u00e5lig och l\u00e4mpar sig b\u00e4st f\u00f6r normala v\u00e4derf\u00f6rh\u00e5llanden. Big Z-plast \u00e4r ofta n\u00e5got mer flexibel och greppv\u00e4nligare \u00e4n vanlig Z-plast.<\/p>\n<p>Notera! Den valbara hjulf\u00e4rgen betyder hjulets huvudf\u00e4rg. Produktbilderna \u00e4r exempelbilder, inte en garanti f\u00f6r den exakta individen som kommer att levereras till dig; f\u00e4rgerna p\u00e5 st\u00e4mplarna och skivornas nyanser varierar.<\/p>","protected":false},"excerpt":{"rendered":"<p>Discraft Big Z Zeus Paul Mcbeth Signatur<\/p>\n<p>Flygv\u00e4rden: 12 5 -1 3<\/p>\n<p>Vikt: 173-174g<\/p>\n<p>Paul McBeth Zeus finns nu i Big Z-plast!<\/p>\n<p>McBeth-kreditpucken Zeus \u00e4r en 12-v\u00e4xlad l\u00e5ngdistansf\u00f6rare som omedelbart blev en stor hit och har blivit en av Discrafts mest s\u00e5lda puckar. Zeus \u00e4r en snabb, mycket hal och m\u00e5ngsidig f\u00f6rare. Precis tillr\u00e4ckligt \u00f6verstabil i stabilitet f\u00f6r att vara en kreditf\u00f6rare f\u00f6r en avancerad spelare, utan att vara f\u00f6r \u00f6verstabil f\u00f6r mellanliggande spelare. Tack vare den l\u00e5ga kanten och den behagligt formade kanten\/vingen erbjuder Zeus utm\u00e4rkt grepp och k\u00e4nsla.<br \/>\nBig Z plast \u00e4r en ogenomskinlig och p\u00e4rlemorskimrande version av den popul\u00e4ra Z-plasten. Liksom Z-plast \u00e4r Big Z mycket t\u00e5lig och l\u00e4mpar sig b\u00e4st f\u00f6r normala v\u00e4derf\u00f6rh\u00e5llanden. Big Z-plast \u00e4r ofta n\u00e5got mer flexibel och greppv\u00e4nligare \u00e4n vanlig Z-plast.<\/p>\n<p>Notera! Den valbara hjulf\u00e4rgen betyder hjulets huvudf\u00e4rg. Produktbilderna \u00e4r exempelbilder, inte en garanti f\u00f6r den exakta individen som kommer att levereras till dig; f\u00e4rgerna p\u00e5 st\u00e4mplarna och skivornas nyanser varierar.<\/p>","protected":false},"featured_media":241426,"comment_status":"open","ping_status":"closed","template":"","meta":{"_acf_changed":false,"om_disable_all_campaigns":false,"_improvement_type_select":"improve_an_existing","_thumb_yes_seoaic":false,"_frame_yes_seoaic":false,"seoaic_generate_description":"","seoaic_improve_instructions_prompt":"","seoaic_rollback_content_improvement":"","seoaic_idea_thumbnail_generator":"","thumbnail_generated":false,"thumbnail_generate_prompt":"","seoaic_article_description":""},"product_brand":[],"product_cat":[1842,3783,1817],"product_tag":[],"class_list":{"0":"post-106521","1":"product","2":"type-product","3":"status-publish","4":"has-post-thumbnail","6":"product_cat-uudet-discraft-kiekot","7":"product_cat-syysale","8":"product_cat-uudet-kiekot","9":"pa_feidi-288","10":"pa_liito-274","11":"pa_nopeus-266","12":"pa_paino-325","13":"pa_vakaus-281","14":"pa_vari-keltainen","15":"pa_vari-pinkki","16":"pa_vari-vaaleansininen","18":"first","19":"instock","20":"sale","21":"taxable","22":"shipping-taxable","23":"purchasable","24":"product-type-variable"},"acf":[],"_links":{"self":[{"href":"https:\/\/topdisc.fi\/sv\/wp-json\/wp\/v2\/product\/106521","targetHints":{"allow":["GET"]}}],"collection":[{"href":"https:\/\/topdisc.fi\/sv\/wp-json\/wp\/v2\/product"}],"about":[{"href":"https:\/\/topdisc.fi\/sv\/wp-json\/wp\/v2\/types\/product"}],"replies":[{"embeddable":true,"href":"https:\/\/topdisc.fi\/sv\/wp-json\/wp\/v2\/comments?post=106521"}],"version-history":[{"count":0,"href":"https:\/\/topdisc.fi\/sv\/wp-json\/wp\/v2\/product\/106521\/revisions"}],"wp:featuredmedia":[{"embeddable":true,"href":"https:\/\/topdisc.fi\/sv\/wp-json\/wp\/v2\/media\/241426"}],"wp:attachment":[{"href":"https:\/\/topdisc.fi\/sv\/wp-json\/wp\/v2\/media?parent=106521"}],"wp:term":[{"taxonomy":"product_brand","embeddable":true,"href":"https:\/\/topdisc.fi\/sv\/wp-json\/wp\/v2\/product_brand?post=106521"},{"taxonomy":"product_cat","embeddable":true,"href":"https:\/\/topdisc.fi\/sv\/wp-json\/wp\/v2\/product_cat?post=106521"},{"taxonomy":"product_tag","embeddable":true,"href":"https:\/\/topdisc.fi\/sv\/wp-json\/wp\/v2\/product_tag?post=106521"}],"curies":[{"name":"wp","href":"https:\/\/api.w.org\/{rel}","templated":true}]}}