{"id":106673,"date":"2023-11-22T13:38:42","date_gmt":"2023-11-22T11:38:42","guid":{"rendered":"https:\/\/topdisc.fi\/?post_type=product&#038;p=106673"},"modified":"2026-02-12T16:35:44","modified_gmt":"2026-02-12T14:35:44","slug":"discraft-esp-buzzz-5x-wc-paul-mcbeth-4","status":"publish","type":"product","link":"https:\/\/topdisc.fi\/sv\/produkt\/discraft-esp-buzzz-5x-wc-paul-mcbeth-4\/","title":{"rendered":"Discraft Esp Buzzz 5x Wc Paul Mcbeth"},"content":{"rendered":"<p>Discraft Esp Buzzz 5x WC Paul Mcbeth<\/p>\n<p>Flygv\u00e4rden: 5 4 -1 1<\/p>\n<p>Vikt: 177-180g<\/p>\n<p>&nbsp;<\/p>\n<p>Discrafts Buzzz \u00e4r en av de b\u00e4sta och mest popul\u00e4ra skivorna i v\u00e4rlden. Buzzz f\u00f6ljer vinkeln som ges till pucken utm\u00e4rkt och \u00e4r extremt p\u00e5litlig. L\u00e4mplig f\u00f6r spelare p\u00e5 alla niv\u00e5er, fr\u00e5n nyb\u00f6rjare till proffs, och tillh\u00f6r idag \u00e4ven den femfaldige v\u00e4rldsm\u00e4staren Paul McBeths kredit. Ett absolut val f\u00f6r mellanregisteravdelningen! ESP \u00e4r en mycket slitstark och bra grepp plastlegering. F\u00f6rnyades 2018, d\u00e5 ESP-plasten fick en ny stilren st\u00e4mpel, och greppet och h\u00e5llbarheten f\u00f6rb\u00e4ttrades sedan tidigare. Dessutom har ESP-plastskivorna spektakul\u00e4ra unika &quot;virvlar&quot;. S\u00e5ledes kan ESP-plastskivor ha flera f\u00e4rger eller nyanser, eller s\u00e5 kan de vara n\u00e4stan monokromatiska. Notera! Den valbara hjulf\u00e4rgen betyder hjulets huvudf\u00e4rg. Produktbilderna \u00e4r exempelbilder, inte en garanti f\u00f6r den exakta individen som kommer att levereras till dig; f\u00e4rgerna p\u00e5 st\u00e4mplarna och skivornas nyanser varierar.<\/p>","protected":false},"excerpt":{"rendered":"<p>Discraft Esp Buzzz 5x WC Paul Mcbeth<\/p>\n<p>Flygv\u00e4rden: 5 4 -1 1<\/p>\n<p>Vikt: 177-180g<\/p>\n<p>&nbsp;<\/p>\n<p>Discrafts Buzzz \u00e4r en av de b\u00e4sta och mest popul\u00e4ra skivorna i v\u00e4rlden. Buzzz f\u00f6ljer vinkeln som ges till pucken utm\u00e4rkt och \u00e4r extremt p\u00e5litlig. L\u00e4mplig f\u00f6r spelare p\u00e5 alla niv\u00e5er, fr\u00e5n nyb\u00f6rjare till proffs, och tillh\u00f6r idag \u00e4ven den femfaldige v\u00e4rldsm\u00e4staren Paul McBeths kredit. Ett absolut val f\u00f6r mellanregisteravdelningen! ESP \u00e4r en mycket slitstark och bra grepp plastlegering. F\u00f6rnyades 2018, d\u00e5 ESP-plasten fick en ny stilren st\u00e4mpel, och greppet och h\u00e5llbarheten f\u00f6rb\u00e4ttrades sedan tidigare. Dessutom har ESP-plastskivorna spektakul\u00e4ra unika &quot;virvlar&quot;. S\u00e5ledes kan ESP-plastskivor ha flera f\u00e4rger eller nyanser, eller s\u00e5 kan de vara n\u00e4stan monokromatiska. Notera! Den valbara hjulf\u00e4rgen betyder hjulets huvudf\u00e4rg. Produktbilderna \u00e4r exempelbilder, inte en garanti f\u00f6r den exakta individen som kommer att levereras till dig; f\u00e4rgerna p\u00e5 st\u00e4mplarna och skivornas nyanser varierar.<\/p>","protected":false},"featured_media":235672,"comment_status":"open","ping_status":"closed","template":"","meta":{"_acf_changed":false,"om_disable_all_campaigns":false,"_improvement_type_select":"improve_an_existing","_thumb_yes_seoaic":false,"_frame_yes_seoaic":false,"seoaic_generate_description":"","seoaic_improve_instructions_prompt":"","seoaic_rollback_content_improvement":"","seoaic_idea_thumbnail_generator":"","thumbnail_generated":false,"thumbnail_generate_prompt":"","seoaic_article_description":""},"product_brand":[],"product_cat":[1842,369,3783],"product_tag":[],"class_list":{"0":"post-106673","1":"product","2":"type-product","3":"status-publish","4":"has-post-thumbnail","6":"product_cat-uudet-discraft-kiekot","7":"product_cat-signature-kiekot","8":"product_cat-syysale","9":"pa_feidi-286","10":"pa_liito-273","11":"pa_nopeus-259","12":"pa_paino-332","13":"pa_vakaus-281","14":"pa_valmistajat-discraft","15":"pa_vari-harmaa","16":"pa_vari-harmaan-savyinen","17":"pa_vari-keltaisen-savyinen","18":"pa_vari-pinkki","19":"pa_vari-pinkki-suonvihrea","20":"pa_vari-vaaleanpunaisen-savyinen","21":"pa_vari-violetti-pinkki","22":"pa_vari-violetti-vaaleavioletti","24":"first","25":"instock","26":"taxable","27":"shipping-taxable","28":"purchasable","29":"product-type-variable"},"acf":[],"_links":{"self":[{"href":"https:\/\/topdisc.fi\/sv\/wp-json\/wp\/v2\/product\/106673","targetHints":{"allow":["GET"]}}],"collection":[{"href":"https:\/\/topdisc.fi\/sv\/wp-json\/wp\/v2\/product"}],"about":[{"href":"https:\/\/topdisc.fi\/sv\/wp-json\/wp\/v2\/types\/product"}],"replies":[{"embeddable":true,"href":"https:\/\/topdisc.fi\/sv\/wp-json\/wp\/v2\/comments?post=106673"}],"version-history":[{"count":1,"href":"https:\/\/topdisc.fi\/sv\/wp-json\/wp\/v2\/product\/106673\/revisions"}],"predecessor-version":[{"id":264968,"href":"https:\/\/topdisc.fi\/sv\/wp-json\/wp\/v2\/product\/106673\/revisions\/264968"}],"wp:featuredmedia":[{"embeddable":true,"href":"https:\/\/topdisc.fi\/sv\/wp-json\/wp\/v2\/media\/235672"}],"wp:attachment":[{"href":"https:\/\/topdisc.fi\/sv\/wp-json\/wp\/v2\/media?parent=106673"}],"wp:term":[{"taxonomy":"product_brand","embeddable":true,"href":"https:\/\/topdisc.fi\/sv\/wp-json\/wp\/v2\/product_brand?post=106673"},{"taxonomy":"product_cat","embeddable":true,"href":"https:\/\/topdisc.fi\/sv\/wp-json\/wp\/v2\/product_cat?post=106673"},{"taxonomy":"product_tag","embeddable":true,"href":"https:\/\/topdisc.fi\/sv\/wp-json\/wp\/v2\/product_tag?post=106673"}],"curies":[{"name":"wp","href":"https:\/\/api.w.org\/{rel}","templated":true}]}}