{"id":107329,"date":"2023-11-22T13:47:35","date_gmt":"2023-11-22T11:47:35","guid":{"rendered":"https:\/\/topdisc.fi\/?post_type=product&#038;p=107329"},"modified":"2025-03-08T11:52:12","modified_gmt":"2025-03-08T09:52:12","slug":"discraft-z-machete","status":"publish","type":"product","link":"https:\/\/topdisc.fi\/sv\/produkt\/discraft-z-machete\/","title":{"rendered":"Discraft Z Machete"},"content":{"rendered":"<p>Discraft Z Machete Flygv\u00e4rden: 11 4 0 4 Machete \u00e4r en l\u00e5gprofil, extremt stabil f\u00f6rare. Den \u00e4r perfekt l\u00e4mpad f\u00f6r bl\u00e5sigt v\u00e4der och erbjuder p\u00e5litlig flygning och en stark slutlig blekning under alla f\u00f6rh\u00e5llanden. Macheten \u00e4r ett m\u00e5ngsidigt verktyg och passar perfekt f\u00f6r b\u00e5de knogen och handflatan. Z-plast \u00e4r Discrafts mest h\u00e5llbara plastblandning och beh\u00e5ller d\u00e4rmed sina flygegenskaper under l\u00e4ngst tid. Valet av proffsspelare f\u00f6r normala v\u00e4derf\u00f6rh\u00e5llanden. Skivor av Z-plast \u00e4r ganska styva och ofta lite stabilare \u00e4n skivor gjorda med andra plastlegeringar. Notera! Den valbara hjulf\u00e4rgen betyder hjulets huvudf\u00e4rg. Produktbilderna \u00e4r exempelbilder, inte en garanti f\u00f6r den exakta individen som kommer att levereras till dig; f\u00e4rgerna p\u00e5 st\u00e4mplarna och nyanserna p\u00e5 skivorna varierar.<\/p>","protected":false},"excerpt":{"rendered":"<p>Discraft Z Machete Flygv\u00e4rden: 11 4 0 4 Machete \u00e4r en l\u00e5gprofil, extremt stabil f\u00f6rare. Den \u00e4r perfekt l\u00e4mpad f\u00f6r bl\u00e5sigt v\u00e4der och erbjuder p\u00e5litlig flygning och en stark slutlig blekning under alla f\u00f6rh\u00e5llanden. Macheten \u00e4r ett m\u00e5ngsidigt verktyg och passar perfekt f\u00f6r b\u00e5de knogen och handflatan. Z-plast \u00e4r Discrafts mest h\u00e5llbara plastblandning och beh\u00e5ller d\u00e4rmed sina flygegenskaper under l\u00e4ngst tid. Valet av proffsspelare f\u00f6r normala v\u00e4derf\u00f6rh\u00e5llanden. Skivor av Z-plast \u00e4r ganska styva och ofta lite stabilare \u00e4n skivor gjorda med andra plastlegeringar. Notera! Den valbara hjulf\u00e4rgen betyder hjulets huvudf\u00e4rg. Produktbilderna \u00e4r exempelbilder, inte en garanti f\u00f6r den exakta individen som kommer att levereras till dig; f\u00e4rgerna p\u00e5 st\u00e4mplarna och nyanserna p\u00e5 skivorna varierar.<\/p>","protected":false},"featured_media":241433,"comment_status":"open","ping_status":"closed","template":"","meta":{"_acf_changed":false,"om_disable_all_campaigns":false,"_improvement_type_select":"improve_an_existing","_thumb_yes_seoaic":false,"_frame_yes_seoaic":false,"seoaic_generate_description":"","seoaic_improve_instructions_prompt":"","seoaic_rollback_content_improvement":"","seoaic_idea_thumbnail_generator":"","thumbnail_generated":false,"thumbnail_generate_prompt":"","seoaic_article_description":""},"product_brand":[],"product_cat":[1842,1817],"product_tag":[],"class_list":{"0":"post-107329","1":"product","2":"type-product","3":"status-publish","4":"has-post-thumbnail","6":"product_cat-uudet-discraft-kiekot","7":"product_cat-uudet-kiekot","8":"pa_feidi-289","9":"pa_liito-273","10":"pa_nopeus-265","11":"pa_paino-325","12":"pa_vakaus-zero","13":"pa_valmistajat-discraft","15":"first","16":"instock","17":"taxable","18":"shipping-taxable","19":"purchasable","20":"product-type-simple"},"acf":[],"_links":{"self":[{"href":"https:\/\/topdisc.fi\/sv\/wp-json\/wp\/v2\/product\/107329","targetHints":{"allow":["GET"]}}],"collection":[{"href":"https:\/\/topdisc.fi\/sv\/wp-json\/wp\/v2\/product"}],"about":[{"href":"https:\/\/topdisc.fi\/sv\/wp-json\/wp\/v2\/types\/product"}],"replies":[{"embeddable":true,"href":"https:\/\/topdisc.fi\/sv\/wp-json\/wp\/v2\/comments?post=107329"}],"version-history":[{"count":0,"href":"https:\/\/topdisc.fi\/sv\/wp-json\/wp\/v2\/product\/107329\/revisions"}],"wp:featuredmedia":[{"embeddable":true,"href":"https:\/\/topdisc.fi\/sv\/wp-json\/wp\/v2\/media\/241433"}],"wp:attachment":[{"href":"https:\/\/topdisc.fi\/sv\/wp-json\/wp\/v2\/media?parent=107329"}],"wp:term":[{"taxonomy":"product_brand","embeddable":true,"href":"https:\/\/topdisc.fi\/sv\/wp-json\/wp\/v2\/product_brand?post=107329"},{"taxonomy":"product_cat","embeddable":true,"href":"https:\/\/topdisc.fi\/sv\/wp-json\/wp\/v2\/product_cat?post=107329"},{"taxonomy":"product_tag","embeddable":true,"href":"https:\/\/topdisc.fi\/sv\/wp-json\/wp\/v2\/product_tag?post=107329"}],"curies":[{"name":"wp","href":"https:\/\/api.w.org\/{rel}","templated":true}]}}