{"id":108924,"date":"2023-11-22T14:10:52","date_gmt":"2023-11-22T12:10:52","guid":{"rendered":"https:\/\/topdisc.fi\/?post_type=product&#038;p=108924"},"modified":"2023-11-24T11:20:16","modified_gmt":"2023-11-24T09:20:16","slug":"ground-loki-utility-putter","status":"publish","type":"product","link":"https:\/\/topdisc.fi\/sv\/produkt\/ground-loki-utility-putter\/","title":{"rendered":"Viking Disc GROUND LOKI UTILITY PUTTER"},"content":{"rendered":"<p dir=\"ltr\" data-placeholder=\"K\u00e4\u00e4nn\u00f6s\">Superstabil infallspuck. Det h\u00e4r g\u00e5r n\u00e5gonstans mellan taktik och Troja<\/p>\n<p dir=\"ltr\" data-placeholder=\"K\u00e4\u00e4nn\u00f6s\">Flygv\u00e4rden:<\/p>\n<p dir=\"ltr\" data-placeholder=\"K\u00e4\u00e4nn\u00f6s\">Hastighet 4<\/p>\n<p dir=\"ltr\" data-placeholder=\"K\u00e4\u00e4nn\u00f6s\">Allians 2<\/p>\n<p dir=\"ltr\" data-placeholder=\"K\u00e4\u00e4nn\u00f6s\">Vrid 0<\/p>\n<p dir=\"ltr\" data-placeholder=\"K\u00e4\u00e4nn\u00f6s\">Feidi 4<\/p>\n<p> &nbsp; <\/p>\n<table width=\"610\">\n<tbody>\n<tr>\n<td style=\"font-weight: 400;\" width=\"162\">Vikingskivor<\/td>\n<td style=\"font-weight: 400;\" width=\"145\">Logga<\/td>\n<td style=\"font-weight: 400;\" width=\"147\">Putter<\/td>\n<td style=\"font-weight: 400;\" width=\"156\">4 2 0 4<\/td>\n<\/tr>\n<\/tbody>\n<\/table>\n<p> SKICK NYHET 170-172g<\/p>","protected":false},"excerpt":{"rendered":"<p dir=\"ltr\" data-placeholder=\"K\u00e4\u00e4nn\u00f6s\">Superstabil infallspuck. Det h\u00e4r g\u00e5r n\u00e5gonstans mellan taktik och Troja<\/p>\n<p dir=\"ltr\" data-placeholder=\"K\u00e4\u00e4nn\u00f6s\">Flygv\u00e4rden:<\/p>\n<p dir=\"ltr\" data-placeholder=\"K\u00e4\u00e4nn\u00f6s\">Hastighet 4<\/p>\n<p dir=\"ltr\" data-placeholder=\"K\u00e4\u00e4nn\u00f6s\">Allians 2<\/p>\n<p dir=\"ltr\" data-placeholder=\"K\u00e4\u00e4nn\u00f6s\">Vrid 0<\/p>\n<p dir=\"ltr\" data-placeholder=\"K\u00e4\u00e4nn\u00f6s\">Feidi 4<\/p>\n<p> &nbsp; <\/p>\n<table width=\"610\">\n<tbody>\n<tr>\n<td style=\"font-weight: 400;\" width=\"162\">Vikingskivor<\/td>\n<td style=\"font-weight: 400;\" width=\"145\">Logga<\/td>\n<td style=\"font-weight: 400;\" width=\"147\">Putter<\/td>\n<td style=\"font-weight: 400;\" width=\"156\">4 2 0 4<\/td>\n<\/tr>\n<\/tbody>\n<\/table>\n<p> SKICK NYHET 170-172g<\/p>","protected":false},"featured_media":17197,"comment_status":"open","ping_status":"closed","template":"","meta":{"_acf_changed":false,"om_disable_all_campaigns":false,"_improvement_type_select":"improve_an_existing","_thumb_yes_seoaic":false,"_frame_yes_seoaic":false,"seoaic_generate_description":"","seoaic_improve_instructions_prompt":"","seoaic_rollback_content_improvement":"","seoaic_idea_thumbnail_generator":"","thumbnail_generated":false,"thumbnail_generate_prompt":"","seoaic_article_description":""},"product_brand":[],"product_cat":[368,1829],"product_tag":[569],"class_list":{"0":"post-108924","1":"product","2":"type-product","3":"status-publish","4":"has-post-thumbnail","6":"product_cat-lahestymiskiekot","7":"product_cat-viking-discs-kaytetyt-frisbeegolfkiekot-2","8":"product_tag-ylivakaa","9":"pa_feidi-289","10":"pa_liito-271","11":"pa_nopeus-258","12":"pa_paino-323","13":"pa_vakaus-zero","15":"first","16":"instock","17":"taxable","18":"shipping-taxable","19":"purchasable","20":"product-type-simple"},"acf":[],"_links":{"self":[{"href":"https:\/\/topdisc.fi\/sv\/wp-json\/wp\/v2\/product\/108924","targetHints":{"allow":["GET"]}}],"collection":[{"href":"https:\/\/topdisc.fi\/sv\/wp-json\/wp\/v2\/product"}],"about":[{"href":"https:\/\/topdisc.fi\/sv\/wp-json\/wp\/v2\/types\/product"}],"replies":[{"embeddable":true,"href":"https:\/\/topdisc.fi\/sv\/wp-json\/wp\/v2\/comments?post=108924"}],"version-history":[{"count":0,"href":"https:\/\/topdisc.fi\/sv\/wp-json\/wp\/v2\/product\/108924\/revisions"}],"wp:featuredmedia":[{"embeddable":true,"href":"https:\/\/topdisc.fi\/sv\/wp-json\/wp\/v2\/media\/17197"}],"wp:attachment":[{"href":"https:\/\/topdisc.fi\/sv\/wp-json\/wp\/v2\/media?parent=108924"}],"wp:term":[{"taxonomy":"product_brand","embeddable":true,"href":"https:\/\/topdisc.fi\/sv\/wp-json\/wp\/v2\/product_brand?post=108924"},{"taxonomy":"product_cat","embeddable":true,"href":"https:\/\/topdisc.fi\/sv\/wp-json\/wp\/v2\/product_cat?post=108924"},{"taxonomy":"product_tag","embeddable":true,"href":"https:\/\/topdisc.fi\/sv\/wp-json\/wp\/v2\/product_tag?post=108924"}],"curies":[{"name":"wp","href":"https:\/\/api.w.org\/{rel}","templated":true}]}}