{"id":109006,"date":"2023-11-22T14:12:01","date_gmt":"2023-11-22T12:12:01","guid":{"rendered":"https:\/\/topdisc.fi\/?post_type=product&#038;p=109006"},"modified":"2026-03-10T17:47:51","modified_gmt":"2026-03-10T15:47:51","slug":"h4-750","status":"publish","type":"product","link":"https:\/\/topdisc.fi\/sv\/produkt\/h4-750\/","title":{"rendered":"Prodigy Disc H4 750"},"content":{"rendered":"<p>Flygv\u00e4rden: 10 5 -2 1,5 Skick: B Vikt: 176g Mark\u00f6rer: Sula, F\u00e4lg<\/p>","protected":false},"excerpt":{"rendered":"<p>Flygv\u00e4rden: 10 5 -2 1,5 Skick: B Vikt: 176g Mark\u00f6rer: Sula, F\u00e4lg<\/p>","protected":false},"featured_media":18014,"comment_status":"open","ping_status":"closed","template":"","meta":{"_acf_changed":false,"om_disable_all_campaigns":false,"_improvement_type_select":"improve_an_existing","_thumb_yes_seoaic":false,"_frame_yes_seoaic":false,"seoaic_generate_description":"","seoaic_improve_instructions_prompt":"","seoaic_rollback_content_improvement":"","seoaic_idea_thumbnail_generator":"","thumbnail_generated":false,"thumbnail_generate_prompt":"","seoaic_article_description":""},"product_brand":[4872],"product_cat":[4670,1809,1806,1900,1902,1853,1823],"product_tag":[555,4926],"class_list":{"0":"post-109006","1":"product","2":"type-product","3":"status-publish","4":"has-post-thumbnail","6":"product_brand-prodigy-disc","7":"product_cat-inv","8":"product_cat-driverit","9":"product_cat-kaytetyt-frisbeegolfkiekot","10":"product_cat-prodigy-kaikki-kiekot","11":"product_cat-prodigy-fairwayt","12":"product_cat-prodigy-kaytetyt-driverit-prodigy-kaytetyt-frisbeegolfkiekot-2","13":"product_cat-prodigy-kaytetyt-frisbeegolfkiekot-2","14":"product_tag-driver","15":"product_tag-outlet","16":"pa_feidi-1-5","17":"pa_kunto-b-2","18":"pa_liito-274","19":"pa_nopeus-264","20":"pa_paino-331","21":"pa_vakaus-280","23":"first","24":"instock","25":"shipping-taxable","26":"purchasable","27":"product-type-simple"},"acf":[],"_links":{"self":[{"href":"https:\/\/topdisc.fi\/sv\/wp-json\/wp\/v2\/product\/109006","targetHints":{"allow":["GET"]}}],"collection":[{"href":"https:\/\/topdisc.fi\/sv\/wp-json\/wp\/v2\/product"}],"about":[{"href":"https:\/\/topdisc.fi\/sv\/wp-json\/wp\/v2\/types\/product"}],"replies":[{"embeddable":true,"href":"https:\/\/topdisc.fi\/sv\/wp-json\/wp\/v2\/comments?post=109006"}],"version-history":[{"count":1,"href":"https:\/\/topdisc.fi\/sv\/wp-json\/wp\/v2\/product\/109006\/revisions"}],"predecessor-version":[{"id":264270,"href":"https:\/\/topdisc.fi\/sv\/wp-json\/wp\/v2\/product\/109006\/revisions\/264270"}],"wp:featuredmedia":[{"embeddable":true,"href":"https:\/\/topdisc.fi\/sv\/wp-json\/wp\/v2\/media\/18014"}],"wp:attachment":[{"href":"https:\/\/topdisc.fi\/sv\/wp-json\/wp\/v2\/media?parent=109006"}],"wp:term":[{"taxonomy":"product_brand","embeddable":true,"href":"https:\/\/topdisc.fi\/sv\/wp-json\/wp\/v2\/product_brand?post=109006"},{"taxonomy":"product_cat","embeddable":true,"href":"https:\/\/topdisc.fi\/sv\/wp-json\/wp\/v2\/product_cat?post=109006"},{"taxonomy":"product_tag","embeddable":true,"href":"https:\/\/topdisc.fi\/sv\/wp-json\/wp\/v2\/product_tag?post=109006"}],"curies":[{"name":"wp","href":"https:\/\/api.w.org\/{rel}","templated":true}]}}