{"id":112153,"date":"2023-11-22T14:59:50","date_gmt":"2023-11-22T12:59:50","guid":{"rendered":"https:\/\/topdisc.fi\/?post_type=product&#038;p=112153"},"modified":"2026-03-10T18:00:11","modified_gmt":"2026-03-10T16:00:11","slug":"innova-vroc3-european-open-2015-special","status":"publish","type":"product","link":"https:\/\/topdisc.fi\/sv\/produkt\/innova-vroc3-european-open-2015-special\/","title":{"rendered":"Innova Vroc3 European Open 2015 Special"},"content":{"rendered":"<p>Innova Vroc3 European Open 2015 Specialflygv\u00e4rden: 4 4 0 1 Skick: A+ Vikt: 180g Mark\u00f6rer: Produktnummer: 2048 Av en total produktionsserie p\u00e5 3500+ skivor, tog sig endast 200 st av dessa &quot;Coloured Crystal&quot; VRoc3:s till Europa . Resten av denna k\u00f6rning s\u00e5ldes omedelbart genom DiscmaniaStore och andrahandsmarknadspriserna har g\u00e5tt igenom taket.<\/p>","protected":false},"excerpt":{"rendered":"<p>Innova Vroc3 European Open 2015 Specialflygv\u00e4rden: 4 4 0 1 Skick: A+ Vikt: 180g Mark\u00f6rer: Produktnummer: 2048 Av en total produktionsserie p\u00e5 3500+ skivor, tog sig endast 200 st av dessa &quot;Coloured Crystal&quot; VRoc3:s till Europa . Resten av denna k\u00f6rning s\u00e5ldes omedelbart genom DiscmaniaStore och andrahandsmarknadspriserna har g\u00e5tt igenom taket.<\/p>","protected":false},"featured_media":20590,"comment_status":"open","ping_status":"closed","template":"","meta":{"_acf_changed":false,"om_disable_all_campaigns":false,"_improvement_type_select":"improve_an_existing","_thumb_yes_seoaic":false,"_frame_yes_seoaic":false,"seoaic_generate_description":"","seoaic_improve_instructions_prompt":"","seoaic_rollback_content_improvement":"","seoaic_idea_thumbnail_generator":"","thumbnail_generated":false,"thumbnail_generate_prompt":"","seoaic_article_description":""},"product_brand":[4854],"product_cat":[4146,1868,1824,1846,4670,1806,1811,678],"product_tag":[4885,4926],"class_list":{"0":"post-112153","1":"product","2":"type-product","3":"status-publish","4":"has-post-thumbnail","6":"product_brand-innova","7":"product_cat-ale","8":"product_cat-innova-kaikki","9":"product_cat-innova-kaytetyt-kiekot","10":"product_cat-innova-kaytetyt-midarit-innova-kaytetyt-frisbeegolfkiekot-2","11":"product_cat-inv","12":"product_cat-kaytetyt-frisbeegolfkiekot","13":"product_cat-midarit","14":"product_cat-spessut","15":"product_tag-ale","16":"product_tag-outlet","17":"pa_feidi-286","18":"pa_kunto-a","19":"pa_liito-273","20":"pa_nopeus-258","21":"pa_paino-329","22":"pa_vakaus-zero","23":"pa_valmistajat-innova","25":"first","26":"instock","27":"sale","28":"taxable","29":"shipping-taxable","30":"purchasable","31":"product-type-simple"},"acf":[],"_links":{"self":[{"href":"https:\/\/topdisc.fi\/sv\/wp-json\/wp\/v2\/product\/112153","targetHints":{"allow":["GET"]}}],"collection":[{"href":"https:\/\/topdisc.fi\/sv\/wp-json\/wp\/v2\/product"}],"about":[{"href":"https:\/\/topdisc.fi\/sv\/wp-json\/wp\/v2\/types\/product"}],"replies":[{"embeddable":true,"href":"https:\/\/topdisc.fi\/sv\/wp-json\/wp\/v2\/comments?post=112153"}],"version-history":[{"count":1,"href":"https:\/\/topdisc.fi\/sv\/wp-json\/wp\/v2\/product\/112153\/revisions"}],"predecessor-version":[{"id":262213,"href":"https:\/\/topdisc.fi\/sv\/wp-json\/wp\/v2\/product\/112153\/revisions\/262213"}],"wp:featuredmedia":[{"embeddable":true,"href":"https:\/\/topdisc.fi\/sv\/wp-json\/wp\/v2\/media\/20590"}],"wp:attachment":[{"href":"https:\/\/topdisc.fi\/sv\/wp-json\/wp\/v2\/media?parent=112153"}],"wp:term":[{"taxonomy":"product_brand","embeddable":true,"href":"https:\/\/topdisc.fi\/sv\/wp-json\/wp\/v2\/product_brand?post=112153"},{"taxonomy":"product_cat","embeddable":true,"href":"https:\/\/topdisc.fi\/sv\/wp-json\/wp\/v2\/product_cat?post=112153"},{"taxonomy":"product_tag","embeddable":true,"href":"https:\/\/topdisc.fi\/sv\/wp-json\/wp\/v2\/product_tag?post=112153"}],"curies":[{"name":"wp","href":"https:\/\/api.w.org\/{rel}","templated":true}]}}