{"id":112450,"date":"2023-11-22T15:04:25","date_gmt":"2023-11-22T13:04:25","guid":{"rendered":"https:\/\/topdisc.fi\/?post_type=product&#038;p=112450"},"modified":"2024-05-23T14:39:26","modified_gmt":"2024-05-23T11:39:26","slug":"latitude-64-opto-moonshine-explorer","status":"publish","type":"product","link":"https:\/\/topdisc.fi\/sv\/produkt\/latitude-64-opto-moonshine-explorer\/","title":{"rendered":"Latitude 64 Opto Moonshine Explorer"},"content":{"rendered":"<p>Latitude 64 Opto Moonshine Explorer<\/p>\n<p>Flygv\u00e4rden: 7 5 0 2<\/p>\n<p>Opto Explorer Designad som en arbetsh\u00e4st f\u00f6r alla typer av precisa fairways. Moonshine 2.0-teknik! Moonshine plast har alla f\u00f6rdelar med vanlig plast med den extra funktionen att lysa i m\u00f6rkret. Dessa Moonshine 2.0-skivor lyser mycket starkare och l\u00e4ngre \u00e4n tidigare k\u00f6rningar. Lys upp din golfboll och forts\u00e4tt golf hela natten. Moonshine-formarna \u00e4r n\u00e5got mer stabila \u00e4n den vanliga versionen.<\/p>","protected":false},"excerpt":{"rendered":"<p>Latitude 64 Opto Moonshine Explorer<\/p>\n<p>Flygv\u00e4rden: 7 5 0 2<\/p>\n<p>Opto Explorer Designad som en arbetsh\u00e4st f\u00f6r alla typer av precisa fairways. Moonshine 2.0-teknik! Moonshine plast har alla f\u00f6rdelar med vanlig plast med den extra funktionen att lysa i m\u00f6rkret. Dessa Moonshine 2.0-skivor lyser mycket starkare och l\u00e4ngre \u00e4n tidigare k\u00f6rningar. Lys upp din golfboll och forts\u00e4tt golf hela natten. Moonshine-formarna \u00e4r n\u00e5got mer stabila \u00e4n den vanliga versionen.<\/p>","protected":false},"featured_media":220542,"comment_status":"open","ping_status":"closed","template":"","meta":{"_acf_changed":false,"om_disable_all_campaigns":false,"_improvement_type_select":"improve_an_existing","_thumb_yes_seoaic":false,"_frame_yes_seoaic":false,"seoaic_generate_description":"","seoaic_improve_instructions_prompt":"","seoaic_rollback_content_improvement":"","seoaic_idea_thumbnail_generator":"","thumbnail_generated":false,"thumbnail_generate_prompt":"","seoaic_article_description":""},"product_brand":[],"product_cat":[1850,1817,73],"product_tag":[],"class_list":{"0":"post-112450","1":"product","2":"type-product","3":"status-publish","4":"has-post-thumbnail","6":"product_cat-uudet-latitude-64-kiekot","7":"product_cat-uudet-kiekot","8":"product_cat-uutuudet","9":"pa_feidi-287","10":"pa_liito-274","11":"pa_nopeus-261","12":"pa_paino-331","13":"pa_vakaus-zero","14":"pa_vari-keltainen","15":"pa_vari-vihrea","17":"first","18":"instock","19":"taxable","20":"shipping-taxable","21":"purchasable","22":"product-type-variable"},"acf":[],"_links":{"self":[{"href":"https:\/\/topdisc.fi\/sv\/wp-json\/wp\/v2\/product\/112450","targetHints":{"allow":["GET"]}}],"collection":[{"href":"https:\/\/topdisc.fi\/sv\/wp-json\/wp\/v2\/product"}],"about":[{"href":"https:\/\/topdisc.fi\/sv\/wp-json\/wp\/v2\/types\/product"}],"replies":[{"embeddable":true,"href":"https:\/\/topdisc.fi\/sv\/wp-json\/wp\/v2\/comments?post=112450"}],"version-history":[{"count":0,"href":"https:\/\/topdisc.fi\/sv\/wp-json\/wp\/v2\/product\/112450\/revisions"}],"wp:featuredmedia":[{"embeddable":true,"href":"https:\/\/topdisc.fi\/sv\/wp-json\/wp\/v2\/media\/220542"}],"wp:attachment":[{"href":"https:\/\/topdisc.fi\/sv\/wp-json\/wp\/v2\/media?parent=112450"}],"wp:term":[{"taxonomy":"product_brand","embeddable":true,"href":"https:\/\/topdisc.fi\/sv\/wp-json\/wp\/v2\/product_brand?post=112450"},{"taxonomy":"product_cat","embeddable":true,"href":"https:\/\/topdisc.fi\/sv\/wp-json\/wp\/v2\/product_cat?post=112450"},{"taxonomy":"product_tag","embeddable":true,"href":"https:\/\/topdisc.fi\/sv\/wp-json\/wp\/v2\/product_tag?post=112450"}],"curies":[{"name":"wp","href":"https:\/\/api.w.org\/{rel}","templated":true}]}}