{"id":113662,"date":"2023-11-22T15:23:14","date_gmt":"2023-11-22T13:23:14","guid":{"rendered":"https:\/\/topdisc.fi\/?post_type=product&#038;p=113662"},"modified":"2025-03-08T13:22:36","modified_gmt":"2025-03-08T11:22:36","slug":"frisbeegolf-mysteerilaatikko-mystery-box","status":"publish","type":"product","link":"https:\/\/topdisc.fi\/sv\/produkt\/frisbeegolf-mysteerilaatikko-mystery-box\/","title":{"rendered":"Mystery box \u2013 TOPDISC mystery box"},"content":{"rendered":"<p>Nu har du en fantastisk m\u00f6jlighet att f\u00e5 en mysteriel\u00e5da samlad av TOPDISC-teamet till dig sj\u00e4lv eller som present. Denna mysterybox f\u00f6r frisbeegolf \u00e4r det perfekta valet f\u00f6r dig som \u00e4lskar \u00f6verraskningar.<\/p>\n<p>Kartongen inneh\u00e5ller begagnade skivor som kan vara n\u00e4stan lika bra som nya. Du kan ocks\u00e5 hitta s\u00e4llsynta skivor i kartongen som inte l\u00e4ngre \u00e4r till salu.<\/p>\n<p>Varje l\u00e5da monteras p\u00e5 best\u00e4llning.<\/p>\n<p>Det lovar vi<strong> varje mystery box \u00e4r v\u00e4rd mer \u00e4n ink\u00f6pspriset<\/strong>!<\/p>\n<p>Vi s\u00e4tter ihop l\u00e5dan <strong>enligt kundens \u00f6nskem\u00e5l<\/strong>.<\/p>\n<p><strong> Instruktionerna \u00e4r f\u00f6ljande:<\/strong><\/p>\n<ol>\n<li>V\u00e4lj mystery box-niv\u00e5 och v\u00e4lj hur m\u00e5nga rullar du vill ha? Niv\u00e5erna \u00e4r Birdie, Eagle och Albatross<\/li>\n<li>L\u00e4gg den i varukorgen<\/li>\n<li>Skriv eventuell ytterligare information\/\u00f6nskem\u00e5l ang\u00e5ende rutan i kommentarsf\u00e4ltet.<\/li>\n<\/ol>\n<p>Du kan till exempel n\u00e4mna vilken skivtillverkare du vill ha, eller ber\u00e4tta vilken typ av skivor du beh\u00f6ver (understabila, stabila eller \u00f6verstabila), eller vilken typ av kast du g\u00f6r och vilka skivor du beh\u00f6ver. L\u00e4mnar du kommentarsf\u00e4ltet tomt kommer det att finnas 5 helt \u00f6verraskande skivor i rutan. Ge oss v\u00e4gledande \u00f6nskningar och vi kommer att g\u00f6ra v\u00e5rt b\u00e4sta f\u00f6r att de ska g\u00e5 i uppfyllelse. Det \u00e4r alltid v\u00e4rt ett f\u00f6rs\u00f6k, eller hur? S\u00e5 allt du beh\u00f6ver g\u00f6ra \u00e4r att shoppa!<\/p>","protected":false},"excerpt":{"rendered":"<p>Nu har du en fantastisk m\u00f6jlighet att f\u00e5 en mysteriel\u00e5da samlad av TOPDISC-teamet till dig sj\u00e4lv eller som present. Denna mysterybox f\u00f6r frisbeegolf \u00e4r det perfekta valet f\u00f6r dig som \u00e4lskar \u00f6verraskningar.<\/p>\n<p>Kartongen inneh\u00e5ller begagnade skivor som kan vara n\u00e4stan lika bra som nya. Du kan ocks\u00e5 hitta s\u00e4llsynta skivor i kartongen som inte l\u00e4ngre \u00e4r till salu.<\/p>\n<p>Varje l\u00e5da monteras p\u00e5 best\u00e4llning.<\/p>\n<p>Det lovar vi<strong> varje mystery box \u00e4r v\u00e4rd mer \u00e4n ink\u00f6pspriset<\/strong>!<\/p>\n<p>Vi s\u00e4tter ihop l\u00e5dan <strong>enligt kundens \u00f6nskem\u00e5l<\/strong>.<\/p>\n<p><strong> Instruktionerna \u00e4r f\u00f6ljande:<\/strong><\/p>\n<ol>\n<li>V\u00e4lj mystery box-niv\u00e5 och v\u00e4lj hur m\u00e5nga rullar du vill ha? Niv\u00e5erna \u00e4r Birdie, Eagle och Albatross<\/li>\n<li>L\u00e4gg den i varukorgen<\/li>\n<li>Skriv eventuell ytterligare information\/\u00f6nskem\u00e5l ang\u00e5ende rutan i kommentarsf\u00e4ltet.<\/li>\n<\/ol>\n<p>Du kan till exempel n\u00e4mna vilken skivtillverkare du vill ha, eller ber\u00e4tta vilken typ av skivor du beh\u00f6ver (understabila, stabila eller \u00f6verstabila), eller vilken typ av kast du g\u00f6r och vilka skivor du beh\u00f6ver. L\u00e4mnar du kommentarsf\u00e4ltet tomt kommer det att finnas 5 helt \u00f6verraskande skivor i rutan. Ge oss v\u00e4gledande \u00f6nskningar och vi kommer att g\u00f6ra v\u00e5rt b\u00e4sta f\u00f6r att de ska g\u00e5 i uppfyllelse. Det \u00e4r alltid v\u00e4rt ett f\u00f6rs\u00f6k, eller hur? S\u00e5 allt du beh\u00f6ver g\u00f6ra \u00e4r att shoppa!<\/p>","protected":false},"featured_media":241445,"comment_status":"open","ping_status":"closed","template":"","meta":{"_acf_changed":false,"om_disable_all_campaigns":false,"_improvement_type_select":"improve_an_existing","_thumb_yes_seoaic":false,"_frame_yes_seoaic":false,"seoaic_generate_description":"","seoaic_improve_instructions_prompt":"","seoaic_rollback_content_improvement":"","seoaic_idea_thumbnail_generator":"","thumbnail_generated":false,"thumbnail_generate_prompt":"","seoaic_article_description":""},"product_brand":[],"product_cat":[1806,1892,678],"product_tag":[],"class_list":{"0":"post-113662","1":"product","2":"type-product","3":"status-publish","4":"has-post-thumbnail","6":"product_cat-kaytetyt-frisbeegolfkiekot","7":"product_cat-mysteeriboxit","8":"product_cat-spessut","10":"first","11":"instock","12":"shipping-taxable","13":"purchasable","14":"product-type-variable"},"acf":[],"_links":{"self":[{"href":"https:\/\/topdisc.fi\/sv\/wp-json\/wp\/v2\/product\/113662","targetHints":{"allow":["GET"]}}],"collection":[{"href":"https:\/\/topdisc.fi\/sv\/wp-json\/wp\/v2\/product"}],"about":[{"href":"https:\/\/topdisc.fi\/sv\/wp-json\/wp\/v2\/types\/product"}],"replies":[{"embeddable":true,"href":"https:\/\/topdisc.fi\/sv\/wp-json\/wp\/v2\/comments?post=113662"}],"version-history":[{"count":0,"href":"https:\/\/topdisc.fi\/sv\/wp-json\/wp\/v2\/product\/113662\/revisions"}],"wp:featuredmedia":[{"embeddable":true,"href":"https:\/\/topdisc.fi\/sv\/wp-json\/wp\/v2\/media\/241445"}],"wp:attachment":[{"href":"https:\/\/topdisc.fi\/sv\/wp-json\/wp\/v2\/media?parent=113662"}],"wp:term":[{"taxonomy":"product_brand","embeddable":true,"href":"https:\/\/topdisc.fi\/sv\/wp-json\/wp\/v2\/product_brand?post=113662"},{"taxonomy":"product_cat","embeddable":true,"href":"https:\/\/topdisc.fi\/sv\/wp-json\/wp\/v2\/product_cat?post=113662"},{"taxonomy":"product_tag","embeddable":true,"href":"https:\/\/topdisc.fi\/sv\/wp-json\/wp\/v2\/product_tag?post=113662"}],"curies":[{"name":"wp","href":"https:\/\/api.w.org\/{rel}","templated":true}]}}