{"id":114123,"date":"2023-11-22T15:30:19","date_gmt":"2023-11-22T13:30:19","guid":{"rendered":"https:\/\/topdisc.fi\/?post_type=product&#038;p=114123"},"modified":"2026-01-27T17:54:12","modified_gmt":"2026-01-27T15:54:12","slug":"prodigy-ace-starter-bag","status":"publish","type":"product","link":"https:\/\/topdisc.fi\/sv\/produkt\/prodigy-ace-starter-bag\/","title":{"rendered":"Prodigy ACE Starter Bag"},"content":{"rendered":"<p>ACE Starter Bag \u00e4r en prisv\u00e4rd frisbeegolfbag, speciellt l\u00e4mplig f\u00f6r nyb\u00f6rjare och barn. V\u00e4skan rymmer 6-8 skivor och har en justerbar axelrem. <\/p>","protected":false},"excerpt":{"rendered":"<p>ACE Starter Bag \u00e4r en prisv\u00e4rd frisbeegolfbag, speciellt l\u00e4mplig f\u00f6r nyb\u00f6rjare och barn. V\u00e4skan rymmer 6-8 skivor och har en justerbar axelrem.<\/p>","protected":false},"featured_media":18183,"comment_status":"open","ping_status":"closed","template":"","meta":{"_acf_changed":false,"om_disable_all_campaigns":false,"_improvement_type_select":"improve_an_existing","_thumb_yes_seoaic":false,"_frame_yes_seoaic":false,"seoaic_generate_description":"","seoaic_improve_instructions_prompt":"","seoaic_rollback_content_improvement":"","seoaic_idea_thumbnail_generator":"","thumbnail_generated":false,"thumbnail_generate_prompt":"","seoaic_article_description":""},"product_brand":[4872],"product_cat":[1722,850],"product_tag":[],"class_list":{"0":"post-114123","1":"product","2":"type-product","3":"status-publish","4":"has-post-thumbnail","6":"product_brand-prodigy-disc","7":"product_cat-laukut","8":"product_cat-uudet-frisbeegolfreput","10":"first","11":"instock","12":"taxable","13":"shipping-taxable","14":"purchasable","15":"product-type-simple"},"acf":[],"_links":{"self":[{"href":"https:\/\/topdisc.fi\/sv\/wp-json\/wp\/v2\/product\/114123","targetHints":{"allow":["GET"]}}],"collection":[{"href":"https:\/\/topdisc.fi\/sv\/wp-json\/wp\/v2\/product"}],"about":[{"href":"https:\/\/topdisc.fi\/sv\/wp-json\/wp\/v2\/types\/product"}],"replies":[{"embeddable":true,"href":"https:\/\/topdisc.fi\/sv\/wp-json\/wp\/v2\/comments?post=114123"}],"version-history":[{"count":1,"href":"https:\/\/topdisc.fi\/sv\/wp-json\/wp\/v2\/product\/114123\/revisions"}],"predecessor-version":[{"id":264265,"href":"https:\/\/topdisc.fi\/sv\/wp-json\/wp\/v2\/product\/114123\/revisions\/264265"}],"wp:featuredmedia":[{"embeddable":true,"href":"https:\/\/topdisc.fi\/sv\/wp-json\/wp\/v2\/media\/18183"}],"wp:attachment":[{"href":"https:\/\/topdisc.fi\/sv\/wp-json\/wp\/v2\/media?parent=114123"}],"wp:term":[{"taxonomy":"product_brand","embeddable":true,"href":"https:\/\/topdisc.fi\/sv\/wp-json\/wp\/v2\/product_brand?post=114123"},{"taxonomy":"product_cat","embeddable":true,"href":"https:\/\/topdisc.fi\/sv\/wp-json\/wp\/v2\/product_cat?post=114123"},{"taxonomy":"product_tag","embeddable":true,"href":"https:\/\/topdisc.fi\/sv\/wp-json\/wp\/v2\/product_tag?post=114123"}],"curies":[{"name":"wp","href":"https:\/\/api.w.org\/{rel}","templated":true}]}}