{"id":115787,"date":"2023-11-22T15:56:32","date_gmt":"2023-11-22T13:56:32","guid":{"rendered":"https:\/\/topdisc.fi\/?post_type=product&#038;p=115787"},"modified":"2026-04-19T18:52:43","modified_gmt":"2026-04-19T15:52:43","slug":"prodigy-disc-bp-4","status":"publish","type":"product","link":"https:\/\/topdisc.fi\/sv\/produkt\/prodigy-disc-bp-4\/","title":{"rendered":"PRODIGY DISC BP-4"},"content":{"rendered":"<p>Prodigy BP-4 \u00e4r en riktigt l\u00e4tt och prisv\u00e4rd ryggs\u00e4cksv\u00e4ska, som passar perfekt som en f\u00f6rsta v\u00e4ska f\u00f6r en ny hobbyist eller en &quot;andra ryggs\u00e4ck&quot; f\u00f6r en mer erfaren hobbyist. Ryggs\u00e4cksv\u00e4skan BP-4 \u00e4r, precis som andra Prodigy-v\u00e4skor, gjord av det nya Ripstop nylontyget, vilket g\u00f6r v\u00e4skan l\u00e4ttare, mer h\u00e5llbar och vattenavvisande. Vikt: 0,45 kg Tyg: Nylon Ripstop Kapacitet: 16 \u2013 18 skivor Putterficka Dryckflaskficka Tillbeh\u00f6rsficka p\u00e5 sidan<\/p>","protected":false},"excerpt":{"rendered":"<p>Prodigy BP-4 \u00e4r en riktigt l\u00e4tt och prisv\u00e4rd ryggs\u00e4cksv\u00e4ska, som passar perfekt som en f\u00f6rsta v\u00e4ska f\u00f6r en ny entusiast eller en &quot;andra v\u00e4ska&quot; f\u00f6r en mer erfaren entusiast. Ryggs\u00e4cksv\u00e4skan BP-4 \u00e4r, precis som andra Prodigy-v\u00e4skor, gjord av det nya Ripstop nylontyget, vilket g\u00f6r v\u00e4skan l\u00e4ttare, mer h\u00e5llbar och vattenavvisande.<\/p>","protected":false},"featured_media":18175,"comment_status":"open","ping_status":"closed","template":"","meta":{"_acf_changed":false,"om_disable_all_campaigns":false,"_improvement_type_select":"improve_an_existing","_thumb_yes_seoaic":false,"_frame_yes_seoaic":false,"seoaic_generate_description":"","seoaic_improve_instructions_prompt":"","seoaic_rollback_content_improvement":"","seoaic_idea_thumbnail_generator":"","thumbnail_generated":false,"thumbnail_generate_prompt":"","seoaic_article_description":""},"product_brand":[4872],"product_cat":[1722,850],"product_tag":[],"class_list":{"0":"post-115787","1":"product","2":"type-product","3":"status-publish","4":"has-post-thumbnail","6":"product_brand-prodigy-disc","7":"product_cat-laukut","8":"product_cat-uudet-frisbeegolfreput","10":"first","11":"instock","12":"taxable","13":"shipping-taxable","14":"purchasable","15":"product-type-simple"},"acf":[],"_links":{"self":[{"href":"https:\/\/topdisc.fi\/sv\/wp-json\/wp\/v2\/product\/115787","targetHints":{"allow":["GET"]}}],"collection":[{"href":"https:\/\/topdisc.fi\/sv\/wp-json\/wp\/v2\/product"}],"about":[{"href":"https:\/\/topdisc.fi\/sv\/wp-json\/wp\/v2\/types\/product"}],"replies":[{"embeddable":true,"href":"https:\/\/topdisc.fi\/sv\/wp-json\/wp\/v2\/comments?post=115787"}],"version-history":[{"count":1,"href":"https:\/\/topdisc.fi\/sv\/wp-json\/wp\/v2\/product\/115787\/revisions"}],"predecessor-version":[{"id":264240,"href":"https:\/\/topdisc.fi\/sv\/wp-json\/wp\/v2\/product\/115787\/revisions\/264240"}],"wp:featuredmedia":[{"embeddable":true,"href":"https:\/\/topdisc.fi\/sv\/wp-json\/wp\/v2\/media\/18175"}],"wp:attachment":[{"href":"https:\/\/topdisc.fi\/sv\/wp-json\/wp\/v2\/media?parent=115787"}],"wp:term":[{"taxonomy":"product_brand","embeddable":true,"href":"https:\/\/topdisc.fi\/sv\/wp-json\/wp\/v2\/product_brand?post=115787"},{"taxonomy":"product_cat","embeddable":true,"href":"https:\/\/topdisc.fi\/sv\/wp-json\/wp\/v2\/product_cat?post=115787"},{"taxonomy":"product_tag","embeddable":true,"href":"https:\/\/topdisc.fi\/sv\/wp-json\/wp\/v2\/product_tag?post=115787"}],"curies":[{"name":"wp","href":"https:\/\/api.w.org\/{rel}","templated":true}]}}