{"id":116913,"date":"2023-11-22T17:33:26","date_gmt":"2023-11-22T15:33:26","guid":{"rendered":"https:\/\/topdisc.fi\/?post_type=product&#038;p=116913"},"modified":"2024-04-18T13:48:48","modified_gmt":"2024-04-18T10:48:48","slug":"prodiscus-laseri","status":"publish","type":"product","link":"https:\/\/topdisc.fi\/sv\/produkt\/prodiscus-laseri\/","title":{"rendered":"Prodiscus laser"},"content":{"rendered":"<p>Direktansluten och l\u00e4ttkastad busschauff\u00f6r. Detta g\u00e5r laser rakt. Stor rekommendation fr\u00e5n Apy Sport! Prodiscus \u00e4r ett inhemskt f\u00f6retag som tillverkar frisbeegolfprodukter. Prodiscus produkter \u00e4r inhemskt i toppklass.  <strong>Flygnummer<\/strong>  Speed 9 Glide 5 Stabilitet -1 Feidi 1<\/p>","protected":false},"excerpt":{"rendered":"<p>Direktansluten och l\u00e4ttkastad busschauff\u00f6r. Detta g\u00e5r laser rakt. Stor rekommendation fr\u00e5n Apy Sport! Prodiscus \u00e4r ett inhemskt f\u00f6retag som tillverkar frisbeegolfprodukter. Prodiscus produkter \u00e4r inhemskt i toppklass.  <strong>Flygnummer<\/strong>  Speed 9 Glide 5 Stabilitet -1 Feidi 1<\/p>","protected":false},"featured_media":16678,"comment_status":"open","ping_status":"closed","template":"","meta":{"_acf_changed":false,"om_disable_all_campaigns":false,"_improvement_type_select":"improve_an_existing","_thumb_yes_seoaic":false,"_frame_yes_seoaic":false,"seoaic_generate_description":"","seoaic_improve_instructions_prompt":"","seoaic_rollback_content_improvement":"","seoaic_idea_thumbnail_generator":"","thumbnail_generated":false,"thumbnail_generate_prompt":"","seoaic_article_description":""},"product_brand":[],"product_cat":[1806,1809,1810,1833],"product_tag":[],"class_list":{"0":"post-116913","1":"product","2":"type-product","3":"status-publish","4":"has-post-thumbnail","6":"product_cat-kaytetyt-frisbeegolfkiekot","7":"product_cat-driverit","8":"product_cat-fairwayt","9":"product_cat-prodiscus-kaytetyt-frisbeegolfkiekot-2","10":"pa_valmistajat-prodiscus","12":"first","13":"instock","14":"taxable","15":"shipping-taxable","16":"purchasable","17":"product-type-simple"},"acf":[],"_links":{"self":[{"href":"https:\/\/topdisc.fi\/sv\/wp-json\/wp\/v2\/product\/116913","targetHints":{"allow":["GET"]}}],"collection":[{"href":"https:\/\/topdisc.fi\/sv\/wp-json\/wp\/v2\/product"}],"about":[{"href":"https:\/\/topdisc.fi\/sv\/wp-json\/wp\/v2\/types\/product"}],"replies":[{"embeddable":true,"href":"https:\/\/topdisc.fi\/sv\/wp-json\/wp\/v2\/comments?post=116913"}],"version-history":[{"count":0,"href":"https:\/\/topdisc.fi\/sv\/wp-json\/wp\/v2\/product\/116913\/revisions"}],"wp:featuredmedia":[{"embeddable":true,"href":"https:\/\/topdisc.fi\/sv\/wp-json\/wp\/v2\/media\/16678"}],"wp:attachment":[{"href":"https:\/\/topdisc.fi\/sv\/wp-json\/wp\/v2\/media?parent=116913"}],"wp:term":[{"taxonomy":"product_brand","embeddable":true,"href":"https:\/\/topdisc.fi\/sv\/wp-json\/wp\/v2\/product_brand?post=116913"},{"taxonomy":"product_cat","embeddable":true,"href":"https:\/\/topdisc.fi\/sv\/wp-json\/wp\/v2\/product_cat?post=116913"},{"taxonomy":"product_tag","embeddable":true,"href":"https:\/\/topdisc.fi\/sv\/wp-json\/wp\/v2\/product_tag?post=116913"}],"curies":[{"name":"wp","href":"https:\/\/api.w.org\/{rel}","templated":true}]}}