{"id":125159,"date":"2023-11-22T20:11:38","date_gmt":"2023-11-22T18:11:38","guid":{"rendered":"https:\/\/topdisc.fi\/?post_type=product&#038;p=125159"},"modified":"2026-01-21T17:51:42","modified_gmt":"2026-01-21T15:51:42","slug":"innova-halo-firebird-2","status":"publish","type":"product","link":"https:\/\/topdisc.fi\/sv\/produkt\/innova-halo-firebird-2\/","title":{"rendered":"Innova Halo Star Firebird"},"content":{"rendered":"<p>Innova Halo Star Firebird \u2013 Flygbetyg: 9 3 0 4<\/p>\n<p>Innova Firebird \u00e4r en extremt stabil 9-v\u00e4xlad f\u00f6rare. Firebird erbjuder p\u00e5litlig stabilitet och slutblekning under alla f\u00f6rh\u00e5llanden. Firebird \u00e4r l\u00e4mplig f\u00f6r exakta hyzerkast fr\u00e5n b\u00e5de handleden och handflatan. Firebird fungerar \u00e4ven f\u00f6r l\u00e5nga flexkast. En s\u00e5dan puck borde finnas i allas v\u00e4ska! Halo Star plast \u00e4r en tv\u00e5f\u00e4rgad premiumplastblandning som har vunnit stor popularitet inom Innova. Halo Star motsvarar Innovan Star-plast, som har en sk\u00f6n k\u00e4nsla och \u00e4r h\u00e5llbar. Halo Star-plast \u00e4r dock ofta lite stabilare \u00e4n Star-plast.<\/p>","protected":false},"excerpt":{"rendered":"<p>Innova Halo Star Firebird \u2013 Flygbetyg: 9 3 0 4<\/p>\n<p>Innova Firebird \u00e4r en extremt stabil 9-v\u00e4xlad f\u00f6rare. Firebird erbjuder p\u00e5litlig stabilitet och slutblekning under alla f\u00f6rh\u00e5llanden. Firebird \u00e4r l\u00e4mplig f\u00f6r exakta hyzerkast fr\u00e5n b\u00e5de handleden och handflatan. Firebird fungerar \u00e4ven f\u00f6r l\u00e5nga flexkast. En s\u00e5dan puck borde finnas i allas v\u00e4ska! Halo Star plast \u00e4r en tv\u00e5f\u00e4rgad premiumplastblandning som har vunnit stor popularitet inom Innova. Halo Star motsvarar Innovan Star-plast, som har en sk\u00f6n k\u00e4nsla och \u00e4r h\u00e5llbar. Halo Star-plast \u00e4r dock ofta lite stabilare \u00e4n Star-plast.<\/p>","protected":false},"featured_media":23339,"comment_status":"open","ping_status":"closed","template":"","meta":{"_acf_changed":false,"om_disable_all_campaigns":false,"_improvement_type_select":"improve_an_existing","_thumb_yes_seoaic":false,"_frame_yes_seoaic":false,"seoaic_generate_description":"","seoaic_improve_instructions_prompt":"","seoaic_rollback_content_improvement":"","seoaic_idea_thumbnail_generator":"","thumbnail_generated":false,"thumbnail_generate_prompt":"","seoaic_article_description":""},"product_brand":[4854],"product_cat":[1847,1817],"product_tag":[],"class_list":{"0":"post-125159","1":"product","2":"type-product","3":"status-publish","4":"has-post-thumbnail","6":"product_brand-innova","7":"product_cat-uudet-innova-kiekot","8":"product_cat-uudet-kiekot","9":"pa_feidi-289","10":"pa_liito-272","11":"pa_nopeus-263","12":"pa_paino-326","13":"pa_vakaus-zero","14":"pa_valmistajat-innova","16":"first","17":"instock","18":"taxable","19":"shipping-taxable","20":"purchasable","21":"product-type-simple"},"acf":[],"_links":{"self":[{"href":"https:\/\/topdisc.fi\/sv\/wp-json\/wp\/v2\/product\/125159","targetHints":{"allow":["GET"]}}],"collection":[{"href":"https:\/\/topdisc.fi\/sv\/wp-json\/wp\/v2\/product"}],"about":[{"href":"https:\/\/topdisc.fi\/sv\/wp-json\/wp\/v2\/types\/product"}],"replies":[{"embeddable":true,"href":"https:\/\/topdisc.fi\/sv\/wp-json\/wp\/v2\/comments?post=125159"}],"version-history":[{"count":1,"href":"https:\/\/topdisc.fi\/sv\/wp-json\/wp\/v2\/product\/125159\/revisions"}],"predecessor-version":[{"id":262207,"href":"https:\/\/topdisc.fi\/sv\/wp-json\/wp\/v2\/product\/125159\/revisions\/262207"}],"wp:featuredmedia":[{"embeddable":true,"href":"https:\/\/topdisc.fi\/sv\/wp-json\/wp\/v2\/media\/23339"}],"wp:attachment":[{"href":"https:\/\/topdisc.fi\/sv\/wp-json\/wp\/v2\/media?parent=125159"}],"wp:term":[{"taxonomy":"product_brand","embeddable":true,"href":"https:\/\/topdisc.fi\/sv\/wp-json\/wp\/v2\/product_brand?post=125159"},{"taxonomy":"product_cat","embeddable":true,"href":"https:\/\/topdisc.fi\/sv\/wp-json\/wp\/v2\/product_cat?post=125159"},{"taxonomy":"product_tag","embeddable":true,"href":"https:\/\/topdisc.fi\/sv\/wp-json\/wp\/v2\/product_tag?post=125159"}],"curies":[{"name":"wp","href":"https:\/\/api.w.org\/{rel}","templated":true}]}}