{"id":127624,"date":"2023-11-22T20:55:01","date_gmt":"2023-11-22T18:55:01","guid":{"rendered":"https:\/\/topdisc.fi\/?post_type=product&#038;p=127624"},"modified":"2026-01-31T13:32:26","modified_gmt":"2026-01-31T11:32:26","slug":"prodigy-disc-400-fx-2-sp-logo-andidye","status":"publish","type":"product","link":"https:\/\/topdisc.fi\/sv\/produkt\/prodigy-disc-400-fx-2-sp-logo-andidye\/","title":{"rendered":"Prodigy Disc 400 FX-2 \u2013 SP-logotyp Andidye"},"content":{"rendered":"<p>Prodigy Disc 400 FX-2 \u2013 SP-logotyp Andidye<\/p>\n<p>Flygv\u00e4rden: 9 4 -1 3<\/p>\n<p>FX-2 \u00e4r en extremt stabil och snabb fairway-f\u00f6rare med en n\u00e5got bredare kant j\u00e4mf\u00f6rt med skivor i F-serien. P\u00e5 grund av sin extra stabilitet \u00e4r den valet av m\u00e5nga toppspelare f\u00f6r l\u00e5nga men kontrollerade kast \u00e4ven i bl\u00e5siga f\u00f6rh\u00e5llanden. F\u00f6r nyb\u00f6rjar- eller medelspelare fungerar FX-2 f\u00f6r starka kurvbollar. <b>F\u00e4rgen p\u00e5 trycket och nyansen p\u00e5 skivan kanske inte matchar produktbilden.<\/b><\/p>","protected":false},"excerpt":{"rendered":"<p>Prodigy Disc 400 FX-2 \u2013 SP-logotyp Andidye<\/p>\n<p>Flygv\u00e4rden: 9 4 -1 3<\/p>\n<p>FX-2 \u00e4r en extremt stabil och snabb fairway-f\u00f6rare med en n\u00e5got bredare kant j\u00e4mf\u00f6rt med skivor i F-serien. P\u00e5 grund av sin extra stabilitet \u00e4r den valet av m\u00e5nga toppspelare f\u00f6r l\u00e5nga men kontrollerade kast \u00e4ven i bl\u00e5siga f\u00f6rh\u00e5llanden. F\u00f6r nyb\u00f6rjar- eller medelspelare fungerar FX-2 f\u00f6r starka kurvbollar. <b>F\u00e4rgen p\u00e5 trycket och nyansen p\u00e5 skivan kanske inte matchar produktbilden.<\/b><\/p>","protected":false},"featured_media":235330,"comment_status":"open","ping_status":"closed","template":"","meta":{"_acf_changed":false,"om_disable_all_campaigns":false,"_improvement_type_select":"improve_an_existing","_thumb_yes_seoaic":false,"_frame_yes_seoaic":false,"seoaic_generate_description":"","seoaic_improve_instructions_prompt":"","seoaic_rollback_content_improvement":"","seoaic_idea_thumbnail_generator":"","thumbnail_generated":false,"thumbnail_generate_prompt":"","seoaic_article_description":""},"product_brand":[4872],"product_cat":[1832,678,3783,1817],"product_tag":[4885,555],"class_list":{"0":"post-127624","1":"product","2":"type-product","3":"status-publish","4":"has-post-thumbnail","6":"product_brand-prodigy-disc","7":"product_cat-uudet-prodigy-kiekot","8":"product_cat-spessut","9":"product_cat-syysale","10":"product_cat-uudet-kiekot","11":"product_tag-ale","12":"product_tag-driver","13":"pa_feidi-288","14":"pa_liito-273","15":"pa_nopeus-263","16":"pa_paino-325","17":"pa_vakaus-281","18":"pa_valmistajat-prodigy-discs","20":"first","21":"instock","22":"taxable","23":"shipping-taxable","24":"purchasable","25":"product-type-simple"},"acf":[],"_links":{"self":[{"href":"https:\/\/topdisc.fi\/sv\/wp-json\/wp\/v2\/product\/127624","targetHints":{"allow":["GET"]}}],"collection":[{"href":"https:\/\/topdisc.fi\/sv\/wp-json\/wp\/v2\/product"}],"about":[{"href":"https:\/\/topdisc.fi\/sv\/wp-json\/wp\/v2\/types\/product"}],"replies":[{"embeddable":true,"href":"https:\/\/topdisc.fi\/sv\/wp-json\/wp\/v2\/comments?post=127624"}],"version-history":[{"count":1,"href":"https:\/\/topdisc.fi\/sv\/wp-json\/wp\/v2\/product\/127624\/revisions"}],"predecessor-version":[{"id":257404,"href":"https:\/\/topdisc.fi\/sv\/wp-json\/wp\/v2\/product\/127624\/revisions\/257404"}],"wp:featuredmedia":[{"embeddable":true,"href":"https:\/\/topdisc.fi\/sv\/wp-json\/wp\/v2\/media\/235330"}],"wp:attachment":[{"href":"https:\/\/topdisc.fi\/sv\/wp-json\/wp\/v2\/media?parent=127624"}],"wp:term":[{"taxonomy":"product_brand","embeddable":true,"href":"https:\/\/topdisc.fi\/sv\/wp-json\/wp\/v2\/product_brand?post=127624"},{"taxonomy":"product_cat","embeddable":true,"href":"https:\/\/topdisc.fi\/sv\/wp-json\/wp\/v2\/product_cat?post=127624"},{"taxonomy":"product_tag","embeddable":true,"href":"https:\/\/topdisc.fi\/sv\/wp-json\/wp\/v2\/product_tag?post=127624"}],"curies":[{"name":"wp","href":"https:\/\/api.w.org\/{rel}","templated":true}]}}