{"id":127983,"date":"2023-11-22T21:01:22","date_gmt":"2023-11-22T19:01:22","guid":{"rendered":"https:\/\/topdisc.fi\/?post_type=product&#038;p=127983"},"modified":"2026-01-27T17:52:48","modified_gmt":"2026-01-27T15:52:48","slug":"prodigy-disc-500-a3-3","status":"publish","type":"product","link":"https:\/\/topdisc.fi\/sv\/produkt\/prodigy-disc-500-a3-3\/","title":{"rendered":"Prodigy Disc 500 A3"},"content":{"rendered":"<p>A3 \u00e4r en stabil och mycket klibbig ansatspuck som t\u00e5l h\u00e5rda kast \u00e4ven i bl\u00e5siga f\u00f6rh\u00e5llanden. P\u00e5 grund av sin tillf\u00f6rlitliga slutkurva \u00e4r A3 ett utm\u00e4rkt val f\u00f6r inriktningspuck f\u00f6r spelare p\u00e5 alla niv\u00e5er. \u00a0 <b>Nyansen p\u00e5 skivan och f\u00e4rgen p\u00e5 trycket varierar och kanske inte alltid matchar produktbilden<\/b>.<\/p>","protected":false},"excerpt":{"rendered":"<p>Prodigy Disc 500 A3 Flygv\u00e4rden: 4 4 -1 3 Vikt: 171-174g<\/p>","protected":false},"featured_media":21515,"comment_status":"open","ping_status":"closed","template":"","meta":{"_acf_changed":false,"om_disable_all_campaigns":false,"_improvement_type_select":"improve_an_existing","_thumb_yes_seoaic":false,"_frame_yes_seoaic":false,"seoaic_generate_description":"","seoaic_improve_instructions_prompt":"","seoaic_rollback_content_improvement":"","seoaic_idea_thumbnail_generator":"","thumbnail_generated":false,"thumbnail_generate_prompt":"","seoaic_article_description":""},"product_brand":[4872],"product_cat":[1806,1832,1817],"product_tag":[566],"class_list":{"0":"post-127983","1":"product","2":"type-product","3":"status-publish","4":"has-post-thumbnail","6":"product_brand-prodigy-disc","7":"product_cat-kaytetyt-frisbeegolfkiekot","8":"product_cat-uudet-prodigy-kiekot","9":"product_cat-uudet-kiekot","10":"product_tag-midari","11":"pa_feidi-288","12":"pa_liito-273","13":"pa_nopeus-258","14":"pa_paino-325","15":"pa_vakaus-281","16":"pa_valmistajat-prodigy-discs","17":"pa_vari-persikka","19":"first","20":"instock","21":"sale","22":"taxable","23":"shipping-taxable","24":"purchasable","25":"product-type-variable"},"acf":[],"_links":{"self":[{"href":"https:\/\/topdisc.fi\/sv\/wp-json\/wp\/v2\/product\/127983","targetHints":{"allow":["GET"]}}],"collection":[{"href":"https:\/\/topdisc.fi\/sv\/wp-json\/wp\/v2\/product"}],"about":[{"href":"https:\/\/topdisc.fi\/sv\/wp-json\/wp\/v2\/types\/product"}],"replies":[{"embeddable":true,"href":"https:\/\/topdisc.fi\/sv\/wp-json\/wp\/v2\/comments?post=127983"}],"version-history":[{"count":1,"href":"https:\/\/topdisc.fi\/sv\/wp-json\/wp\/v2\/product\/127983\/revisions"}],"predecessor-version":[{"id":264216,"href":"https:\/\/topdisc.fi\/sv\/wp-json\/wp\/v2\/product\/127983\/revisions\/264216"}],"wp:featuredmedia":[{"embeddable":true,"href":"https:\/\/topdisc.fi\/sv\/wp-json\/wp\/v2\/media\/21515"}],"wp:attachment":[{"href":"https:\/\/topdisc.fi\/sv\/wp-json\/wp\/v2\/media?parent=127983"}],"wp:term":[{"taxonomy":"product_brand","embeddable":true,"href":"https:\/\/topdisc.fi\/sv\/wp-json\/wp\/v2\/product_brand?post=127983"},{"taxonomy":"product_cat","embeddable":true,"href":"https:\/\/topdisc.fi\/sv\/wp-json\/wp\/v2\/product_cat?post=127983"},{"taxonomy":"product_tag","embeddable":true,"href":"https:\/\/topdisc.fi\/sv\/wp-json\/wp\/v2\/product_tag?post=127983"}],"curies":[{"name":"wp","href":"https:\/\/api.w.org\/{rel}","templated":true}]}}