{"id":136627,"date":"2023-12-13T15:45:27","date_gmt":"2023-12-13T13:45:27","guid":{"rendered":"https:\/\/topdisc.fi\/?post_type=product&#038;p=136627"},"modified":"2026-01-27T17:52:45","modified_gmt":"2026-01-27T15:52:45","slug":"prodigy-disc-pa3-archer","status":"publish","type":"product","link":"https:\/\/topdisc.fi\/sv\/produkt\/prodigy-disc-pa3-archer\/","title":{"rendered":"Prodigy Disc 500 Spectrum PA-3 B\u00e5gskytten \u2013 V\u00e4in\u00f6 M\u00e4kel\u00e4 Signature"},"content":{"rendered":"<p>Kolla in den speciella 2023 Collector&#039;s Edition, Prodigy PA3 &quot;The Archer&quot;! Denna puck \u00e4r gjord av premium 500-spektrumplast och designades i fullt samarbete med 2021 \u00e5rs finska m\u00e4stare, V\u00e4in\u00f6 M\u00e4kel\u00e4. Skivan \u00e4r utrustad med V\u00e4in\u00f6s igenk\u00e4nnliga &#039;The Archer&#039;-st\u00e4mpel, vilket g\u00f6r den till ett viktigt k\u00f6p f\u00f6r entusiaster och samlare.<\/p>\n<p>N\u00e4r du k\u00f6per den h\u00e4r produkten st\u00f6djer du direkt V\u00e4in\u00f6 M\u00e4kel\u00e4s turn\u00e9aktiviteter, vilket g\u00f6r denna skiva inte bara bra att spela, utan ocks\u00e5 en del av att st\u00f6dja den finska diskustraditionen.<\/p>\n<p>PA3 \u00e4r Prodigy Discs b\u00e4sts\u00e4ljande putter, vars raka och stabila bana m\u00f6jligg\u00f6r exakt siktning mot korgen. Den \u00e4r p\u00e4rlad och g\u00f6r det l\u00e4ttare att ta ut skivan.<\/p>\n<p><i>F\u00e4rgen p\u00e5 utskriften och skivans ton kanske inte matchar<\/i><\/p>\n<p><a href=\"https:\/\/topdisc.fi\/wp-content\/uploads\/2023\/12\/prodigy_pa_3_flight_chart_1024x1024.webp\"><img loading=\"lazy\" decoding=\"async\" class=\"alignnone size-medium wp-image-136646\" src=\"https:\/\/topdisc.fi\/wp-content\/uploads\/2023\/12\/prodigy_pa_3_flight_chart_1024x1024-318x300.webp\" alt=\"\" width=\"318\" height=\"300\" srcset=\"https:\/\/topdisc.fi\/wp-content\/uploads\/2023\/12\/prodigy_pa_3_flight_chart_1024x1024-318x300.webp 318w, https:\/\/topdisc.fi\/wp-content\/uploads\/2023\/12\/prodigy_pa_3_flight_chart_1024x1024-430x406.webp 430w, https:\/\/topdisc.fi\/wp-content\/uploads\/2023\/12\/prodigy_pa_3_flight_chart_1024x1024-150x142.webp 150w, https:\/\/topdisc.fi\/wp-content\/uploads\/2023\/12\/prodigy_pa_3_flight_chart_1024x1024-700x660.webp 700w, https:\/\/topdisc.fi\/wp-content\/uploads\/2023\/12\/prodigy_pa_3_flight_chart_1024x1024-848x800.webp 848w, https:\/\/topdisc.fi\/wp-content\/uploads\/2023\/12\/prodigy_pa_3_flight_chart_1024x1024-768x725.webp 768w, https:\/\/topdisc.fi\/wp-content\/uploads\/2023\/12\/prodigy_pa_3_flight_chart_1024x1024-13x12.webp 13w, https:\/\/topdisc.fi\/wp-content\/uploads\/2023\/12\/prodigy_pa_3_flight_chart_1024x1024.webp 1024w\" sizes=\"auto, (max-width: 318px) 100vw, 318px\" \/><\/a><\/p>","protected":false},"excerpt":{"rendered":"<p>Pa3 The Archer \u00e4r den mest raktflygande puttern med l\u00e5g kant i Prodigy Disc-kollektionen. Pa3 l\u00e4mpar sig mycket bra f\u00f6r infallskast och puttar f\u00f6r b\u00e5de nyb\u00f6rjare och t\u00e4vlingsspelare. Denna putter bibeh\u00e5ller tillf\u00f6rlitligt sin raka bana till slutet. Den absoluta favoritputtern f\u00f6r m\u00e5nga entusiaster och proffsspelare. <i>F\u00e4rgen p\u00e5 trycket och nyansen p\u00e5 skivan kanske inte matchar produktbilden.<\/i><\/p>","protected":false},"featured_media":148120,"comment_status":"open","ping_status":"closed","template":"","meta":{"_acf_changed":false,"om_disable_all_campaigns":false,"_improvement_type_select":"improve_an_existing","_thumb_yes_seoaic":false,"_frame_yes_seoaic":false,"seoaic_generate_description":"","seoaic_improve_instructions_prompt":"","seoaic_rollback_content_improvement":"","seoaic_idea_thumbnail_generator":"","thumbnail_generated":false,"thumbnail_generate_prompt":"","seoaic_article_description":""},"product_brand":[4872],"product_cat":[1832,678,1817],"product_tag":[1944],"class_list":{"0":"post-136627","1":"product","2":"type-product","3":"status-publish","4":"has-post-thumbnail","6":"product_brand-prodigy-disc","7":"product_cat-uudet-prodigy-kiekot","8":"product_cat-spessut","9":"product_cat-uudet-kiekot","10":"product_tag-vakaa","11":"pa_feidi-286","12":"pa_liito-273","13":"pa_nopeus-257","14":"pa_paino-322","15":"pa_paino-323","16":"pa_paino-324","17":"pa_paino-325","18":"pa_paino-326","19":"pa_vakaus-zero","20":"pa_valmistajat-prodigy-discs","22":"first","23":"instock","24":"taxable","25":"shipping-taxable","26":"purchasable","27":"product-type-variable","28":"has-default-attributes"},"acf":[],"_links":{"self":[{"href":"https:\/\/topdisc.fi\/sv\/wp-json\/wp\/v2\/product\/136627","targetHints":{"allow":["GET"]}}],"collection":[{"href":"https:\/\/topdisc.fi\/sv\/wp-json\/wp\/v2\/product"}],"about":[{"href":"https:\/\/topdisc.fi\/sv\/wp-json\/wp\/v2\/types\/product"}],"replies":[{"embeddable":true,"href":"https:\/\/topdisc.fi\/sv\/wp-json\/wp\/v2\/comments?post=136627"}],"version-history":[{"count":1,"href":"https:\/\/topdisc.fi\/sv\/wp-json\/wp\/v2\/product\/136627\/revisions"}],"predecessor-version":[{"id":264209,"href":"https:\/\/topdisc.fi\/sv\/wp-json\/wp\/v2\/product\/136627\/revisions\/264209"}],"wp:featuredmedia":[{"embeddable":true,"href":"https:\/\/topdisc.fi\/sv\/wp-json\/wp\/v2\/media\/148120"}],"wp:attachment":[{"href":"https:\/\/topdisc.fi\/sv\/wp-json\/wp\/v2\/media?parent=136627"}],"wp:term":[{"taxonomy":"product_brand","embeddable":true,"href":"https:\/\/topdisc.fi\/sv\/wp-json\/wp\/v2\/product_brand?post=136627"},{"taxonomy":"product_cat","embeddable":true,"href":"https:\/\/topdisc.fi\/sv\/wp-json\/wp\/v2\/product_cat?post=136627"},{"taxonomy":"product_tag","embeddable":true,"href":"https:\/\/topdisc.fi\/sv\/wp-json\/wp\/v2\/product_tag?post=136627"}],"curies":[{"name":"wp","href":"https:\/\/api.w.org\/{rel}","templated":true}]}}