{"id":136933,"date":"2023-12-16T14:57:51","date_gmt":"2023-12-16T12:57:51","guid":{"rendered":"https:\/\/topdisc.fi\/?post_type=product&#038;p=136933"},"modified":"2024-04-18T13:41:42","modified_gmt":"2024-04-18T10:41:42","slug":"topdisc-lahjakortti-2","status":"publish","type":"product","link":"https:\/\/topdisc.fi\/sv\/produkt\/topdisc-lahjakortti-2\/","title":{"rendered":"Topdisc presentkort"},"content":{"rendered":"<p><strong>Varf\u00f6r v\u00e4lja ett Topdisc-presentkort?<\/strong><\/p>\n<p>V\u00e5ra presentkort t\u00e4cker toppprodukter f\u00f6r frisbeegolf. V\u00e5rt utbud inneh\u00e5ller h\u00f6gkvalitativa puckar, ergonomiska v\u00e4skor, snygga kl\u00e4der och allt du beh\u00f6ver f\u00f6r att uppn\u00e5 den b\u00e4sta spelupplevelsen.<\/p>\n<p>Personalen i v\u00e5r specialbutik \u00e4r dedikerad till frisbeegolf. De hj\u00e4lper mottagaren av g\u00e5van att v\u00e4lja den utrustning och de f\u00f6rn\u00f6denheter som \u00e4r precis r\u00e4tt f\u00f6r honom.<\/p>\n<p><strong>Hur best\u00e4ller jag ett Topdisc-presentkort?<\/strong><\/p>\n<p>V\u00e4lj \u00f6nskat belopp du vill donera. G\u00e5 till kassan och v\u00e4lj \u00f6nskad betalningsmetod.<\/p>\n<p>Du f\u00e5r ett presentkort i din e-post.<\/p>\n<p>Presentkortet kan skrivas ut eller skickas vidare till mottagaren.<\/p>\n<p>Presentkortet fungerar i topdiscs webbutik och butik<\/p>\n<p>Presentkortet \u00e4r giltigt i ett \u00e5r fram till ink\u00f6psdatum.<\/p>","protected":false},"excerpt":{"rendered":"<p>Topdisc-presentkortet ger dig en rabatt motsvarande summan du k\u00f6pt f\u00f6r ett eng\u00e5ngsk\u00f6p i butik och online.<\/p>\n<p>Vi skickar presentkortet via e-post efter k\u00f6p av produkten.<\/p>","protected":false},"featured_media":136958,"comment_status":"open","ping_status":"closed","template":"","meta":{"_acf_changed":false,"om_disable_all_campaigns":false,"_improvement_type_select":"improve_an_existing","_thumb_yes_seoaic":false,"_frame_yes_seoaic":false,"seoaic_generate_description":"","seoaic_improve_instructions_prompt":"","seoaic_rollback_content_improvement":"","seoaic_idea_thumbnail_generator":"","thumbnail_generated":false,"thumbnail_generate_prompt":"","seoaic_article_description":""},"product_brand":[],"product_cat":[2724,1921,2750],"product_tag":[],"class_list":{"0":"post-136933","1":"product","2":"type-product","3":"status-publish","4":"has-post-thumbnail","6":"product_cat-muut-tuotteet","7":"product_cat-lahjakortit","8":"product_cat-uncategorized-3","9":"pa_lahjakortti-1980","10":"pa_lahjakortti-1977","11":"pa_lahjakortti-1978","12":"pa_lahjakortti-1981","13":"pa_lahjakortti-1979","14":"pa_lahjakortti-1962","15":"pa_lahjakortti-1982","16":"pa_lahjakortti-1965","17":"pa_lahjakortti-1983","18":"pa_lahjakortti-1963","19":"pa_lahjakortti-1984","20":"pa_lahjakortti-1966","21":"pa_lahjakortti-1964","22":"pa_lahjakortti-1967","23":"pa_lahjakortti-1968","24":"pa_lahjakortti-1969","25":"pa_lahjakortti-1970","26":"pa_lahjakortti-1971","27":"pa_lahjakortti-1972","28":"pa_lahjakortti-1973","29":"pa_lahjakortti-1974","30":"pa_lahjakortti-1975","31":"pa_lahjakortti-1976","33":"first","34":"instock","35":"taxable","36":"shipping-taxable","37":"purchasable","38":"product-type-variable"},"acf":[],"_links":{"self":[{"href":"https:\/\/topdisc.fi\/sv\/wp-json\/wp\/v2\/product\/136933","targetHints":{"allow":["GET"]}}],"collection":[{"href":"https:\/\/topdisc.fi\/sv\/wp-json\/wp\/v2\/product"}],"about":[{"href":"https:\/\/topdisc.fi\/sv\/wp-json\/wp\/v2\/types\/product"}],"replies":[{"embeddable":true,"href":"https:\/\/topdisc.fi\/sv\/wp-json\/wp\/v2\/comments?post=136933"}],"version-history":[{"count":0,"href":"https:\/\/topdisc.fi\/sv\/wp-json\/wp\/v2\/product\/136933\/revisions"}],"wp:featuredmedia":[{"embeddable":true,"href":"https:\/\/topdisc.fi\/sv\/wp-json\/wp\/v2\/media\/136958"}],"wp:attachment":[{"href":"https:\/\/topdisc.fi\/sv\/wp-json\/wp\/v2\/media?parent=136933"}],"wp:term":[{"taxonomy":"product_brand","embeddable":true,"href":"https:\/\/topdisc.fi\/sv\/wp-json\/wp\/v2\/product_brand?post=136933"},{"taxonomy":"product_cat","embeddable":true,"href":"https:\/\/topdisc.fi\/sv\/wp-json\/wp\/v2\/product_cat?post=136933"},{"taxonomy":"product_tag","embeddable":true,"href":"https:\/\/topdisc.fi\/sv\/wp-json\/wp\/v2\/product_tag?post=136933"}],"curies":[{"name":"wp","href":"https:\/\/api.w.org\/{rel}","templated":true}]}}