{"id":143256,"date":"2024-01-28T12:28:07","date_gmt":"2024-01-28T10:28:07","guid":{"rendered":"https:\/\/topdisc.fi\/?post_type=product&#038;p=143256"},"modified":"2026-01-21T17:17:50","modified_gmt":"2026-01-21T15:17:50","slug":"discraft-esp-force-paul-mcbeth-5x-world-champion-4","status":"publish","type":"product","link":"https:\/\/topdisc.fi\/sv\/produkt\/discraft-esp-force-paul-mcbeth-5x-world-champion-4\/","title":{"rendered":"Discraft Esp Force - Paul McBeth 5x v\u00e4rldsm\u00e4stare"},"content":{"rendered":"<p>Discraft Esp Force - Paul McBeth 5x v\u00e4rldsm\u00e4stare<\/p>\n<p>Flygv\u00e4rden: 12 5 0 3<\/p>\n<p>Skick: C+<\/p>\n<p>Vikt: 176g<\/p>\n<p>Mark\u00f6rer: Rimmi<\/p>","protected":false},"excerpt":{"rendered":"<p>Discraft Esp Force - Paul McBeth 5x v\u00e4rldsm\u00e4stare<\/p>\n<p>Flygv\u00e4rden: 12 5 0 3<\/p>\n<p>Skick: C+<\/p>\n<p>Vikt: 176g<\/p>\n<p>Mark\u00f6rer: Rimmi<\/p>\n<p>\u00c4ven slitage<\/p>","protected":false},"featured_media":143604,"comment_status":"open","ping_status":"closed","template":"","meta":{"_acf_changed":false,"om_disable_all_campaigns":false,"_improvement_type_select":"improve_an_existing","_thumb_yes_seoaic":false,"_frame_yes_seoaic":false,"seoaic_generate_description":"","seoaic_improve_instructions_prompt":"","seoaic_rollback_content_improvement":"","seoaic_idea_thumbnail_generator":"","thumbnail_generated":false,"thumbnail_generate_prompt":"","seoaic_article_description":""},"product_brand":[4856],"product_cat":[2628,1841,1813,4670,1809,1806],"product_tag":[],"class_list":{"0":"post-143256","1":"product","2":"type-product","3":"status-publish","4":"has-post-thumbnail","6":"product_brand-discraft","7":"product_cat-discraft","8":"product_cat-discraft-kaytetyt-driverit-discraft-kaytetyt-frisbeegolfkiekot-2","9":"product_cat-discraft-kaytetyt-frisbeegolfkiekot","10":"product_cat-inv","11":"product_cat-driverit","12":"product_cat-kaytetyt-frisbeegolfkiekot","13":"pa_feidi-288","14":"pa_kunto-c-2","15":"pa_liito-274","16":"pa_nopeus-266","17":"pa_paino-331","18":"pa_vakaus-zero","19":"pa_valmistajat-discraft","21":"first","22":"instock","23":"shipping-taxable","24":"purchasable","25":"product-type-simple"},"acf":[],"_links":{"self":[{"href":"https:\/\/topdisc.fi\/sv\/wp-json\/wp\/v2\/product\/143256","targetHints":{"allow":["GET"]}}],"collection":[{"href":"https:\/\/topdisc.fi\/sv\/wp-json\/wp\/v2\/product"}],"about":[{"href":"https:\/\/topdisc.fi\/sv\/wp-json\/wp\/v2\/types\/product"}],"replies":[{"embeddable":true,"href":"https:\/\/topdisc.fi\/sv\/wp-json\/wp\/v2\/comments?post=143256"}],"version-history":[{"count":1,"href":"https:\/\/topdisc.fi\/sv\/wp-json\/wp\/v2\/product\/143256\/revisions"}],"predecessor-version":[{"id":261697,"href":"https:\/\/topdisc.fi\/sv\/wp-json\/wp\/v2\/product\/143256\/revisions\/261697"}],"wp:featuredmedia":[{"embeddable":true,"href":"https:\/\/topdisc.fi\/sv\/wp-json\/wp\/v2\/media\/143604"}],"wp:attachment":[{"href":"https:\/\/topdisc.fi\/sv\/wp-json\/wp\/v2\/media?parent=143256"}],"wp:term":[{"taxonomy":"product_brand","embeddable":true,"href":"https:\/\/topdisc.fi\/sv\/wp-json\/wp\/v2\/product_brand?post=143256"},{"taxonomy":"product_cat","embeddable":true,"href":"https:\/\/topdisc.fi\/sv\/wp-json\/wp\/v2\/product_cat?post=143256"},{"taxonomy":"product_tag","embeddable":true,"href":"https:\/\/topdisc.fi\/sv\/wp-json\/wp\/v2\/product_tag?post=143256"}],"curies":[{"name":"wp","href":"https:\/\/api.w.org\/{rel}","templated":true}]}}