{"id":147891,"date":"2024-02-24T13:41:21","date_gmt":"2024-02-24T11:41:21","guid":{"rendered":"https:\/\/topdisc.fi\/?post_type=product&#038;p=147891"},"modified":"2026-01-27T17:52:43","modified_gmt":"2026-01-27T15:52:43","slug":"prodigy-disc-400-fx-3-6","status":"publish","type":"product","link":"https:\/\/topdisc.fi\/sv\/produkt\/prodigy-disc-400-fx-3-6\/","title":{"rendered":"Prodigy Disc 400 FX-3"},"content":{"rendered":"<h1>Prodigy Disc 400 FX-3<\/h1>\n<p>Flygv\u00e4rden: 9 4 -1,5 2<\/p>\n<p>Skick: A<\/p>\n<p>Vikt: 173G<\/p>\n<p>Tussit: Tusssiton<\/p>\n<p>&nbsp;<\/p>\n<p>Ytterligare information: FX-3 \u00e4r en snabb och stabil fairway-f\u00f6rare med en n\u00e5got bredare kant j\u00e4mf\u00f6rt med skivorna i F-serien. Det \u00e4r mycket l\u00e5ng r\u00e4ckvidd, l\u00e4tt att kontrollera och l\u00e4mpar sig f\u00f6r spelare p\u00e5 m\u00e5nga niv\u00e5er.<\/p>","protected":false},"excerpt":{"rendered":"<h1>Prodigy Disc 400 FX-3<\/h1>\n<p>Flygv\u00e4rden: 9 4 -1,5 2<\/p>\n<p>Skick: A<\/p>\n<p>Vikt: 173G<\/p>\n<p>Tussit: Tusssiton<\/p>","protected":false},"featured_media":148809,"comment_status":"open","ping_status":"closed","template":"","meta":{"_acf_changed":false,"om_disable_all_campaigns":false,"_improvement_type_select":"improve_an_existing","_thumb_yes_seoaic":false,"_frame_yes_seoaic":false,"seoaic_generate_description":"","seoaic_improve_instructions_prompt":"","seoaic_rollback_content_improvement":"","seoaic_idea_thumbnail_generator":"","thumbnail_generated":false,"thumbnail_generate_prompt":"","seoaic_article_description":""},"product_brand":[4872],"product_cat":[4670,1810,1806,1900,1902,1764,1823],"product_tag":[],"class_list":{"0":"post-147891","1":"product","2":"type-product","3":"status-publish","4":"has-post-thumbnail","6":"product_brand-prodigy-disc","7":"product_cat-inv","8":"product_cat-fairwayt","9":"product_cat-kaytetyt-frisbeegolfkiekot","10":"product_cat-prodigy-kaikki-kiekot","11":"product_cat-prodigy-fairwayt","12":"product_cat-prodigy-kaytetyt-aloittelijakiekot","13":"product_cat-prodigy-kaytetyt-frisbeegolfkiekot-2","14":"pa_feidi-287","15":"pa_kunto-a-2","16":"pa_liito-273","17":"pa_nopeus-263","18":"pa_paino-324","19":"pa_vakaus-1-5","20":"pa_valmistajat-prodigy-discs","22":"first","23":"instock","24":"shipping-taxable","25":"purchasable","26":"product-type-simple"},"acf":[],"_links":{"self":[{"href":"https:\/\/topdisc.fi\/sv\/wp-json\/wp\/v2\/product\/147891","targetHints":{"allow":["GET"]}}],"collection":[{"href":"https:\/\/topdisc.fi\/sv\/wp-json\/wp\/v2\/product"}],"about":[{"href":"https:\/\/topdisc.fi\/sv\/wp-json\/wp\/v2\/types\/product"}],"replies":[{"embeddable":true,"href":"https:\/\/topdisc.fi\/sv\/wp-json\/wp\/v2\/comments?post=147891"}],"version-history":[{"count":1,"href":"https:\/\/topdisc.fi\/sv\/wp-json\/wp\/v2\/product\/147891\/revisions"}],"predecessor-version":[{"id":264206,"href":"https:\/\/topdisc.fi\/sv\/wp-json\/wp\/v2\/product\/147891\/revisions\/264206"}],"wp:featuredmedia":[{"embeddable":true,"href":"https:\/\/topdisc.fi\/sv\/wp-json\/wp\/v2\/media\/148809"}],"wp:attachment":[{"href":"https:\/\/topdisc.fi\/sv\/wp-json\/wp\/v2\/media?parent=147891"}],"wp:term":[{"taxonomy":"product_brand","embeddable":true,"href":"https:\/\/topdisc.fi\/sv\/wp-json\/wp\/v2\/product_brand?post=147891"},{"taxonomy":"product_cat","embeddable":true,"href":"https:\/\/topdisc.fi\/sv\/wp-json\/wp\/v2\/product_cat?post=147891"},{"taxonomy":"product_tag","embeddable":true,"href":"https:\/\/topdisc.fi\/sv\/wp-json\/wp\/v2\/product_tag?post=147891"}],"curies":[{"name":"wp","href":"https:\/\/api.w.org\/{rel}","templated":true}]}}