{"id":148900,"date":"2024-03-13T16:38:41","date_gmt":"2024-03-13T14:38:41","guid":{"rendered":"https:\/\/topdisc.fi\/?post_type=product&#038;p=148900"},"modified":"2026-01-21T15:25:19","modified_gmt":"2026-01-21T13:25:19","slug":"prodiscus-color-glow-origo","status":"publish","type":"product","link":"https:\/\/topdisc.fi\/sv\/produkt\/prodiscus-color-glow-origo\/","title":{"rendered":"Prodiscus Color Glow Original"},"content":{"rendered":"<p>Prodiscus Color Glow Original<\/p>\n<p>Origo \u00e4r en rak flyg- och l\u00e5gprofilputter utan p\u00e4rla. Stabiliteten p\u00e5 pucken \u00e4r dock bra \u00e4ven f\u00f6r n\u00e4rmande skott. Origo \u00e4r ett utm\u00e4rkt val f\u00f6r spelare p\u00e5 alla niv\u00e5er.<\/p>\n<p>Prodiscus \u00e4r en finsk skivtillverkare. Prodiscus produkter \u00e4r inhemskt i toppklass.<\/p>\n<p>Flygnummer: 3 4 0 1<\/p>\n<div id=\"jp-relatedposts\" class=\"jp-relatedposts\">\n<h3 class=\"jp-relatedposts-headline\"><\/h3>\n<div class=\"jp-relatedposts-items jp-relatedposts-items-minimal jp-relatedposts-grid\">\n<p class=\"jp-relatedposts-post jp-relatedposts-post0\" data-post-id=\"15091\" data-post-format=\"false\">\n<\/div>\n<\/div>\n<div id=\"jp-relatedposts\" class=\"jp-relatedposts\">\n<div class=\"jp-relatedposts-items jp-relatedposts-items-minimal jp-relatedposts-grid\">\n<p class=\"jp-relatedposts-post jp-relatedposts-post0\" data-post-id=\"15091\" data-post-format=\"false\">\n<\/div>\n<\/div>","protected":false},"excerpt":{"rendered":"<p>Prodiscus Color Glow Original<\/p>\n<p>Origo \u00e4r en rak flyg- och l\u00e5gprofilputter utan p\u00e4rla. Stabiliteten p\u00e5 pucken \u00e4r dock bra \u00e4ven f\u00f6r n\u00e4rmande skott. Origo \u00e4r ett utm\u00e4rkt val f\u00f6r spelare p\u00e5 alla niv\u00e5er.<\/p>\n<p>Prodiscus \u00e4r en finsk skivtillverkare. Prodiscus produkter \u00e4r inhemskt i toppklass.<\/p>\n<p>Flygnummer: 3 4 0 1<\/p>\n<div id=\"jp-relatedposts\" class=\"jp-relatedposts\">\n<h3 class=\"jp-relatedposts-headline\"><\/h3>\n<\/div>","protected":false},"featured_media":149035,"comment_status":"open","ping_status":"closed","template":"","meta":{"_acf_changed":false,"om_disable_all_campaigns":false,"_improvement_type_select":"improve_an_existing","_thumb_yes_seoaic":false,"_frame_yes_seoaic":false,"seoaic_generate_description":"","seoaic_improve_instructions_prompt":"","seoaic_rollback_content_improvement":"","seoaic_idea_thumbnail_generator":"","thumbnail_generated":false,"thumbnail_generate_prompt":"","seoaic_article_description":""},"product_brand":[],"product_cat":[1817,366,1834],"product_tag":[4862,565],"class_list":{"0":"post-148900","1":"product","2":"type-product","3":"status-publish","4":"has-post-thumbnail","6":"product_cat-uudet-kiekot","7":"product_cat-glowit","8":"product_cat-prodiscus-uudet-frisbeegolfkiekot-2","9":"product_tag-glow","10":"product_tag-putteri","11":"pa_feidi-286","12":"pa_liito-273","13":"pa_nopeus-257","14":"pa_paino-323","15":"pa_paino-324","16":"pa_paino-331","17":"pa_vakaus-zero","18":"pa_valmistajat-prodiscus","19":"pa_vari-color-glow-turkoosi","20":"pa_vari-color-glow-vaaleanpunainen","22":"first","23":"instock","24":"taxable","25":"shipping-taxable","26":"purchasable","27":"product-type-variable"},"acf":[],"_links":{"self":[{"href":"https:\/\/topdisc.fi\/sv\/wp-json\/wp\/v2\/product\/148900","targetHints":{"allow":["GET"]}}],"collection":[{"href":"https:\/\/topdisc.fi\/sv\/wp-json\/wp\/v2\/product"}],"about":[{"href":"https:\/\/topdisc.fi\/sv\/wp-json\/wp\/v2\/types\/product"}],"replies":[{"embeddable":true,"href":"https:\/\/topdisc.fi\/sv\/wp-json\/wp\/v2\/comments?post=148900"}],"version-history":[{"count":1,"href":"https:\/\/topdisc.fi\/sv\/wp-json\/wp\/v2\/product\/148900\/revisions"}],"predecessor-version":[{"id":261337,"href":"https:\/\/topdisc.fi\/sv\/wp-json\/wp\/v2\/product\/148900\/revisions\/261337"}],"wp:featuredmedia":[{"embeddable":true,"href":"https:\/\/topdisc.fi\/sv\/wp-json\/wp\/v2\/media\/149035"}],"wp:attachment":[{"href":"https:\/\/topdisc.fi\/sv\/wp-json\/wp\/v2\/media?parent=148900"}],"wp:term":[{"taxonomy":"product_brand","embeddable":true,"href":"https:\/\/topdisc.fi\/sv\/wp-json\/wp\/v2\/product_brand?post=148900"},{"taxonomy":"product_cat","embeddable":true,"href":"https:\/\/topdisc.fi\/sv\/wp-json\/wp\/v2\/product_cat?post=148900"},{"taxonomy":"product_tag","embeddable":true,"href":"https:\/\/topdisc.fi\/sv\/wp-json\/wp\/v2\/product_tag?post=148900"}],"curies":[{"name":"wp","href":"https:\/\/api.w.org\/{rel}","templated":true}]}}