{"id":148912,"date":"2024-03-13T16:49:35","date_gmt":"2024-03-13T14:49:35","guid":{"rendered":"https:\/\/topdisc.fi\/?post_type=product&#038;p=148912"},"modified":"2026-01-21T15:25:19","modified_gmt":"2026-01-21T13:25:19","slug":"prodiscus-color-glow-laseri","status":"publish","type":"product","link":"https:\/\/topdisc.fi\/sv\/produkt\/prodiscus-color-glow-laseri\/","title":{"rendered":"Prodiscus Color Glow Laser"},"content":{"rendered":"<p>Prodiscus Color Glow Laser<\/p>\n<p>Laseri \u00e4r en direktflygande och l\u00e4ttstyrd busschauff\u00f6r. Det \u00e4r en fantastisk puck f\u00f6r kontrollkast. Lasern \u00e4r l\u00e4mplig f\u00f6r spelare p\u00e5 alla niv\u00e5er.<\/p>\n<p>Prodiscus \u00e4r en finsk skivtillverkare. Prodiscus produkter \u00e4r inhemskt i toppklass.<\/p>\n<p><em>Skivans f\u00e4rg och st\u00e4mpel kan variera. Om du har n\u00e5gra speciella \u00f6nskem\u00e5l, v\u00e4nligen meddela oss i kommentarsf\u00e4ltet.<\/em><\/p>\n<p>Flygnummer: 9 4 -1 1<\/p>\n<p>&nbsp;<\/p>","protected":false},"excerpt":{"rendered":"<p>Prodiscus Color Glow Laser<\/p>\n<p>Laseri \u00e4r en direktflygande och l\u00e4ttstyrd busschauff\u00f6r. Det \u00e4r en fantastisk puck f\u00f6r kontrollkast. Lasern \u00e4r l\u00e4mplig f\u00f6r spelare p\u00e5 alla niv\u00e5er.<\/p>\n<p>Prodiscus \u00e4r en finsk skivtillverkare. Prodiscus produkter \u00e4r inhemskt i toppklass.<\/p>\n<p><em>Skivans f\u00e4rg och st\u00e4mpel kan variera. Om du har n\u00e5gra speciella \u00f6nskem\u00e5l, v\u00e4nligen meddela oss i kommentarsf\u00e4ltet.<\/em><\/p>\n<p>Flygnummer: 9 4 -1 1<\/p>\n<p>&nbsp;<\/p>","protected":false},"featured_media":149032,"comment_status":"open","ping_status":"closed","template":"","meta":{"_acf_changed":false,"om_disable_all_campaigns":false,"_improvement_type_select":"improve_an_existing","_thumb_yes_seoaic":false,"_frame_yes_seoaic":false,"seoaic_generate_description":"","seoaic_improve_instructions_prompt":"","seoaic_rollback_content_improvement":"","seoaic_idea_thumbnail_generator":"","thumbnail_generated":false,"thumbnail_generate_prompt":"","seoaic_article_description":""},"product_brand":[],"product_cat":[366,1834,1817],"product_tag":[4862],"class_list":{"0":"post-148912","1":"product","2":"type-product","3":"status-publish","4":"has-post-thumbnail","6":"product_cat-glowit","7":"product_cat-prodiscus-uudet-frisbeegolfkiekot-2","8":"product_cat-uudet-kiekot","9":"product_tag-glow","10":"pa_feidi-286","11":"pa_liito-273","12":"pa_nopeus-263","13":"pa_paino-320","14":"pa_paino-321","15":"pa_paino-324","16":"pa_vakaus-281","17":"pa_valmistajat-prodiscus","18":"pa_vari-color-glow-turkoosi","19":"pa_vari-color-glow-vaaleanpunainen","21":"first","22":"instock","23":"taxable","24":"shipping-taxable","25":"purchasable","26":"product-type-variable"},"acf":[],"_links":{"self":[{"href":"https:\/\/topdisc.fi\/sv\/wp-json\/wp\/v2\/product\/148912","targetHints":{"allow":["GET"]}}],"collection":[{"href":"https:\/\/topdisc.fi\/sv\/wp-json\/wp\/v2\/product"}],"about":[{"href":"https:\/\/topdisc.fi\/sv\/wp-json\/wp\/v2\/types\/product"}],"replies":[{"embeddable":true,"href":"https:\/\/topdisc.fi\/sv\/wp-json\/wp\/v2\/comments?post=148912"}],"version-history":[{"count":1,"href":"https:\/\/topdisc.fi\/sv\/wp-json\/wp\/v2\/product\/148912\/revisions"}],"predecessor-version":[{"id":261336,"href":"https:\/\/topdisc.fi\/sv\/wp-json\/wp\/v2\/product\/148912\/revisions\/261336"}],"wp:featuredmedia":[{"embeddable":true,"href":"https:\/\/topdisc.fi\/sv\/wp-json\/wp\/v2\/media\/149032"}],"wp:attachment":[{"href":"https:\/\/topdisc.fi\/sv\/wp-json\/wp\/v2\/media?parent=148912"}],"wp:term":[{"taxonomy":"product_brand","embeddable":true,"href":"https:\/\/topdisc.fi\/sv\/wp-json\/wp\/v2\/product_brand?post=148912"},{"taxonomy":"product_cat","embeddable":true,"href":"https:\/\/topdisc.fi\/sv\/wp-json\/wp\/v2\/product_cat?post=148912"},{"taxonomy":"product_tag","embeddable":true,"href":"https:\/\/topdisc.fi\/sv\/wp-json\/wp\/v2\/product_tag?post=148912"}],"curies":[{"name":"wp","href":"https:\/\/api.w.org\/{rel}","templated":true}]}}