{"id":149267,"date":"2024-03-17T22:10:11","date_gmt":"2024-03-17T20:10:11","guid":{"rendered":"https:\/\/topdisc.fi\/?post_type=product&#038;p=149267"},"modified":"2025-04-19T15:33:00","modified_gmt":"2025-04-19T12:33:00","slug":"premium-zipper-puller","status":"publish","type":"product","link":"https:\/\/topdisc.fi\/sv\/produkt\/premium-zipper-puller\/","title":{"rendered":"Premium blixtl\u00e5savdragare (5 st)"},"content":{"rendered":"<p>G\u00f6r frisbeegolfv\u00e4skan verkligen din med dessa stiliga Premium Dragdragare<\/p>\n<p>\u00c4r du tr\u00f6tt p\u00e5 din tr\u00e5kiga och vanliga frisbeegolfbag? Vill du sticka ut fr\u00e5n m\u00e4ngden och uttrycka din personlighet p\u00e5 planen? Nu kan du! Det nya Zipper Puller-till\u00e4gget f\u00f6r med sig m\u00f6jligheten att st\u00e4lla in din frisbee-golfbag f\u00f6r att passa dina egna preferenser.<\/p>\n<p>Detta lilla men kraftfulla till\u00e4gg ger inte bara praktiska funktioner utan ocks\u00e5 stil. V\u00e4lj bland ett brett urval av olika design som passar din stil. Oavsett om du ville ha reflekterande, neonf\u00e4rgad eller diskret elegans, har vi precis r\u00e4tt alternativ f\u00f6r dig.<\/p>\n<p>Dragkedjan \u00e4r inte bara ett visuellt till\u00e4gg. Dess h\u00e5llbara konstruktion och enkla montering s\u00e4kerst\u00e4ller att den t\u00e5l vardagsbruk och v\u00e4der. Utan att gl\u00f6mma det praktiska - Zipper Puller g\u00f6r det l\u00e4ttare att \u00f6ppna och st\u00e4nga blixtl\u00e5set, s\u00e5 att du snabbt kan komma \u00e5t inneh\u00e5llet i din v\u00e4ska.<\/p>\n<p>Ta ett steg mot en mer personlig frisbeegolfupplevelse med Zipper Puller. Var redo att st\u00e5 i centrum f\u00f6r uppm\u00e4rksamheten p\u00e5 planen och visa vem du \u00e4r. Best\u00e4ll din idag och l\u00e5t din personlighet skina<\/p>","protected":false},"excerpt":{"rendered":"<p>Premium dragkedja<\/p>\n<p>\u00c4r du tr\u00f6tt p\u00e5 din tr\u00e5kiga och vanliga frisbeegolfbag? Vill du sticka ut fr\u00e5n m\u00e4ngden och uttrycka din personlighet p\u00e5 planen? Nu kan du! Det nya Zipper Puller-till\u00e4gget f\u00f6r med sig m\u00f6jligheten att st\u00e4lla in din frisbee-golfbag f\u00f6r att passa dina egna preferenser.<\/p>","protected":false},"featured_media":149274,"comment_status":"open","ping_status":"closed","template":"","meta":{"_acf_changed":false,"om_disable_all_campaigns":false,"_improvement_type_select":"improve_an_existing","_thumb_yes_seoaic":false,"_frame_yes_seoaic":false,"seoaic_generate_description":"","seoaic_improve_instructions_prompt":"","seoaic_rollback_content_improvement":"","seoaic_idea_thumbnail_generator":"","thumbnail_generated":false,"thumbnail_generate_prompt":"","seoaic_article_description":""},"product_brand":[],"product_cat":[2724,2750],"product_tag":[],"class_list":{"0":"post-149267","1":"product","2":"type-product","3":"status-publish","4":"has-post-thumbnail","6":"product_cat-muut-tuotteet","7":"product_cat-uncategorized-3","8":"pa_vari-camo","9":"pa_vari-valkoinen","10":"pa_vari-violetti","12":"first","13":"instock","14":"taxable","15":"shipping-taxable","16":"purchasable","17":"product-type-variable"},"acf":[],"_links":{"self":[{"href":"https:\/\/topdisc.fi\/sv\/wp-json\/wp\/v2\/product\/149267","targetHints":{"allow":["GET"]}}],"collection":[{"href":"https:\/\/topdisc.fi\/sv\/wp-json\/wp\/v2\/product"}],"about":[{"href":"https:\/\/topdisc.fi\/sv\/wp-json\/wp\/v2\/types\/product"}],"replies":[{"embeddable":true,"href":"https:\/\/topdisc.fi\/sv\/wp-json\/wp\/v2\/comments?post=149267"}],"version-history":[{"count":0,"href":"https:\/\/topdisc.fi\/sv\/wp-json\/wp\/v2\/product\/149267\/revisions"}],"wp:featuredmedia":[{"embeddable":true,"href":"https:\/\/topdisc.fi\/sv\/wp-json\/wp\/v2\/media\/149274"}],"wp:attachment":[{"href":"https:\/\/topdisc.fi\/sv\/wp-json\/wp\/v2\/media?parent=149267"}],"wp:term":[{"taxonomy":"product_brand","embeddable":true,"href":"https:\/\/topdisc.fi\/sv\/wp-json\/wp\/v2\/product_brand?post=149267"},{"taxonomy":"product_cat","embeddable":true,"href":"https:\/\/topdisc.fi\/sv\/wp-json\/wp\/v2\/product_cat?post=149267"},{"taxonomy":"product_tag","embeddable":true,"href":"https:\/\/topdisc.fi\/sv\/wp-json\/wp\/v2\/product_tag?post=149267"}],"curies":[{"name":"wp","href":"https:\/\/api.w.org\/{rel}","templated":true}]}}