{"id":149500,"date":"2024-03-20T17:38:59","date_gmt":"2024-03-20T15:38:59","guid":{"rendered":"https:\/\/topdisc.fi\/?post_type=product&#038;p=149500"},"modified":"2026-01-21T17:45:22","modified_gmt":"2026-01-21T15:45:22","slug":"prodiscus-premium-amulet-prototype","status":"publish","type":"product","link":"https:\/\/topdisc.fi\/sv\/produkt\/prodiscus-premium-amulet-prototype\/","title":{"rendered":"Prodiscus Premium Amulet Prototyp"},"content":{"rendered":"<p>Prodiscus Premium Amulet Prototyp<\/p>\n<p>Flygv\u00e4rden: 5 4 1 3<\/p>\n<p>Skick: A-<\/p>\n<p>Vikt: 177g<\/p>\n<p>Mark\u00f6rer:<\/p>\n<p>En mycket stabil midar fr\u00e5n en finsk tillverkare.<\/p>\n<p><b>Premium plast<\/b><\/p>\n<p>Premiumplast \u00e4r genomskinlig, greppv\u00e4nlig och slitstark. J\u00e4mf\u00f6rbar med Innovas Champion-plast.<\/p>\n<p>Prodiscus \u00e4r ett inhemskt f\u00f6retag som tillverkar frisbeegolfprodukter. Prodiscus produkter \u00e4r inhemskt i toppklass.<\/p>","protected":false},"excerpt":{"rendered":"<p>Prodiscus Premium Amulet Prototyp<\/p>\n<p>Flygv\u00e4rden: 5 4 1 3<\/p>\n<p>Skick: A-<\/p>\n<p>Vikt: 177g<\/p>\n<p>Mark\u00f6rer:<\/p>\n<p>En mycket stabil midar fr\u00e5n en finsk tillverkare.<\/p>\n<p><b>Premium plast<\/b><\/p>\n<p>Premiumplast \u00e4r genomskinlig, greppv\u00e4nlig och slitstark. J\u00e4mf\u00f6rbar med Innovas Champion-plast.<\/p>\n<p>Prodiscus \u00e4r ett inhemskt f\u00f6retag som tillverkar frisbeegolfprodukter. Prodiscus produkter \u00e4r inhemskt i toppklass.<\/p>","protected":false},"featured_media":150268,"comment_status":"open","ping_status":"closed","template":"","meta":{"_acf_changed":false,"om_disable_all_campaigns":false,"_improvement_type_select":"improve_an_existing","_thumb_yes_seoaic":false,"_frame_yes_seoaic":false,"seoaic_generate_description":"","seoaic_improve_instructions_prompt":"","seoaic_rollback_content_improvement":"","seoaic_idea_thumbnail_generator":"","thumbnail_generated":false,"thumbnail_generate_prompt":"","seoaic_article_description":""},"product_brand":[4854],"product_cat":[1806,1811,1833,678],"product_tag":[566,839,1458,569],"class_list":{"0":"post-149500","1":"product","2":"type-product","3":"status-publish","4":"has-post-thumbnail","6":"product_brand-innova","7":"product_cat-kaytetyt-frisbeegolfkiekot","8":"product_cat-midarit","9":"product_cat-prodiscus-kaytetyt-frisbeegolfkiekot-2","10":"product_cat-spessut","11":"product_tag-midari","12":"product_tag-midrange","13":"product_tag-prototype","14":"product_tag-ylivakaa","15":"pa_feidi-286","16":"pa_kunto-a-3","17":"pa_liito-272","18":"pa_nopeus-259","19":"pa_paino-332","20":"pa_vakaus-zero","21":"pa_valmistajat-prodiscus","23":"first","24":"instock","25":"shipping-taxable","26":"purchasable","27":"product-type-simple"},"acf":[],"_links":{"self":[{"href":"https:\/\/topdisc.fi\/sv\/wp-json\/wp\/v2\/product\/149500","targetHints":{"allow":["GET"]}}],"collection":[{"href":"https:\/\/topdisc.fi\/sv\/wp-json\/wp\/v2\/product"}],"about":[{"href":"https:\/\/topdisc.fi\/sv\/wp-json\/wp\/v2\/types\/product"}],"replies":[{"embeddable":true,"href":"https:\/\/topdisc.fi\/sv\/wp-json\/wp\/v2\/comments?post=149500"}],"version-history":[{"count":1,"href":"https:\/\/topdisc.fi\/sv\/wp-json\/wp\/v2\/product\/149500\/revisions"}],"predecessor-version":[{"id":262115,"href":"https:\/\/topdisc.fi\/sv\/wp-json\/wp\/v2\/product\/149500\/revisions\/262115"}],"wp:featuredmedia":[{"embeddable":true,"href":"https:\/\/topdisc.fi\/sv\/wp-json\/wp\/v2\/media\/150268"}],"wp:attachment":[{"href":"https:\/\/topdisc.fi\/sv\/wp-json\/wp\/v2\/media?parent=149500"}],"wp:term":[{"taxonomy":"product_brand","embeddable":true,"href":"https:\/\/topdisc.fi\/sv\/wp-json\/wp\/v2\/product_brand?post=149500"},{"taxonomy":"product_cat","embeddable":true,"href":"https:\/\/topdisc.fi\/sv\/wp-json\/wp\/v2\/product_cat?post=149500"},{"taxonomy":"product_tag","embeddable":true,"href":"https:\/\/topdisc.fi\/sv\/wp-json\/wp\/v2\/product_tag?post=149500"}],"curies":[{"name":"wp","href":"https:\/\/api.w.org\/{rel}","templated":true}]}}