{"id":150756,"date":"2024-04-01T10:50:56","date_gmt":"2024-04-01T07:50:56","guid":{"rendered":"https:\/\/topdisc.fi\/?post_type=product&#038;p=150756"},"modified":"2026-01-27T17:51:13","modified_gmt":"2026-01-27T15:51:13","slug":"prodigy-disc-500-fx-2-thomas-gilbert-3","status":"publish","type":"product","link":"https:\/\/topdisc.fi\/sv\/produkt\/prodigy-disc-500-fx-2-thomas-gilbert-3\/","title":{"rendered":"Prodigy Disc 500 FX-2 - Thomas Gilbert"},"content":{"rendered":"<p>Prodigy Disc 500 FX-2 - Thomas Gilbert<\/p>\n<p>Flygv\u00e4rden: 9 4 -1 3<\/p>\n<p>Skick: B<\/p>\n<p>Vikt 172G<\/p>\n<p>Mark\u00f6rer: Ingen mark\u00f6r<\/p>\n<p>FX-2 \u00e4r en extremt stabil och snabb fairway-f\u00f6rare med en n\u00e5got bredare kant j\u00e4mf\u00f6rt med skivor i F-serien. P\u00e5 grund av sin extra stabilitet \u00e4r den valet av m\u00e5nga toppspelare f\u00f6r l\u00e5nga men kontrollerade kast \u00e4ven i bl\u00e5siga f\u00f6rh\u00e5llanden. F\u00f6r nyb\u00f6rjar- eller medelspelare fungerar FX-2 f\u00f6r starka kurvbollar. <b>F\u00e4rgen p\u00e5 trycket och nyansen p\u00e5 skivan kanske inte matchar produktbilden.<\/b><\/p>","protected":false},"excerpt":{"rendered":"<p>Prodigy Disc 500 FX-2 - Thomas Gilbert<\/p>\n<p>Flygv\u00e4rden: 9 4 -1 3<\/p>\n<p>Skick: B<\/p>\n<p>Vikt 172G<\/p>\n<p>Mark\u00f6rer: Ingen mark\u00f6r<\/p>","protected":false},"featured_media":151350,"comment_status":"open","ping_status":"closed","template":"","meta":{"_acf_changed":false,"om_disable_all_campaigns":false,"_improvement_type_select":"improve_an_existing","_thumb_yes_seoaic":false,"_frame_yes_seoaic":false,"seoaic_generate_description":"","seoaic_improve_instructions_prompt":"","seoaic_rollback_content_improvement":"","seoaic_idea_thumbnail_generator":"","thumbnail_generated":false,"thumbnail_generate_prompt":"","seoaic_article_description":""},"product_brand":[4872],"product_cat":[4670,1810,1806,1823,2621,369],"product_tag":[555],"class_list":{"0":"post-150756","1":"product","2":"type-product","3":"status-publish","4":"has-post-thumbnail","6":"product_brand-prodigy-disc","7":"product_cat-inv","8":"product_cat-fairwayt","9":"product_cat-kaytetyt-frisbeegolfkiekot","10":"product_cat-prodigy-kaytetyt-frisbeegolfkiekot-2","11":"product_cat-restockit","12":"product_cat-signature-kiekot","13":"product_tag-driver","14":"pa_feidi-288","15":"pa_kunto-b-2","16":"pa_liito-273","17":"pa_nopeus-263","18":"pa_paino-324","19":"pa_vakaus-281","20":"pa_valmistajat-prodigy-discs","22":"first","23":"instock","24":"shipping-taxable","25":"purchasable","26":"product-type-simple"},"acf":[],"_links":{"self":[{"href":"https:\/\/topdisc.fi\/sv\/wp-json\/wp\/v2\/product\/150756","targetHints":{"allow":["GET"]}}],"collection":[{"href":"https:\/\/topdisc.fi\/sv\/wp-json\/wp\/v2\/product"}],"about":[{"href":"https:\/\/topdisc.fi\/sv\/wp-json\/wp\/v2\/types\/product"}],"replies":[{"embeddable":true,"href":"https:\/\/topdisc.fi\/sv\/wp-json\/wp\/v2\/comments?post=150756"}],"version-history":[{"count":1,"href":"https:\/\/topdisc.fi\/sv\/wp-json\/wp\/v2\/product\/150756\/revisions"}],"predecessor-version":[{"id":264195,"href":"https:\/\/topdisc.fi\/sv\/wp-json\/wp\/v2\/product\/150756\/revisions\/264195"}],"wp:featuredmedia":[{"embeddable":true,"href":"https:\/\/topdisc.fi\/sv\/wp-json\/wp\/v2\/media\/151350"}],"wp:attachment":[{"href":"https:\/\/topdisc.fi\/sv\/wp-json\/wp\/v2\/media?parent=150756"}],"wp:term":[{"taxonomy":"product_brand","embeddable":true,"href":"https:\/\/topdisc.fi\/sv\/wp-json\/wp\/v2\/product_brand?post=150756"},{"taxonomy":"product_cat","embeddable":true,"href":"https:\/\/topdisc.fi\/sv\/wp-json\/wp\/v2\/product_cat?post=150756"},{"taxonomy":"product_tag","embeddable":true,"href":"https:\/\/topdisc.fi\/sv\/wp-json\/wp\/v2\/product_tag?post=150756"}],"curies":[{"name":"wp","href":"https:\/\/api.w.org\/{rel}","templated":true}]}}