{"id":219630,"date":"2024-05-14T14:20:05","date_gmt":"2024-05-14T11:20:05","guid":{"rendered":"https:\/\/topdisc.fi\/?post_type=product&#038;p=219630"},"modified":"2025-05-23T16:17:52","modified_gmt":"2025-05-23T13:17:52","slug":"flexshark","status":"publish","type":"product","link":"https:\/\/topdisc.fi\/sv\/produkt\/flexshark\/","title":{"rendered":"FlexShark"},"content":{"rendered":"<p>FlexShark \u2013 Discretrievers f\u00f6rb\u00e4ttrade spetsbit som ers\u00e4tter den medf\u00f6ljande stickan<br \/>\nkrokar kommer! FlexShark \u00e4r designad f\u00f6r att greppa puckar med v\u00e4ldigt lite<br \/>\nmed motst\u00e5nd, men det \u00e4r inte l\u00e4tt att sl\u00e4ppa pucken n\u00e4r man v\u00e4l f\u00e5tt tag i den. FlexSharks<br \/>\ntv\u00e5 t\u00e4nder, som namnet antyder, b\u00f6jer sig ur v\u00e4gen n\u00e4r pucken sl\u00e5r<br \/>\nJag kan inte. Hainev\u00e4n fungerar som en krok och kan anv\u00e4ndas f\u00f6r att flytta puckar<br \/>\nn\u00e4rmare sv\u00e5ra platser. Hainev\u00e4 \u00e4r belagd med sandpapper f\u00f6r grepp<br \/>\nf\u00f6r f\u00f6rb\u00e4ttring. Dessutom kan hajfena anv\u00e4ndas f\u00f6r bucklor och djupa repor<br \/>\nf\u00f6r utj\u00e4mning mitt i en runda. Du beh\u00f6ver verktyg f\u00f6r att f\u00e4sta FlexShark.<br \/>\nFlexShark tillverkas av 3D-utskrift i Finland.<\/p>\n<p>Material: PETG plast<br \/>\nF\u00e4rger: svart, orange, bl\u00e5, gr\u00f6n, r\u00f6d, gul och mint.<br \/>\nVikt: ~20g<br \/>\nStorlek: 7,5 cm x 5,6 cm x 1,0 cm<\/p>\n<p>Inf\u00e4stning: M5 bult (f\u00f6rsta). Passar n\u00e4stan alla 4,8 m (16 fot) l\u00e5nga retrievers (t.ex.<br \/>\nAPY stick). Vissa l\u00e4ngre retrievers kan ha ett f\u00e4ste i storlek M6. M6 storlek<br \/>\nocks\u00e5 tillg\u00e4nglig.<\/p>\n<p><strong><em>Obs: Observera att \u00e4ndring av skivor, inklusive deras <\/em><\/strong><br \/>\n<strong><em>slipning, kan g\u00f6ra dem i strid med PDGA-reglerna. F\u00f6lj alltid de officiella <\/em><\/strong><br \/>\n<strong><em>best\u00e4mmelser n\u00e4r du f\u00f6rbereder din utrustning f\u00f6r t\u00e4vling.<\/em><\/strong><\/p>","protected":false},"excerpt":{"rendered":"<p>FlexShark \u2013 Discretrievers f\u00f6rb\u00e4ttrade spetsbit som ers\u00e4tter den medf\u00f6ljande stickan<br \/>\nkrokar kommer! FlexShark \u00e4r designad f\u00f6r att greppa puckar med v\u00e4ldigt lite<br \/>\nmed motst\u00e5nd, men det \u00e4r inte l\u00e4tt att sl\u00e4ppa pucken n\u00e4r man v\u00e4l f\u00e5tt tag i den. FlexSharks<br \/>\ntv\u00e5 t\u00e4nder, som namnet antyder, b\u00f6jer sig ur v\u00e4gen n\u00e4r pucken sl\u00e5r<br \/>\nJag kan inte. Hainev\u00e4n fungerar som en krok och kan anv\u00e4ndas f\u00f6r att flytta puckar<br \/>\nn\u00e4rmare sv\u00e5ra platser. Hainev\u00e4 \u00e4r belagd med sandpapper f\u00f6r grepp<br \/>\nf\u00f6r f\u00f6rb\u00e4ttring. Dessutom kan hajfena anv\u00e4ndas f\u00f6r bucklor och djupa repor<br \/>\nf\u00f6r utj\u00e4mning mitt i en runda. Du beh\u00f6ver verktyg f\u00f6r att f\u00e4sta FlexShark.<br \/>\nFlexShark tillverkas av 3D-utskrift i Finland.<\/p>","protected":false},"featured_media":219635,"comment_status":"open","ping_status":"closed","template":"","meta":{"_acf_changed":false,"om_disable_all_campaigns":false,"_improvement_type_select":"improve_an_existing","_thumb_yes_seoaic":false,"_frame_yes_seoaic":false,"seoaic_generate_description":"","seoaic_improve_instructions_prompt":"","seoaic_rollback_content_improvement":"","seoaic_idea_thumbnail_generator":"","thumbnail_generated":false,"thumbnail_generate_prompt":"","seoaic_article_description":""},"product_brand":[],"product_cat":[2750,2724],"product_tag":[],"class_list":{"0":"post-219630","1":"product","2":"type-product","3":"status-publish","4":"has-post-thumbnail","6":"product_cat-uncategorized-3","7":"product_cat-muut-tuotteet","9":"first","10":"outofstock","11":"featured","12":"shipping-taxable","13":"product-type-variable"},"acf":[],"_links":{"self":[{"href":"https:\/\/topdisc.fi\/sv\/wp-json\/wp\/v2\/product\/219630","targetHints":{"allow":["GET"]}}],"collection":[{"href":"https:\/\/topdisc.fi\/sv\/wp-json\/wp\/v2\/product"}],"about":[{"href":"https:\/\/topdisc.fi\/sv\/wp-json\/wp\/v2\/types\/product"}],"replies":[{"embeddable":true,"href":"https:\/\/topdisc.fi\/sv\/wp-json\/wp\/v2\/comments?post=219630"}],"version-history":[{"count":0,"href":"https:\/\/topdisc.fi\/sv\/wp-json\/wp\/v2\/product\/219630\/revisions"}],"wp:featuredmedia":[{"embeddable":true,"href":"https:\/\/topdisc.fi\/sv\/wp-json\/wp\/v2\/media\/219635"}],"wp:attachment":[{"href":"https:\/\/topdisc.fi\/sv\/wp-json\/wp\/v2\/media?parent=219630"}],"wp:term":[{"taxonomy":"product_brand","embeddable":true,"href":"https:\/\/topdisc.fi\/sv\/wp-json\/wp\/v2\/product_brand?post=219630"},{"taxonomy":"product_cat","embeddable":true,"href":"https:\/\/topdisc.fi\/sv\/wp-json\/wp\/v2\/product_cat?post=219630"},{"taxonomy":"product_tag","embeddable":true,"href":"https:\/\/topdisc.fi\/sv\/wp-json\/wp\/v2\/product_tag?post=219630"}],"curies":[{"name":"wp","href":"https:\/\/api.w.org\/{rel}","templated":true}]}}