{"id":220511,"date":"2024-05-23T13:27:20","date_gmt":"2024-05-23T10:27:20","guid":{"rendered":"https:\/\/topdisc.fi\/?post_type=product&#038;p=220511"},"modified":"2024-07-10T15:36:14","modified_gmt":"2024-07-10T12:36:14","slug":"latitude-64-gold-havoc","status":"publish","type":"product","link":"https:\/\/topdisc.fi\/sv\/produkt\/latitude-64-gold-havoc\/","title":{"rendered":"Latitude 64 Gold Havoc"},"content":{"rendered":"<p>Latitude 64 Gold Havoc<\/p>\n<p>Havoc \u00e4r en supersnabb f\u00f6rare som erbjuder den l\u00e4ngd du beh\u00f6ver p\u00e5 banan utan att sakta ner. Den \u00e4r l\u00e4tt att kasta och \u00e4r perfekt f\u00f6r avancerade och professionella spelare. Den &quot;kula&quot;-formade kanten ger denna f\u00f6rare otrolig hastighet och flyg. Designad speciellt f\u00f6r avancerade spelare, var den ursprungligen t\u00e4nkt att vara en mindre stabil version av Halo-pucken.<\/p>\n<p>Flygv\u00e4rden: 13 5 -1 3<\/p>","protected":false},"excerpt":{"rendered":"<p>Latitude 64 Gold Havoc<\/p>\n<p>Havoc \u00e4r en supersnabb f\u00f6rare som erbjuder den l\u00e4ngd du beh\u00f6ver p\u00e5 banan utan att sakta ner. Den \u00e4r l\u00e4tt att kasta och \u00e4r perfekt f\u00f6r avancerade och professionella spelare. Den &quot;kula&quot;-formade kanten ger denna f\u00f6rare otrolig hastighet och flyg. Designad speciellt f\u00f6r avancerade spelare, var den ursprungligen t\u00e4nkt att vara en mindre stabil version av Halo-pucken.<\/p>\n<p>Flygv\u00e4rden: 13 5 -1 3<\/p>","protected":false},"featured_media":220515,"comment_status":"open","ping_status":"closed","template":"","meta":{"_acf_changed":false,"om_disable_all_campaigns":false,"_improvement_type_select":"improve_an_existing","_thumb_yes_seoaic":false,"_frame_yes_seoaic":false,"seoaic_generate_description":"","seoaic_improve_instructions_prompt":"","seoaic_rollback_content_improvement":"","seoaic_idea_thumbnail_generator":"","thumbnail_generated":false,"thumbnail_generate_prompt":"","seoaic_article_description":""},"product_brand":[],"product_cat":[2626,1850,1817,73],"product_tag":[],"class_list":{"0":"post-220511","1":"product","2":"type-product","3":"status-publish","4":"has-post-thumbnail","6":"product_cat-latitude-64","7":"product_cat-uudet-latitude-64-kiekot","8":"product_cat-uudet-kiekot","9":"product_cat-uutuudet","10":"pa_feidi-287","11":"pa_liito-275","12":"pa_nopeus-265","13":"pa_paino-324","14":"pa_vakaus-281","15":"pa_vari-keltainen","17":"first","18":"outofstock","19":"taxable","20":"shipping-taxable","21":"product-type-variable"},"acf":[],"_links":{"self":[{"href":"https:\/\/topdisc.fi\/sv\/wp-json\/wp\/v2\/product\/220511","targetHints":{"allow":["GET"]}}],"collection":[{"href":"https:\/\/topdisc.fi\/sv\/wp-json\/wp\/v2\/product"}],"about":[{"href":"https:\/\/topdisc.fi\/sv\/wp-json\/wp\/v2\/types\/product"}],"replies":[{"embeddable":true,"href":"https:\/\/topdisc.fi\/sv\/wp-json\/wp\/v2\/comments?post=220511"}],"version-history":[{"count":0,"href":"https:\/\/topdisc.fi\/sv\/wp-json\/wp\/v2\/product\/220511\/revisions"}],"wp:featuredmedia":[{"embeddable":true,"href":"https:\/\/topdisc.fi\/sv\/wp-json\/wp\/v2\/media\/220515"}],"wp:attachment":[{"href":"https:\/\/topdisc.fi\/sv\/wp-json\/wp\/v2\/media?parent=220511"}],"wp:term":[{"taxonomy":"product_brand","embeddable":true,"href":"https:\/\/topdisc.fi\/sv\/wp-json\/wp\/v2\/product_brand?post=220511"},{"taxonomy":"product_cat","embeddable":true,"href":"https:\/\/topdisc.fi\/sv\/wp-json\/wp\/v2\/product_cat?post=220511"},{"taxonomy":"product_tag","embeddable":true,"href":"https:\/\/topdisc.fi\/sv\/wp-json\/wp\/v2\/product_tag?post=220511"}],"curies":[{"name":"wp","href":"https:\/\/api.w.org\/{rel}","templated":true}]}}