{"id":220560,"date":"2024-05-23T15:05:10","date_gmt":"2024-05-23T12:05:10","guid":{"rendered":"https:\/\/topdisc.fi\/?post_type=product&#038;p=220560"},"modified":"2026-03-09T15:17:04","modified_gmt":"2026-03-09T13:17:04","slug":"westside-discs-tournament-orbit-bear","status":"publish","type":"product","link":"https:\/\/topdisc.fi\/sv\/produkt\/westside-discs-tournament-orbit-bear\/","title":{"rendered":"Westside Discs Tournament Orbit Bear"},"content":{"rendered":"<p>Westside Discs Tournament Orbit Bear<\/p>\n<p>Bear \u00e4r h\u00e4r f\u00f6r att styra fairways. Bear erbjuder den avancerade spelaren en neutral eller n\u00e5got understabil flygning. Se det som Stag pucks storebror. Den \u00e4r kontrollerbar, f\u00f6ruts\u00e4gbar och har lite mer bleknings- och vridmotst\u00e5nd \u00e4n sin lillebror. Bj\u00f6rnen \u00e4r stark nog att motst\u00e5 alla kastkrafter.<\/p>","protected":false},"excerpt":{"rendered":"<p>Westside Discs Tournament Orbit Bear<\/p>\n<p>Bear \u00e4r h\u00e4r f\u00f6r att styra fairways. Bear erbjuder den avancerade spelaren en neutral eller n\u00e5got understabil flygning. Se det som Stag pucks storebror. Den \u00e4r kontrollerbar, f\u00f6ruts\u00e4gbar och har lite mer bleknings- och vridmotst\u00e5nd \u00e4n sin lillebror. Bj\u00f6rnen \u00e4r stark nog att motst\u00e5 alla kastkrafter.<\/p>","protected":false},"featured_media":220563,"comment_status":"open","ping_status":"closed","template":"","meta":{"_acf_changed":false,"om_disable_all_campaigns":false,"_improvement_type_select":"improve_an_existing","_thumb_yes_seoaic":false,"_frame_yes_seoaic":false,"seoaic_generate_description":"","seoaic_improve_instructions_prompt":"","seoaic_rollback_content_improvement":"","seoaic_idea_thumbnail_generator":"","thumbnail_generated":false,"thumbnail_generate_prompt":"","seoaic_article_description":""},"product_brand":[4875],"product_cat":[2625,1817,73,1837],"product_tag":[],"class_list":{"0":"post-220560","1":"product","2":"type-product","3":"status-publish","4":"has-post-thumbnail","6":"product_brand-westside-discs","7":"product_cat-valmistajat","8":"product_cat-uudet-kiekot","9":"product_cat-uutuudet","10":"product_cat-westside-discs-new-uudet-frisbeegolfkiekot-2","11":"pa_feidi-2-5","12":"pa_kunto-a-2","13":"pa_liito-275","14":"pa_nopeus-262","15":"pa_paino-326","16":"pa_vakaus-0-5","17":"pa_vari-oranssi","19":"first","20":"outofstock","21":"shipping-taxable","22":"product-type-variable"},"acf":[],"_links":{"self":[{"href":"https:\/\/topdisc.fi\/sv\/wp-json\/wp\/v2\/product\/220560","targetHints":{"allow":["GET"]}}],"collection":[{"href":"https:\/\/topdisc.fi\/sv\/wp-json\/wp\/v2\/product"}],"about":[{"href":"https:\/\/topdisc.fi\/sv\/wp-json\/wp\/v2\/types\/product"}],"replies":[{"embeddable":true,"href":"https:\/\/topdisc.fi\/sv\/wp-json\/wp\/v2\/comments?post=220560"}],"version-history":[{"count":1,"href":"https:\/\/topdisc.fi\/sv\/wp-json\/wp\/v2\/product\/220560\/revisions"}],"predecessor-version":[{"id":267774,"href":"https:\/\/topdisc.fi\/sv\/wp-json\/wp\/v2\/product\/220560\/revisions\/267774"}],"wp:featuredmedia":[{"embeddable":true,"href":"https:\/\/topdisc.fi\/sv\/wp-json\/wp\/v2\/media\/220563"}],"wp:attachment":[{"href":"https:\/\/topdisc.fi\/sv\/wp-json\/wp\/v2\/media?parent=220560"}],"wp:term":[{"taxonomy":"product_brand","embeddable":true,"href":"https:\/\/topdisc.fi\/sv\/wp-json\/wp\/v2\/product_brand?post=220560"},{"taxonomy":"product_cat","embeddable":true,"href":"https:\/\/topdisc.fi\/sv\/wp-json\/wp\/v2\/product_cat?post=220560"},{"taxonomy":"product_tag","embeddable":true,"href":"https:\/\/topdisc.fi\/sv\/wp-json\/wp\/v2\/product_tag?post=220560"}],"curies":[{"name":"wp","href":"https:\/\/api.w.org\/{rel}","templated":true}]}}