{"id":220591,"date":"2024-05-23T16:41:30","date_gmt":"2024-05-23T13:41:30","guid":{"rendered":"https:\/\/topdisc.fi\/?post_type=product&#038;p=220591"},"modified":"2024-09-30T04:37:02","modified_gmt":"2024-09-30T01:37:02","slug":"latitude-64-opto-air-bolt","status":"publish","type":"product","link":"https:\/\/topdisc.fi\/sv\/produkt\/latitude-64-opto-air-bolt\/","title":{"rendered":"Latitude 64 Opto Air Bolt"},"content":{"rendered":"<p>Latitude 64 Opto Air Bolt<\/p>\n<p>Detta \u00e4r en av v\u00e5ra mindre stabila l\u00e4ngdf\u00f6rare. Den \u00e4r n\u00e4stan lika snabb som blixten och erbjuder en mindre stabil flygbana och ett bra glid. Detta \u00e4r den perfekta l\u00e4ngdf\u00f6raren f\u00f6r spelare med l\u00e5ngsammare puttkraft som vill kasta l\u00e5ngt. F\u00f6r mer erfarna spelare med mer kraft kan Bolten fortfarande vara anv\u00e4ndbar n\u00e4r en snabb och mindre stabil puck beh\u00f6vs.<\/p>","protected":false},"excerpt":{"rendered":"<p>Latitude 64 Opto Air Bolt<\/p>\n<p>Detta \u00e4r en av v\u00e5ra mindre stabila l\u00e4ngdf\u00f6rare. Den \u00e4r n\u00e4stan lika snabb som blixten och erbjuder en mindre stabil flygbana och ett bra glid. Detta \u00e4r den perfekta l\u00e4ngdf\u00f6raren f\u00f6r spelare med l\u00e5ngsammare puttkraft som vill kasta l\u00e5ngt. F\u00f6r mer erfarna spelare med mer kraft kan Bolten fortfarande vara anv\u00e4ndbar n\u00e4r en snabb och mindre stabil puck beh\u00f6vs.<\/p>","protected":false},"featured_media":220594,"comment_status":"open","ping_status":"closed","template":"","meta":{"_acf_changed":false,"om_disable_all_campaigns":false,"_improvement_type_select":"improve_an_existing","_thumb_yes_seoaic":false,"_frame_yes_seoaic":false,"seoaic_generate_description":"","seoaic_improve_instructions_prompt":"","seoaic_rollback_content_improvement":"","seoaic_idea_thumbnail_generator":"","thumbnail_generated":false,"thumbnail_generate_prompt":"","seoaic_article_description":""},"product_brand":[],"product_cat":[2626,1850,1817],"product_tag":[555],"class_list":{"0":"post-220591","1":"product","2":"type-product","3":"status-publish","4":"has-post-thumbnail","6":"product_cat-latitude-64","7":"product_cat-uudet-latitude-64-kiekot","8":"product_cat-uudet-kiekot","9":"product_tag-driver","10":"pa_feidi-288","11":"pa_kunto-a-2","12":"pa_liito-275","13":"pa_nopeus-267","14":"pa_paino-308","15":"pa_paino-309","16":"pa_vakaus-280","17":"pa_vari-keltainen","18":"pa_vari-vaaleanpunainen","19":"pa_vari-vihrea","21":"first","22":"outofstock","23":"shipping-taxable","24":"product-type-variable"},"acf":[],"_links":{"self":[{"href":"https:\/\/topdisc.fi\/sv\/wp-json\/wp\/v2\/product\/220591","targetHints":{"allow":["GET"]}}],"collection":[{"href":"https:\/\/topdisc.fi\/sv\/wp-json\/wp\/v2\/product"}],"about":[{"href":"https:\/\/topdisc.fi\/sv\/wp-json\/wp\/v2\/types\/product"}],"replies":[{"embeddable":true,"href":"https:\/\/topdisc.fi\/sv\/wp-json\/wp\/v2\/comments?post=220591"}],"version-history":[{"count":0,"href":"https:\/\/topdisc.fi\/sv\/wp-json\/wp\/v2\/product\/220591\/revisions"}],"wp:featuredmedia":[{"embeddable":true,"href":"https:\/\/topdisc.fi\/sv\/wp-json\/wp\/v2\/media\/220594"}],"wp:attachment":[{"href":"https:\/\/topdisc.fi\/sv\/wp-json\/wp\/v2\/media?parent=220591"}],"wp:term":[{"taxonomy":"product_brand","embeddable":true,"href":"https:\/\/topdisc.fi\/sv\/wp-json\/wp\/v2\/product_brand?post=220591"},{"taxonomy":"product_cat","embeddable":true,"href":"https:\/\/topdisc.fi\/sv\/wp-json\/wp\/v2\/product_cat?post=220591"},{"taxonomy":"product_tag","embeddable":true,"href":"https:\/\/topdisc.fi\/sv\/wp-json\/wp\/v2\/product_tag?post=220591"}],"curies":[{"name":"wp","href":"https:\/\/api.w.org\/{rel}","templated":true}]}}