{"id":220600,"date":"2024-05-23T17:05:23","date_gmt":"2024-05-23T14:05:23","guid":{"rendered":"https:\/\/topdisc.fi\/?post_type=product&#038;p=220600"},"modified":"2026-01-27T17:06:16","modified_gmt":"2026-01-27T15:06:16","slug":"discmania-metal-flake-c-line-dd-special-edition","status":"publish","type":"product","link":"https:\/\/topdisc.fi\/sv\/produkt\/discmania-metal-flake-c-line-dd-special-edition\/","title":{"rendered":"Discmania Metal Flake C-Line DD \u2013 Special Edition"},"content":{"rendered":"<p>Discmania Metal Flake C-Line DD \u2013 Special Edition<\/p>\n<p>Den f\u00f6rsta \u00e5terf\u00f6rs\u00e4ljarexklusiva skivan \u00e4r nu tillg\u00e4nglig: Metal Flake C-Line DD! Dessa skivor tillverkas speciellt f\u00f6r v\u00e5ra \u00e5terf\u00f6rs\u00e4ljare och s\u00e4ljs inte i Discmanias n\u00e4tbutiker. Om lager finns kvar senare kan DM-butiker g\u00f6ra alternativa st\u00e4mpelversioner efter 30-60 dagar.<\/p>\n<p>Att l\u00e4gga till metallflingor till plasten ger den inte bara ett gl\u00e4nsande utseende, utan ger ocks\u00e5 lite mer stabilitet till pucken, vilket g\u00f6r den n\u00e5got mer stabil \u00e4n den traditionella C-Line-versionen. Och definitivt mer stabil \u00e4n standard S-Line-versionen.<\/p>\n<p>Som namnet antyder st\u00e5r DD f\u00f6r &quot;distansf\u00f6rare&quot;, och det \u00e4r precis vad den erbjuder. Den erbjuder l\u00e4ngd n\u00e4r du vill kasta l\u00e5ngt, men k\u00e4nns \u00e4nd\u00e5 som en kontrollerbar fairwayf\u00f6rare och kompletterar de andra l\u00e4ngdf\u00f6rarna i din v\u00e4ska bra. Det enda det kanske inte ger dig komplimanger \u00e4r din outfit f\u00f6r dagen, men det \u00e4r det.<\/p>\n<p>En nyb\u00f6rjare eller en avancerad spelare kommer omedelbart att m\u00e4rka hur avsev\u00e4rt DD \u00f6kar kastl\u00e4ngden. Spelare p\u00e5 h\u00f6gre niv\u00e5 anv\u00e4nder dessa f\u00f6r maximal l\u00e4ngd och kontrollerade linjer, och \u00e4ndrar sitt kast efter behov. Enligt legenden flyger n\u00e5gra av dessa skivor \u00e4n idag. \u00c4r det stor medvind? Anv\u00e4nd denna puck direkt. Allt annat \u00e4r upp till dig. DD sl\u00e5ss om topplatsen i din v\u00e4ska dag efter dag.<\/p>","protected":false},"excerpt":{"rendered":"<p>Discmania Metal Flake C-Line DD \u2013 Special Edition<\/p>\n<p>Den f\u00f6rsta \u00e5terf\u00f6rs\u00e4ljarexklusiva skivan \u00e4r nu tillg\u00e4nglig: Metal Flake C-Line DD! Dessa skivor tillverkas speciellt f\u00f6r v\u00e5ra \u00e5terf\u00f6rs\u00e4ljare och s\u00e4ljs inte i Discmanias n\u00e4tbutiker. Om lager finns kvar senare kan DM-butiker g\u00f6ra alternativa st\u00e4mpelversioner efter 30-60 dagar.<\/p>\n<p>Att l\u00e4gga till metallflingor till plasten ger den inte bara ett gl\u00e4nsande utseende, utan ger ocks\u00e5 lite mer stabilitet till pucken, vilket g\u00f6r den n\u00e5got mer stabil \u00e4n den traditionella C-Line-versionen. Och definitivt mer stabil \u00e4n standard S-Line-versionen.<\/p>\n<p>Som namnet antyder st\u00e5r DD f\u00f6r &quot;distansf\u00f6rare&quot;, och det \u00e4r precis vad den erbjuder. Den erbjuder l\u00e4ngd n\u00e4r du vill kasta l\u00e5ngt, men k\u00e4nns \u00e4nd\u00e5 som en kontrollerbar fairwayf\u00f6rare och kompletterar de andra l\u00e4ngdf\u00f6rarna i din v\u00e4ska bra. Det enda det kanske inte ger dig komplimanger \u00e4r din outfit f\u00f6r dagen, men det \u00e4r det.<\/p>\n<p>En nyb\u00f6rjare eller en avancerad spelare kommer omedelbart att m\u00e4rka hur avsev\u00e4rt DD \u00f6kar kastl\u00e4ngden. Spelare p\u00e5 h\u00f6gre niv\u00e5 anv\u00e4nder dessa f\u00f6r maximal l\u00e4ngd och kontrollerade linjer, och \u00e4ndrar sitt kast efter behov. Enligt legenden flyger n\u00e5gra av dessa skivor \u00e4n idag. \u00c4r det stor medvind? Anv\u00e4nd denna puck direkt. Allt annat \u00e4r upp till dig. DD sl\u00e5ss om topplatsen i din v\u00e4ska dag efter dag.<\/p>","protected":false},"featured_media":220608,"comment_status":"open","ping_status":"closed","template":"","meta":{"_acf_changed":false,"om_disable_all_campaigns":false,"_improvement_type_select":"improve_an_existing","_thumb_yes_seoaic":false,"_frame_yes_seoaic":false,"seoaic_generate_description":"","seoaic_improve_instructions_prompt":"","seoaic_rollback_content_improvement":"","seoaic_idea_thumbnail_generator":"","thumbnail_generated":false,"thumbnail_generate_prompt":"","seoaic_article_description":""},"product_brand":[4855],"product_cat":[656,1861,678,1817,2625],"product_tag":[],"class_list":{"0":"post-220600","1":"product","2":"type-product","3":"status-publish","4":"has-post-thumbnail","6":"product_brand-discmania","7":"product_cat-discmania-kaikki","8":"product_cat-discmania-uudet-kiekot","9":"product_cat-spessut","10":"product_cat-uudet-kiekot","11":"product_cat-valmistajat","12":"pa_feidi-287","13":"pa_kunto-a-2","14":"pa_liito-275","15":"pa_nopeus-265","16":"pa_paino-324","17":"pa_paino-325","18":"pa_paino-331","19":"pa_vakaus-279","20":"pa_vari-punainen","21":"pa_vari-sininen","22":"pa_vari-violetti","24":"first","25":"outofstock","26":"taxable","27":"shipping-taxable","28":"product-type-variable"},"acf":[],"_links":{"self":[{"href":"https:\/\/topdisc.fi\/sv\/wp-json\/wp\/v2\/product\/220600","targetHints":{"allow":["GET"]}}],"collection":[{"href":"https:\/\/topdisc.fi\/sv\/wp-json\/wp\/v2\/product"}],"about":[{"href":"https:\/\/topdisc.fi\/sv\/wp-json\/wp\/v2\/types\/product"}],"replies":[{"embeddable":true,"href":"https:\/\/topdisc.fi\/sv\/wp-json\/wp\/v2\/comments?post=220600"}],"version-history":[{"count":1,"href":"https:\/\/topdisc.fi\/sv\/wp-json\/wp\/v2\/product\/220600\/revisions"}],"predecessor-version":[{"id":263880,"href":"https:\/\/topdisc.fi\/sv\/wp-json\/wp\/v2\/product\/220600\/revisions\/263880"}],"wp:featuredmedia":[{"embeddable":true,"href":"https:\/\/topdisc.fi\/sv\/wp-json\/wp\/v2\/media\/220608"}],"wp:attachment":[{"href":"https:\/\/topdisc.fi\/sv\/wp-json\/wp\/v2\/media?parent=220600"}],"wp:term":[{"taxonomy":"product_brand","embeddable":true,"href":"https:\/\/topdisc.fi\/sv\/wp-json\/wp\/v2\/product_brand?post=220600"},{"taxonomy":"product_cat","embeddable":true,"href":"https:\/\/topdisc.fi\/sv\/wp-json\/wp\/v2\/product_cat?post=220600"},{"taxonomy":"product_tag","embeddable":true,"href":"https:\/\/topdisc.fi\/sv\/wp-json\/wp\/v2\/product_tag?post=220600"}],"curies":[{"name":"wp","href":"https:\/\/api.w.org\/{rel}","templated":true}]}}