{"id":221502,"date":"2024-05-31T15:49:12","date_gmt":"2024-05-31T12:49:12","guid":{"rendered":"https:\/\/topdisc.fi\/?post_type=product&#038;p=221502"},"modified":"2026-01-27T18:33:04","modified_gmt":"2026-01-27T16:33:04","slug":"kastaplast-k1-soft-berg-nice-not-perfect","status":"publish","type":"product","link":"https:\/\/topdisc.fi\/sv\/produkt\/kastaplast-k1-soft-berg-nice-not-perfect\/","title":{"rendered":"Kastaplast K1 Soft Berg \u2013 Nice Not Perfect"},"content":{"rendered":"<p>Kastaplast K1 Soft Berg \u2013 Nice Not Perfect<\/p>\n<p>Flygv\u00e4rden: 1 1 0 2<\/p>\n<p>Denna puck \u00e4r en extremt stabil ansatspuck som t\u00e5l motvind. S\u00e4rskilt bra f\u00f6r situationer d\u00e5 man inte vill koppla ihop pucken f\u00f6r l\u00e5ngt. Denna puck \u00e4r l\u00e4mplig f\u00f6r Fore och f\u00f6r knogsidan. Specialiteten f\u00f6r detta \u00e4r den s\u00e5 kallade &quot;thumb track&quot;, vilket inneb\u00e4r att det finns en f\u00f6rdjupning som passar tummen p\u00e5 kanten av skivans \u00f6vre kant. Nederkanten av skivan \u00e4r normal.<\/p>\n<p><strong><em>Skivans f\u00e4rgton och st\u00e4mpelns f\u00e4rg kanske inte helt matchar produktbilden.<\/em><\/strong><\/p>","protected":false},"excerpt":{"rendered":"<p>Kastaplast K1 Soft Berg \u2013 Nice Not Perfect<\/p>\n<p>Flygv\u00e4rden: 1 1 0 2<\/p>\n<p>Denna puck \u00e4r en extremt stabil ansatspuck som t\u00e5l motvind. S\u00e4rskilt bra f\u00f6r situationer d\u00e5 man inte vill koppla ihop pucken f\u00f6r l\u00e5ngt. Denna puck \u00e4r l\u00e4mplig f\u00f6r Fore och f\u00f6r knogsidan. Specialiteten f\u00f6r detta \u00e4r den s\u00e5 kallade &quot;thumb track&quot;, vilket inneb\u00e4r att det finns en f\u00f6rdjupning som passar tummen p\u00e5 kanten av skivans \u00f6vre kant. Nederkanten av skivan \u00e4r normal.<\/p>\n<p><strong><em>Skivans f\u00e4rgton och st\u00e4mpelns f\u00e4rg kanske inte helt matchar produktbilden.<\/em><\/strong><\/p>","protected":false},"featured_media":221549,"comment_status":"open","ping_status":"closed","template":"","meta":{"_acf_changed":false,"om_disable_all_campaigns":false,"_improvement_type_select":"improve_an_existing","_thumb_yes_seoaic":false,"_frame_yes_seoaic":false,"seoaic_generate_description":"","seoaic_improve_instructions_prompt":"","seoaic_rollback_content_improvement":"","seoaic_idea_thumbnail_generator":"","thumbnail_generated":false,"thumbnail_generate_prompt":"","seoaic_article_description":""},"product_brand":[4870],"product_cat":[3022,1808,1817],"product_tag":[565,569],"class_list":{"0":"post-221502","1":"product","2":"type-product","3":"status-publish","4":"has-post-thumbnail","6":"product_brand-kastaplast","7":"product_cat-kastaplast-uudet-kiekot","8":"product_cat-kaytetyt-putterit","9":"product_cat-uudet-kiekot","10":"product_tag-putteri","11":"product_tag-ylivakaa","12":"pa_feidi-287","13":"pa_liito-270","14":"pa_nopeus-255","15":"pa_paino-325","16":"pa_vakaus-zero","17":"pa_vari-valkoinen","19":"first","20":"outofstock","21":"taxable","22":"shipping-taxable","23":"product-type-variable"},"acf":[],"_links":{"self":[{"href":"https:\/\/topdisc.fi\/sv\/wp-json\/wp\/v2\/product\/221502","targetHints":{"allow":["GET"]}}],"collection":[{"href":"https:\/\/topdisc.fi\/sv\/wp-json\/wp\/v2\/product"}],"about":[{"href":"https:\/\/topdisc.fi\/sv\/wp-json\/wp\/v2\/types\/product"}],"replies":[{"embeddable":true,"href":"https:\/\/topdisc.fi\/sv\/wp-json\/wp\/v2\/comments?post=221502"}],"version-history":[{"count":1,"href":"https:\/\/topdisc.fi\/sv\/wp-json\/wp\/v2\/product\/221502\/revisions"}],"predecessor-version":[{"id":264310,"href":"https:\/\/topdisc.fi\/sv\/wp-json\/wp\/v2\/product\/221502\/revisions\/264310"}],"wp:featuredmedia":[{"embeddable":true,"href":"https:\/\/topdisc.fi\/sv\/wp-json\/wp\/v2\/media\/221549"}],"wp:attachment":[{"href":"https:\/\/topdisc.fi\/sv\/wp-json\/wp\/v2\/media?parent=221502"}],"wp:term":[{"taxonomy":"product_brand","embeddable":true,"href":"https:\/\/topdisc.fi\/sv\/wp-json\/wp\/v2\/product_brand?post=221502"},{"taxonomy":"product_cat","embeddable":true,"href":"https:\/\/topdisc.fi\/sv\/wp-json\/wp\/v2\/product_cat?post=221502"},{"taxonomy":"product_tag","embeddable":true,"href":"https:\/\/topdisc.fi\/sv\/wp-json\/wp\/v2\/product_tag?post=221502"}],"curies":[{"name":"wp","href":"https:\/\/api.w.org\/{rel}","templated":true}]}}