{"id":221505,"date":"2024-05-31T15:51:49","date_gmt":"2024-05-31T12:51:49","guid":{"rendered":"https:\/\/topdisc.fi\/?post_type=product&#038;p=221505"},"modified":"2026-01-27T18:33:03","modified_gmt":"2026-01-27T16:33:03","slug":"kastaplast-k1-soft-berg-x-nice-not-perfect","status":"publish","type":"product","link":"https:\/\/topdisc.fi\/sv\/produkt\/kastaplast-k1-soft-berg-x-nice-not-perfect\/","title":{"rendered":"Kastaplast K1 Soft Berg X \u2013 Nice Not Perfect"},"content":{"rendered":"<p>Kastaplast K1 Soft Berg X \u2013 Nice Not Perfect<\/p>\n<p>Flygv\u00e4rden: 1 1 1 2<\/p>\n<p>Precis som med andra Kastaplast-hjul indikerar bokstaven X efter modellnamnet att det \u00e4r en stabilare version av Berg.<\/p>\n<p>Berg X \u00e4r en l\u00e5ngsam och superstabil putter designad f\u00f6r att klara starkare kast i drivet. Den fungerar \u00e4ven utm\u00e4rkt som putter i bl\u00e5siga f\u00f6rh\u00e5llanden.<\/p>\n<p>Berg X:s s\u00e4rdrag \u00e4r det s\u00e5 kallade &#039;Thumb track&#039;, vilket inneb\u00e4r en tumv\u00e4nlig urtagning p\u00e5 puckens yta bredvid f\u00e4lgen.<\/p>\n<p><strong><em>Skivans f\u00e4rgton och st\u00e4mpelns f\u00e4rg kanske inte helt matchar produktbilden.<\/em><\/strong><\/p>","protected":false},"excerpt":{"rendered":"<p>Kastaplast K1 Soft Berg X \u2013 Nice Not Perfect<\/p>\n<p>Flygv\u00e4rden: 1 1 1 2<\/p>\n<p>Precis som med andra Kastaplast-hjul indikerar bokstaven X efter modellnamnet att det \u00e4r en stabilare version av Berg.<\/p>\n<p>Berg X \u00e4r en l\u00e5ngsam och superstabil putter designad f\u00f6r att klara starkare kast i drivet. Den fungerar \u00e4ven utm\u00e4rkt som putter i bl\u00e5siga f\u00f6rh\u00e5llanden.<\/p>\n<p>Berg X:s s\u00e4rdrag \u00e4r det s\u00e5 kallade &#039;Thumb track&#039;, vilket inneb\u00e4r en tumv\u00e4nlig urtagning p\u00e5 puckens yta bredvid f\u00e4lgen.<\/p>\n<p><strong><em>Skivans f\u00e4rgton och st\u00e4mpelns f\u00e4rg kanske inte helt matchar produktbilden.<\/em><\/strong><\/p>","protected":false},"featured_media":221552,"comment_status":"open","ping_status":"closed","template":"","meta":{"_acf_changed":false,"om_disable_all_campaigns":false,"_improvement_type_select":"improve_an_existing","_thumb_yes_seoaic":false,"_frame_yes_seoaic":false,"seoaic_generate_description":"","seoaic_improve_instructions_prompt":"","seoaic_rollback_content_improvement":"","seoaic_idea_thumbnail_generator":"","thumbnail_generated":false,"thumbnail_generate_prompt":"","seoaic_article_description":""},"product_brand":[4870],"product_cat":[3022,1808,1817],"product_tag":[565,569],"class_list":{"0":"post-221505","1":"product","2":"type-product","3":"status-publish","4":"has-post-thumbnail","6":"product_brand-kastaplast","7":"product_cat-kastaplast-uudet-kiekot","8":"product_cat-kaytetyt-putterit","9":"product_cat-uudet-kiekot","10":"product_tag-putteri","11":"product_tag-ylivakaa","12":"pa_feidi-287","13":"pa_liito-270","14":"pa_nopeus-255","15":"pa_paino-324","16":"pa_vakaus-zero","17":"pa_vari-keltainen","18":"pa_vari-vaaleanpunainen","20":"first","21":"outofstock","22":"taxable","23":"shipping-taxable","24":"product-type-variable"},"acf":[],"_links":{"self":[{"href":"https:\/\/topdisc.fi\/sv\/wp-json\/wp\/v2\/product\/221505","targetHints":{"allow":["GET"]}}],"collection":[{"href":"https:\/\/topdisc.fi\/sv\/wp-json\/wp\/v2\/product"}],"about":[{"href":"https:\/\/topdisc.fi\/sv\/wp-json\/wp\/v2\/types\/product"}],"replies":[{"embeddable":true,"href":"https:\/\/topdisc.fi\/sv\/wp-json\/wp\/v2\/comments?post=221505"}],"version-history":[{"count":1,"href":"https:\/\/topdisc.fi\/sv\/wp-json\/wp\/v2\/product\/221505\/revisions"}],"predecessor-version":[{"id":264309,"href":"https:\/\/topdisc.fi\/sv\/wp-json\/wp\/v2\/product\/221505\/revisions\/264309"}],"wp:featuredmedia":[{"embeddable":true,"href":"https:\/\/topdisc.fi\/sv\/wp-json\/wp\/v2\/media\/221552"}],"wp:attachment":[{"href":"https:\/\/topdisc.fi\/sv\/wp-json\/wp\/v2\/media?parent=221505"}],"wp:term":[{"taxonomy":"product_brand","embeddable":true,"href":"https:\/\/topdisc.fi\/sv\/wp-json\/wp\/v2\/product_brand?post=221505"},{"taxonomy":"product_cat","embeddable":true,"href":"https:\/\/topdisc.fi\/sv\/wp-json\/wp\/v2\/product_cat?post=221505"},{"taxonomy":"product_tag","embeddable":true,"href":"https:\/\/topdisc.fi\/sv\/wp-json\/wp\/v2\/product_tag?post=221505"}],"curies":[{"name":"wp","href":"https:\/\/api.w.org\/{rel}","templated":true}]}}