{"id":221514,"date":"2024-05-31T16:05:02","date_gmt":"2024-05-31T13:05:02","guid":{"rendered":"https:\/\/topdisc.fi\/?post_type=product&#038;p=221514"},"modified":"2026-01-27T18:33:03","modified_gmt":"2026-01-27T16:33:03","slug":"kastaplast-k1-stig-nice-not-perfect","status":"publish","type":"product","link":"https:\/\/topdisc.fi\/sv\/produkt\/kastaplast-k1-stig-nice-not-perfect\/","title":{"rendered":"Kastaplast K1 Stig \u2013 Nice Not Perfect"},"content":{"rendered":"<p>Kastaplast K1 Stig \u2013 Nice Not Perfect<\/p>\n<p>Flygv\u00e4rden: 6 5 -2 1<\/p>\n<p>Stig \u00e4r en mellanmodell mellan en busschauff\u00f6r och en midar. Detta \u00e4r en understabil och kladdig puck som du kan forma fairway med som du vill. Detta \u00e4r perfekt f\u00f6r en nyb\u00f6rjare.<\/p>\n<p><strong><em>Skivans f\u00e4rgton och st\u00e4mpelns f\u00e4rg kanske inte helt matchar produktbilden.<\/em><\/strong><\/p>","protected":false},"excerpt":{"rendered":"<p>Kastaplast K1 Stig \u2013 Nice Not Perfect<\/p>\n<p>Flygv\u00e4rden: 6 5 -2 1<\/p>\n<p>Stig \u00e4r en mellanmodell mellan en busschauff\u00f6r och en midar. Detta \u00e4r en understabil och kladdig puck som du kan forma fairway med som du vill. Detta \u00e4r perfekt f\u00f6r en nyb\u00f6rjare.<\/p>\n<p><strong><em>Skivans f\u00e4rgton och st\u00e4mpelns f\u00e4rg kanske inte helt matchar produktbilden.<\/em><\/strong><\/p>","protected":false},"featured_media":221559,"comment_status":"open","ping_status":"closed","template":"","meta":{"_acf_changed":false,"om_disable_all_campaigns":false,"_improvement_type_select":"improve_an_existing","_thumb_yes_seoaic":false,"_frame_yes_seoaic":false,"seoaic_generate_description":"","seoaic_improve_instructions_prompt":"","seoaic_rollback_content_improvement":"","seoaic_idea_thumbnail_generator":"","thumbnail_generated":false,"thumbnail_generate_prompt":"","seoaic_article_description":""},"product_brand":[4870],"product_cat":[3022,1817],"product_tag":[],"class_list":{"0":"post-221514","1":"product","2":"type-product","3":"status-publish","4":"has-post-thumbnail","6":"product_brand-kastaplast","7":"product_cat-kastaplast-uudet-kiekot","8":"product_cat-uudet-kiekot","9":"pa_feidi-287","10":"pa_liito-270","11":"pa_nopeus-255","12":"pa_paino-324","13":"pa_vakaus-zero","14":"pa_vari-keltainen","16":"first","17":"outofstock","18":"taxable","19":"shipping-taxable","20":"product-type-variable"},"acf":[],"_links":{"self":[{"href":"https:\/\/topdisc.fi\/sv\/wp-json\/wp\/v2\/product\/221514","targetHints":{"allow":["GET"]}}],"collection":[{"href":"https:\/\/topdisc.fi\/sv\/wp-json\/wp\/v2\/product"}],"about":[{"href":"https:\/\/topdisc.fi\/sv\/wp-json\/wp\/v2\/types\/product"}],"replies":[{"embeddable":true,"href":"https:\/\/topdisc.fi\/sv\/wp-json\/wp\/v2\/comments?post=221514"}],"version-history":[{"count":1,"href":"https:\/\/topdisc.fi\/sv\/wp-json\/wp\/v2\/product\/221514\/revisions"}],"predecessor-version":[{"id":264307,"href":"https:\/\/topdisc.fi\/sv\/wp-json\/wp\/v2\/product\/221514\/revisions\/264307"}],"wp:featuredmedia":[{"embeddable":true,"href":"https:\/\/topdisc.fi\/sv\/wp-json\/wp\/v2\/media\/221559"}],"wp:attachment":[{"href":"https:\/\/topdisc.fi\/sv\/wp-json\/wp\/v2\/media?parent=221514"}],"wp:term":[{"taxonomy":"product_brand","embeddable":true,"href":"https:\/\/topdisc.fi\/sv\/wp-json\/wp\/v2\/product_brand?post=221514"},{"taxonomy":"product_cat","embeddable":true,"href":"https:\/\/topdisc.fi\/sv\/wp-json\/wp\/v2\/product_cat?post=221514"},{"taxonomy":"product_tag","embeddable":true,"href":"https:\/\/topdisc.fi\/sv\/wp-json\/wp\/v2\/product_tag?post=221514"}],"curies":[{"name":"wp","href":"https:\/\/api.w.org\/{rel}","templated":true}]}}