{"id":221547,"date":"2024-05-31T20:36:38","date_gmt":"2024-05-31T17:36:38","guid":{"rendered":"https:\/\/topdisc.fi\/?post_type=product&#038;p=221547"},"modified":"2026-01-27T18:33:01","modified_gmt":"2026-01-27T16:33:01","slug":"kastaplast-k1-glow-vass-nice-not-perfect","status":"publish","type":"product","link":"https:\/\/topdisc.fi\/sv\/produkt\/kastaplast-k1-glow-vass-nice-not-perfect\/","title":{"rendered":"Kastaplast K1 Glow Vass \u2013 Nice Not Perfect"},"content":{"rendered":"<p>Kastaplast K1 Glow Vass \u2013 Nice Not Perfect<\/p>\n<p>Flygv\u00e4rden: 12 5 -1,5 2<\/p>\n<p>Liksom Grym \u00e4r Vass designad f\u00f6r l\u00e5nga och platta S-kurvor och l\u00e5nga kast i medvind. Vass \u00e4r en utm\u00e4rkt l\u00e4ngddrivrutin f\u00f6r de flesta spelare och kan v\u00e4ndas \u00e4nnu l\u00e4ttare vid mycket h\u00f6ga starthastigheter. Det breda 22 mm bandet garanterar ett bekv\u00e4mt grepp.<\/p>","protected":false},"excerpt":{"rendered":"<p>Kastaplast K1 Glow Vass \u2013 Nice Not Perfect<\/p>\n<p>Flygv\u00e4rden: 12 5 -1,5 2<\/p>\n<p>Liksom Grym \u00e4r Vass designad f\u00f6r l\u00e5nga och platta S-kurvor och l\u00e5nga kast i medvind. Vass \u00e4r en utm\u00e4rkt l\u00e4ngddrivrutin f\u00f6r de flesta spelare och kan v\u00e4ndas \u00e4nnu l\u00e4ttare vid mycket h\u00f6ga starthastigheter. Det breda 22 mm bandet garanterar ett bekv\u00e4mt grepp.<\/p>","protected":false},"featured_media":221560,"comment_status":"open","ping_status":"closed","template":"","meta":{"_acf_changed":false,"om_disable_all_campaigns":false,"_improvement_type_select":"improve_an_existing","_thumb_yes_seoaic":false,"_frame_yes_seoaic":false,"seoaic_generate_description":"","seoaic_improve_instructions_prompt":"","seoaic_rollback_content_improvement":"","seoaic_idea_thumbnail_generator":"","thumbnail_generated":false,"thumbnail_generate_prompt":"","seoaic_article_description":""},"product_brand":[4870],"product_cat":[3022,1817,73],"product_tag":[],"class_list":{"0":"post-221547","1":"product","2":"type-product","3":"status-publish","4":"has-post-thumbnail","6":"product_brand-kastaplast","7":"product_cat-kastaplast-uudet-kiekot","8":"product_cat-uudet-kiekot","9":"product_cat-uutuudet","10":"pa_feidi-287","11":"pa_kunto-a-2","12":"pa_liito-274","13":"pa_nopeus-266","14":"pa_paino-331","15":"pa_vakaus-1-5","17":"first","18":"outofstock","19":"taxable","20":"shipping-taxable","21":"product-type-variable"},"acf":[],"_links":{"self":[{"href":"https:\/\/topdisc.fi\/sv\/wp-json\/wp\/v2\/product\/221547","targetHints":{"allow":["GET"]}}],"collection":[{"href":"https:\/\/topdisc.fi\/sv\/wp-json\/wp\/v2\/product"}],"about":[{"href":"https:\/\/topdisc.fi\/sv\/wp-json\/wp\/v2\/types\/product"}],"replies":[{"embeddable":true,"href":"https:\/\/topdisc.fi\/sv\/wp-json\/wp\/v2\/comments?post=221547"}],"version-history":[{"count":1,"href":"https:\/\/topdisc.fi\/sv\/wp-json\/wp\/v2\/product\/221547\/revisions"}],"predecessor-version":[{"id":264303,"href":"https:\/\/topdisc.fi\/sv\/wp-json\/wp\/v2\/product\/221547\/revisions\/264303"}],"wp:featuredmedia":[{"embeddable":true,"href":"https:\/\/topdisc.fi\/sv\/wp-json\/wp\/v2\/media\/221560"}],"wp:attachment":[{"href":"https:\/\/topdisc.fi\/sv\/wp-json\/wp\/v2\/media?parent=221547"}],"wp:term":[{"taxonomy":"product_brand","embeddable":true,"href":"https:\/\/topdisc.fi\/sv\/wp-json\/wp\/v2\/product_brand?post=221547"},{"taxonomy":"product_cat","embeddable":true,"href":"https:\/\/topdisc.fi\/sv\/wp-json\/wp\/v2\/product_cat?post=221547"},{"taxonomy":"product_tag","embeddable":true,"href":"https:\/\/topdisc.fi\/sv\/wp-json\/wp\/v2\/product_tag?post=221547"}],"curies":[{"name":"wp","href":"https:\/\/api.w.org\/{rel}","templated":true}]}}