{"id":221609,"date":"2024-06-01T16:05:31","date_gmt":"2024-06-01T13:05:31","guid":{"rendered":"https:\/\/topdisc.fi\/?post_type=product&#038;p=221609"},"modified":"2025-06-18T13:18:45","modified_gmt":"2025-06-18T10:18:45","slug":"dynamic-discs-lucid-ice-orbit-justice-2","status":"publish","type":"product","link":"https:\/\/topdisc.fi\/sv\/produkt\/dynamic-discs-lucid-ice-orbit-justice-2\/","title":{"rendered":"Dynamiska skivor Lucid ICE Orbit Justice"},"content":{"rendered":"<p>Dynamiska skivor Lucid ICE Orbit Justice<\/p>\n<p>Flygv\u00e4rden: 5 1 0,5 4<\/p>\n<p>En mycket stabil midari som klarar vind och drag oavsett vad.<\/p>\n<p>Lucid Ice plastblandningen \u00e4r genomskinlig och har en styvhet mellan Lucid och Lucid-X. Motst\u00e5r slitage som Lucid och Orbit-effekten erbjuder spektakul\u00e4ra och individuella f\u00e4rger.<\/p>","protected":false},"excerpt":{"rendered":"<p>Dynamiska skivor Lucid ICE Orbit Justice<\/p>\n<p>Flygv\u00e4rden: 5 1 0,5 4<\/p>\n<p>En mycket stabil midari som klarar vind och drag oavsett vad.<\/p>\n<p>Lucid Ice plastblandningen \u00e4r genomskinlig och har en styvhet mellan Lucid och Lucid-X. Motst\u00e5r slitage som Lucid och Orbit-effekten erbjuder spektakul\u00e4ra och individuella f\u00e4rger.<\/p>","protected":false},"featured_media":221606,"comment_status":"open","ping_status":"closed","template":"","meta":{"_acf_changed":false,"om_disable_all_campaigns":false,"_improvement_type_select":"improve_an_existing","_thumb_yes_seoaic":false,"_frame_yes_seoaic":false,"seoaic_generate_description":"","seoaic_improve_instructions_prompt":"","seoaic_rollback_content_improvement":"","seoaic_idea_thumbnail_generator":"","thumbnail_generated":false,"thumbnail_generate_prompt":"","seoaic_article_description":""},"product_brand":[],"product_cat":[2626,1850,2621,1817,73,2625],"product_tag":[566,569],"class_list":{"0":"post-221609","1":"product","2":"type-product","3":"status-publish","4":"has-post-thumbnail","6":"product_cat-latitude-64","7":"product_cat-uudet-latitude-64-kiekot","8":"product_cat-restockit","9":"product_cat-uudet-kiekot","10":"product_cat-uutuudet","11":"product_cat-valmistajat","12":"product_tag-midari","13":"product_tag-ylivakaa","14":"pa_feidi-289","15":"pa_liito-270","16":"pa_nopeus-259","17":"pa_vakaus-0-5-2","18":"pa_vari-keltainen","19":"pa_vari-violetti","21":"first","22":"outofstock","23":"taxable","24":"shipping-taxable","25":"product-type-variable"},"acf":[],"_links":{"self":[{"href":"https:\/\/topdisc.fi\/sv\/wp-json\/wp\/v2\/product\/221609","targetHints":{"allow":["GET"]}}],"collection":[{"href":"https:\/\/topdisc.fi\/sv\/wp-json\/wp\/v2\/product"}],"about":[{"href":"https:\/\/topdisc.fi\/sv\/wp-json\/wp\/v2\/types\/product"}],"replies":[{"embeddable":true,"href":"https:\/\/topdisc.fi\/sv\/wp-json\/wp\/v2\/comments?post=221609"}],"version-history":[{"count":0,"href":"https:\/\/topdisc.fi\/sv\/wp-json\/wp\/v2\/product\/221609\/revisions"}],"wp:featuredmedia":[{"embeddable":true,"href":"https:\/\/topdisc.fi\/sv\/wp-json\/wp\/v2\/media\/221606"}],"wp:attachment":[{"href":"https:\/\/topdisc.fi\/sv\/wp-json\/wp\/v2\/media?parent=221609"}],"wp:term":[{"taxonomy":"product_brand","embeddable":true,"href":"https:\/\/topdisc.fi\/sv\/wp-json\/wp\/v2\/product_brand?post=221609"},{"taxonomy":"product_cat","embeddable":true,"href":"https:\/\/topdisc.fi\/sv\/wp-json\/wp\/v2\/product_cat?post=221609"},{"taxonomy":"product_tag","embeddable":true,"href":"https:\/\/topdisc.fi\/sv\/wp-json\/wp\/v2\/product_tag?post=221609"}],"curies":[{"name":"wp","href":"https:\/\/api.w.org\/{rel}","templated":true}]}}