{"id":221628,"date":"2024-06-02T11:29:07","date_gmt":"2024-06-02T08:29:07","guid":{"rendered":"https:\/\/topdisc.fi\/?post_type=product&#038;p=221628"},"modified":"2024-09-21T15:51:09","modified_gmt":"2024-09-21T12:51:09","slug":"dynamic-discs-supreme-orbit-sockibomb-general","status":"publish","type":"product","link":"https:\/\/topdisc.fi\/sv\/produkt\/dynamic-discs-supreme-orbit-sockibomb-general\/","title":{"rendered":"Dynamic Discs Supreme Orbit Sockibomb Allm\u00e4nt"},"content":{"rendered":"<p>Dynamic Discs Supreme Orbit Sockibomb Allm\u00e4nt<\/p>\n<p>Flygv\u00e4rden: 12 4 0 4<\/p>\n<p>Dynamic Discs Sockibomb General \u00e4r en superstabil l\u00e5ng driver som inte sviker dig i alla v\u00e4der. Designad med tv\u00e5faldige v\u00e4rldsm\u00e4staren Ricky Wysocki, \u00e4r pucken skr\u00e4ddarsydd f\u00f6r spelare som kastar i h\u00f6ga hastigheter. F\u00f6r l\u00e5ngsammare hjul fungerar General som en p\u00e5litlig, \u00f6verstabil f\u00f6rare, \u00e4ven i stark motvind.<\/p>\n<p>Supreme plast \u00e4r en premiumlegering som kombinerar en mjuk och flexibel k\u00e4nsla med h\u00e5llbarhet. Plastblandningen har utm\u00e4rkt grepp \u00e4ven i s\u00e4mre v\u00e4der.<\/p>\n<p>Orbit-tillverkningsmetoden garanterar en spektakul\u00e4r och individuell tv\u00e5f\u00e4rgsskiva.<\/p>","protected":false},"excerpt":{"rendered":"<p>Dynamic Discs Supreme Orbit Sockibomb Allm\u00e4nt<\/p>\n<p>Flygv\u00e4rden: 12 4 0 4<\/p>\n<p>Dynamic Discs Sockibomb General \u00e4r en superstabil l\u00e5ng driver som inte sviker dig i alla v\u00e4der. Designad med tv\u00e5faldige v\u00e4rldsm\u00e4staren Ricky Wysocki, \u00e4r pucken skr\u00e4ddarsydd f\u00f6r spelare som kastar i h\u00f6ga hastigheter. F\u00f6r l\u00e5ngsammare hjul fungerar General som en p\u00e5litlig, \u00f6verstabil f\u00f6rare, \u00e4ven i stark motvind.<\/p>\n<p>Supreme plast \u00e4r en premiumlegering som kombinerar en mjuk och flexibel k\u00e4nsla med h\u00e5llbarhet. Plastblandningen har utm\u00e4rkt grepp \u00e4ven i s\u00e4mre v\u00e4der.<\/p>\n<p>Orbit-tillverkningsmetoden garanterar en spektakul\u00e4r och individuell tv\u00e5f\u00e4rgsskiva.<\/p>","protected":false},"featured_media":221630,"comment_status":"open","ping_status":"closed","template":"","meta":{"_acf_changed":false,"om_disable_all_campaigns":false,"_improvement_type_select":"improve_an_existing","_thumb_yes_seoaic":false,"_frame_yes_seoaic":false,"seoaic_generate_description":"","seoaic_improve_instructions_prompt":"","seoaic_rollback_content_improvement":"","seoaic_idea_thumbnail_generator":"","thumbnail_generated":false,"thumbnail_generate_prompt":"","seoaic_article_description":""},"product_brand":[],"product_cat":[2621,1820,1817,73],"product_tag":[569],"class_list":{"0":"post-221628","1":"product","2":"type-product","3":"status-publish","4":"has-post-thumbnail","6":"product_cat-restockit","7":"product_cat-dynamic-discs-uusi-uudet-frisbeegolfkiekot-2","8":"product_cat-uudet-kiekot","9":"product_cat-uutuudet","10":"product_tag-ylivakaa","11":"pa_feidi-289","12":"pa_liito-273","13":"pa_nopeus-266","14":"pa_paino-326","15":"pa_vakaus-zero","16":"pa_valmistajat-latitude-64","17":"pa_vari-valkoinen-sininen","19":"first","20":"outofstock","21":"taxable","22":"shipping-taxable","23":"purchasable","24":"product-type-variable"},"acf":[],"_links":{"self":[{"href":"https:\/\/topdisc.fi\/sv\/wp-json\/wp\/v2\/product\/221628","targetHints":{"allow":["GET"]}}],"collection":[{"href":"https:\/\/topdisc.fi\/sv\/wp-json\/wp\/v2\/product"}],"about":[{"href":"https:\/\/topdisc.fi\/sv\/wp-json\/wp\/v2\/types\/product"}],"replies":[{"embeddable":true,"href":"https:\/\/topdisc.fi\/sv\/wp-json\/wp\/v2\/comments?post=221628"}],"version-history":[{"count":0,"href":"https:\/\/topdisc.fi\/sv\/wp-json\/wp\/v2\/product\/221628\/revisions"}],"wp:featuredmedia":[{"embeddable":true,"href":"https:\/\/topdisc.fi\/sv\/wp-json\/wp\/v2\/media\/221630"}],"wp:attachment":[{"href":"https:\/\/topdisc.fi\/sv\/wp-json\/wp\/v2\/media?parent=221628"}],"wp:term":[{"taxonomy":"product_brand","embeddable":true,"href":"https:\/\/topdisc.fi\/sv\/wp-json\/wp\/v2\/product_brand?post=221628"},{"taxonomy":"product_cat","embeddable":true,"href":"https:\/\/topdisc.fi\/sv\/wp-json\/wp\/v2\/product_cat?post=221628"},{"taxonomy":"product_tag","embeddable":true,"href":"https:\/\/topdisc.fi\/sv\/wp-json\/wp\/v2\/product_tag?post=221628"}],"curies":[{"name":"wp","href":"https:\/\/api.w.org\/{rel}","templated":true}]}}