{"id":221640,"date":"2024-06-02T12:07:48","date_gmt":"2024-06-02T09:07:48","guid":{"rendered":"https:\/\/topdisc.fi\/?post_type=product&#038;p=221640"},"modified":"2024-09-06T18:07:48","modified_gmt":"2024-09-06T15:07:48","slug":"latitude-64-royal-grand-strive","status":"publish","type":"product","link":"https:\/\/topdisc.fi\/sv\/produkt\/latitude-64-royal-grand-strive\/","title":{"rendered":"Latitude 64 Royal Grand Strive"},"content":{"rendered":"<p>Latitude 64 Royal Grand Strive<\/p>\n<p>Flygv\u00e4rden: 13 5 -1 3<\/p>\n<p>Strive \u00e4r designad f\u00f6r att flyga till maximala l\u00e4ngder. Strive-formen \u00e4r baserad p\u00e5 Rive, men har f\u00f6rfinats f\u00f6r att flyga \u00e4nnu l\u00e4ngre med mindre anstr\u00e4ngning, samtidigt som samma hastighet och flygegenskaper bibeh\u00e5lls.<\/p>\n<p>Grand plastic \u00e4r en premiumlegering som kombinerar en mjuk och flexibel k\u00e4nsla med h\u00e5llbarhet.<\/p>\n<p>Du kan bekr\u00e4fta f\u00e4rgen p\u00e5 st\u00e4mpeln helst i butiken.<\/p>","protected":false},"excerpt":{"rendered":"<p>Latitude 64 Royal Grand Strive<\/p>\n<p>Flygv\u00e4rden: 13 5 -1 3<\/p>\n<p>Strive \u00e4r designad f\u00f6r att flyga till maximala l\u00e4ngder. Strive-formen \u00e4r baserad p\u00e5 Rive, men har f\u00f6rfinats f\u00f6r att flyga \u00e4nnu l\u00e4ngre med mindre anstr\u00e4ngning, samtidigt som samma hastighet och flygegenskaper bibeh\u00e5lls.<\/p>\n<p>Grand plastic \u00e4r en premiumlegering som kombinerar en mjuk och flexibel k\u00e4nsla med h\u00e5llbarhet.<\/p>\n<p>Du kan bekr\u00e4fta f\u00e4rgen p\u00e5 st\u00e4mpeln helst i butiken.<\/p>","protected":false},"featured_media":221642,"comment_status":"open","ping_status":"closed","template":"","meta":{"_acf_changed":false,"om_disable_all_campaigns":false,"_improvement_type_select":"improve_an_existing","_thumb_yes_seoaic":false,"_frame_yes_seoaic":false,"seoaic_generate_description":"","seoaic_improve_instructions_prompt":"","seoaic_rollback_content_improvement":"","seoaic_idea_thumbnail_generator":"","thumbnail_generated":false,"thumbnail_generate_prompt":"","seoaic_article_description":""},"product_brand":[],"product_cat":[2625,2626,1850,2621,1817,73],"product_tag":[555],"class_list":{"0":"post-221640","1":"product","2":"type-product","3":"status-publish","4":"has-post-thumbnail","6":"product_cat-valmistajat","7":"product_cat-latitude-64","8":"product_cat-uudet-latitude-64-kiekot","9":"product_cat-restockit","10":"product_cat-uudet-kiekot","11":"product_cat-uutuudet","12":"product_tag-driver","13":"pa_feidi-288","14":"pa_liito-274","15":"pa_nopeus-267","16":"pa_paino-326","17":"pa_vakaus-281","18":"pa_valmistajat-latitude-64","19":"pa_vari-vaaleanpunainen","20":"pa_vari-valkoinen","21":"pa_vari-vihrea","23":"first","24":"outofstock","25":"taxable","26":"shipping-taxable","27":"purchasable","28":"product-type-variable"},"acf":[],"_links":{"self":[{"href":"https:\/\/topdisc.fi\/sv\/wp-json\/wp\/v2\/product\/221640","targetHints":{"allow":["GET"]}}],"collection":[{"href":"https:\/\/topdisc.fi\/sv\/wp-json\/wp\/v2\/product"}],"about":[{"href":"https:\/\/topdisc.fi\/sv\/wp-json\/wp\/v2\/types\/product"}],"replies":[{"embeddable":true,"href":"https:\/\/topdisc.fi\/sv\/wp-json\/wp\/v2\/comments?post=221640"}],"version-history":[{"count":0,"href":"https:\/\/topdisc.fi\/sv\/wp-json\/wp\/v2\/product\/221640\/revisions"}],"wp:featuredmedia":[{"embeddable":true,"href":"https:\/\/topdisc.fi\/sv\/wp-json\/wp\/v2\/media\/221642"}],"wp:attachment":[{"href":"https:\/\/topdisc.fi\/sv\/wp-json\/wp\/v2\/media?parent=221640"}],"wp:term":[{"taxonomy":"product_brand","embeddable":true,"href":"https:\/\/topdisc.fi\/sv\/wp-json\/wp\/v2\/product_brand?post=221640"},{"taxonomy":"product_cat","embeddable":true,"href":"https:\/\/topdisc.fi\/sv\/wp-json\/wp\/v2\/product_cat?post=221640"},{"taxonomy":"product_tag","embeddable":true,"href":"https:\/\/topdisc.fi\/sv\/wp-json\/wp\/v2\/product_tag?post=221640"}],"curies":[{"name":"wp","href":"https:\/\/api.w.org\/{rel}","templated":true}]}}