{"id":221680,"date":"2024-06-02T14:27:54","date_gmt":"2024-06-02T11:27:54","guid":{"rendered":"https:\/\/topdisc.fi\/?post_type=product&#038;p=221680"},"modified":"2026-03-09T15:15:57","modified_gmt":"2026-03-09T13:15:57","slug":"westside-discs-vip-ice-orbit-underworld","status":"publish","type":"product","link":"https:\/\/topdisc.fi\/sv\/produkt\/westside-discs-vip-ice-orbit-underworld\/","title":{"rendered":"Westside Discs Vip ICE Orbit Underworld"},"content":{"rendered":"<p>Westside Discs Vip ICE Orbit Underworld (Manala)<\/p>\n<p>Flygv\u00e4rden: 7 6 -3 1<\/p>\n<p>Vikt: 174-176g<\/p>\n<p>Manala \u00e4r en l\u00e4ttgjuten understabil fairwayf\u00f6rare som har fantastiska glidegenskaper. Den h\u00e4r pucken kan r\u00e4dda dig i en situation, som dess m\u00f6rka namn antyder, \u00e4ven fr\u00e5n Manala.<\/p>\n<p>Vip Ice plastblandningen \u00e4r genomskinlig och dess styvhet ligger mellan Vip och Vip-X. T\u00e5l slitage som Vip, men Orbit-tillverkningsmetoden g\u00f6r skivorna till ett riktigt konstverk, vilket garanterar en individuell och spektakul\u00e4r f\u00e4rgning av skivan.<\/p>","protected":false},"excerpt":{"rendered":"<p>Westside Discs Vip ICE Orbit Underworld (Manala)<\/p>\n<p>Flygv\u00e4rden: 7 6 -3 1<\/p>\n<p>Vikt: 174-176g<\/p>\n<p>Manala \u00e4r en l\u00e4ttgjuten understabil fairwayf\u00f6rare som har fantastiska glidegenskaper. Den h\u00e4r pucken kan r\u00e4dda dig i en situation, som dess m\u00f6rka namn antyder, \u00e4ven fr\u00e5n Manala.<\/p>\n<p>Vip Ice plastblandningen \u00e4r genomskinlig och dess styvhet ligger mellan Vip och Vip-X. T\u00e5l slitage som Vip, men Orbit-tillverkningsmetoden g\u00f6r skivorna till ett riktigt konstverk, vilket garanterar en individuell och spektakul\u00e4r f\u00e4rgning av skivan.<\/p>","protected":false},"featured_media":221689,"comment_status":"open","ping_status":"closed","template":"","meta":{"_acf_changed":false,"om_disable_all_campaigns":false,"_improvement_type_select":"improve_an_existing","_thumb_yes_seoaic":false,"_frame_yes_seoaic":false,"seoaic_generate_description":"","seoaic_improve_instructions_prompt":"","seoaic_rollback_content_improvement":"","seoaic_idea_thumbnail_generator":"","thumbnail_generated":false,"thumbnail_generate_prompt":"","seoaic_article_description":""},"product_brand":[4875],"product_cat":[1817,73,1837],"product_tag":[1226],"class_list":{"0":"post-221680","1":"product","2":"type-product","3":"status-publish","4":"has-post-thumbnail","6":"product_brand-westside-discs","7":"product_cat-uudet-kiekot","8":"product_cat-uutuudet","9":"product_cat-westside-discs-new-uudet-frisbeegolfkiekot-2","10":"product_tag-fairway","11":"pa_feidi-286","12":"pa_liito-275","13":"pa_nopeus-261","14":"pa_paino-325","15":"pa_paino-331","16":"pa_vakaus-279","17":"pa_valmistajat-westside-discs","18":"pa_vari-oranssi","19":"pa_vari-violetti","21":"first","22":"instock","23":"taxable","24":"shipping-taxable","25":"purchasable","26":"product-type-variable"},"acf":[],"_links":{"self":[{"href":"https:\/\/topdisc.fi\/sv\/wp-json\/wp\/v2\/product\/221680","targetHints":{"allow":["GET"]}}],"collection":[{"href":"https:\/\/topdisc.fi\/sv\/wp-json\/wp\/v2\/product"}],"about":[{"href":"https:\/\/topdisc.fi\/sv\/wp-json\/wp\/v2\/types\/product"}],"replies":[{"embeddable":true,"href":"https:\/\/topdisc.fi\/sv\/wp-json\/wp\/v2\/comments?post=221680"}],"version-history":[{"count":1,"href":"https:\/\/topdisc.fi\/sv\/wp-json\/wp\/v2\/product\/221680\/revisions"}],"predecessor-version":[{"id":267769,"href":"https:\/\/topdisc.fi\/sv\/wp-json\/wp\/v2\/product\/221680\/revisions\/267769"}],"wp:featuredmedia":[{"embeddable":true,"href":"https:\/\/topdisc.fi\/sv\/wp-json\/wp\/v2\/media\/221689"}],"wp:attachment":[{"href":"https:\/\/topdisc.fi\/sv\/wp-json\/wp\/v2\/media?parent=221680"}],"wp:term":[{"taxonomy":"product_brand","embeddable":true,"href":"https:\/\/topdisc.fi\/sv\/wp-json\/wp\/v2\/product_brand?post=221680"},{"taxonomy":"product_cat","embeddable":true,"href":"https:\/\/topdisc.fi\/sv\/wp-json\/wp\/v2\/product_cat?post=221680"},{"taxonomy":"product_tag","embeddable":true,"href":"https:\/\/topdisc.fi\/sv\/wp-json\/wp\/v2\/product_tag?post=221680"}],"curies":[{"name":"wp","href":"https:\/\/api.w.org\/{rel}","templated":true}]}}