{"id":221728,"date":"2024-06-03T18:01:35","date_gmt":"2024-06-03T15:01:35","guid":{"rendered":"https:\/\/topdisc.fi\/?post_type=product&#038;p=221728"},"modified":"2026-01-27T17:06:14","modified_gmt":"2026-01-27T15:06:14","slug":"discmania-s-line-md5","status":"publish","type":"product","link":"https:\/\/topdisc.fi\/sv\/produkt\/discmania-s-line-md5\/","title":{"rendered":"Discmania S-line MD5"},"content":{"rendered":"<div class=\"flex-1 overflow-hidden\">\n<div class=\"react-scroll-to-bottom--css-pvfnj-79elbk h-full\">\n<div class=\"react-scroll-to-bottom--css-pvfnj-1n7m0yu\">\n<div class=\"flex flex-col text-sm pb-9\">\n<div class=\"w-full text-token-text-primary\" data-testid=\"conversation-turn-4\">\n<div class=\"px-4 py-2 justify-center text-base md:gap-6 m-auto\">\n<div class=\"flex flex-1 text-base mx-auto gap-3 md:px-5 lg:px-1 xl:px-5 md:max-w-3xl lg:max-w-[40rem] xl:max-w-[48rem] group final-completion\">\n<div class=\"relative flex w-full flex-col agent-turn\">\n<div class=\"flex-col gap-1 md:gap-3\">\n<div class=\"flex flex-grow flex-col max-w-full\">\n<div class=\"min-h-[20px] text-message flex flex-col items-start gap-3 whitespace-pre-wrap break-words [.text-message+&amp;]:mt-5 overflow-x-auto\" data-message-author-role=\"assistant\" data-message-id=\"71211260-8fb6-498c-b579-4c55c2804b99\">\n<div class=\"markdown prose w-full break-words dark:prose-invert light\">\n<div class=\"flex flex-grow flex-col max-w-full\">\n<div class=\"min-h-[20px] text-message flex flex-col items-start gap-3 whitespace-pre-wrap break-words [.text-message+&amp;]:mt-5 overflow-x-auto\" data-message-author-role=\"assistant\" data-message-id=\"71211260-8fb6-498c-b579-4c55c2804b99\">\n<div class=\"markdown prose w-full break-words dark:prose-invert light\">\n<p>Discmania S-line MD5<\/p>\n<p>Lentoarvot: 5 3 0 4<\/p>\n<\/div>\n<\/div>\n<\/div>\n<div class=\"pr-2 lg:pr-0\">MD5 on Originals-sarjan luotettava ja ylivakaa midari, johon voit aina luottaa. Olipa kyseess\u00e4 kuinka tarkka heitto tahansa tai kuinka voimakas vastatuuli tahansa, t\u00e4m\u00e4 kiekko hoitaa homman. Kun pelisi on vaakalaudalla ja tarvitset ehdotonta suorituskyky\u00e4, MD5 on se kiekko, johon tartut. T\u00e4ydellinen valinta, kun haluat varmistaa onnistumisesi jokaisella heitolla!<\/div>\n<div><\/div>\n<div><strong><em>Kiekon v\u00e4ris\u00e4vy ja st\u00e4mpin v\u00e4ri saattavat poiketa tuotekuvasta.<\/em><\/strong><\/div>\n<\/div>\n<\/div>\n<\/div>\n<\/div>\n<div class=\"absolute\">\n<div class=\"flex w-full gap-2 items-center justify-center\"><\/div>\n<\/div>\n<\/div>\n<\/div>\n<\/div>\n<\/div>\n<\/div>\n<\/div>\n<\/div>\n<\/div>\n<div class=\"w-full pt-2 md:pt-0 dark:border-white\/20 md:border-transparent md:dark:border-transparent md:w-[calc(100%-.5rem)]\">\n<div class=\"relative flex h-full flex-1 flex-col\">\n<div class=\"flex w-full items-center\"><\/div>\n<\/div>\n<\/div>\n","protected":false},"excerpt":{"rendered":"<div class=\"flex flex-grow flex-col max-w-full\">\n<div class=\"min-h-[20px] text-message flex flex-col items-start gap-3 whitespace-pre-wrap break-words [.text-message+&amp;]:mt-5 overflow-x-auto\" data-message-author-role=\"assistant\" data-message-id=\"71211260-8fb6-498c-b579-4c55c2804b99\">\n<div class=\"markdown prose w-full break-words dark:prose-invert light\">\n<div class=\"flex flex-grow flex-col max-w-full\">\n<div class=\"min-h-[20px] text-message flex flex-col items-start gap-3 whitespace-pre-wrap break-words [.text-message+&amp;]:mt-5 overflow-x-auto\" data-message-author-role=\"assistant\" data-message-id=\"71211260-8fb6-498c-b579-4c55c2804b99\">\n<div class=\"markdown prose w-full break-words dark:prose-invert light\">\n<div class=\"flex flex-grow flex-col max-w-full\">\n<div class=\"min-h-[20px] text-message flex flex-col items-start gap-3 whitespace-pre-wrap break-words [.text-message+&amp;]:mt-5 overflow-x-auto\" data-message-author-role=\"assistant\" data-message-id=\"71211260-8fb6-498c-b579-4c55c2804b99\">\n<div class=\"markdown prose w-full break-words dark:prose-invert light\">\n<div class=\"flex flex-grow flex-col max-w-full\">\n<div class=\"min-h-[20px] text-message flex flex-col items-start gap-3 whitespace-pre-wrap break-words [.text-message+&amp;]:mt-5 overflow-x-auto\" data-message-author-role=\"assistant\" data-message-id=\"71211260-8fb6-498c-b579-4c55c2804b99\">\n<div class=\"markdown prose w-full break-words dark:prose-invert light\">\n<p>Discmania S-line MD5<\/p>\n<p>Lentoarvot: 5 3 0 4<\/p>\n<\/div>\n<\/div>\n<\/div>\n<div class=\"pr-2 lg:pr-0\">MD5 on Originals-sarjan luotettava ja ylivakaa midari, johon voit aina luottaa. Olipa kyseess\u00e4 kuinka tarkka heitto tahansa tai kuinka voimakas vastatuuli tahansa, t\u00e4m\u00e4 kiekko hoitaa homman. Kun pelisi on vaakalaudalla ja tarvitset ehdotonta suorituskyky\u00e4, MD5 on se kiekko, johon tartut. T\u00e4ydellinen valinta, kun haluat varmistaa onnistumisesi jokaisella heitolla!<\/div>\n<div><\/div>\n<div><strong><em>Kiekon v\u00e4ris\u00e4vy ja st\u00e4mpin v\u00e4ri saattavat poiketa tuotekuvasta.<\/em><\/strong><\/div>\n<\/div>\n<\/div>\n<\/div>\n<\/div>\n<\/div>\n<\/div>\n<\/div>\n<\/div>\n<\/div>\n","protected":false},"featured_media":221731,"comment_status":"open","ping_status":"closed","template":"","meta":{"_acf_changed":false,"om_disable_all_campaigns":false,"_improvement_type_select":"improve_an_existing","_thumb_yes_seoaic":false,"_frame_yes_seoaic":false,"seoaic_generate_description":"","seoaic_improve_instructions_prompt":"","seoaic_rollback_content_improvement":"","seoaic_idea_thumbnail_generator":"","thumbnail_generated":false,"thumbnail_generate_prompt":"","seoaic_article_description":""},"product_brand":[4855],"product_cat":[656,1861,1817,73],"product_tag":[569],"class_list":{"0":"post-221728","1":"product","2":"type-product","3":"status-publish","4":"has-post-thumbnail","6":"product_brand-discmania","7":"product_cat-discmania-kaikki","8":"product_cat-discmania-uudet-kiekot","9":"product_cat-uudet-kiekot","10":"product_cat-uutuudet","11":"product_tag-ylivakaa","12":"pa_feidi-287","13":"pa_kunto-a-2","14":"pa_liito-274","15":"pa_nopeus-263","16":"pa_paino-324","17":"pa_paino-326","18":"pa_paino-331","19":"pa_vakaus-281","20":"pa_vari-pinkki","21":"pa_vari-turkoosi","22":"pa_vari-violetti","24":"first","25":"instock","26":"taxable","27":"shipping-taxable","28":"purchasable","29":"product-type-variable"},"acf":[],"_links":{"self":[{"href":"https:\/\/topdisc.fi\/sv\/wp-json\/wp\/v2\/product\/221728","targetHints":{"allow":["GET"]}}],"collection":[{"href":"https:\/\/topdisc.fi\/sv\/wp-json\/wp\/v2\/product"}],"about":[{"href":"https:\/\/topdisc.fi\/sv\/wp-json\/wp\/v2\/types\/product"}],"replies":[{"embeddable":true,"href":"https:\/\/topdisc.fi\/sv\/wp-json\/wp\/v2\/comments?post=221728"}],"version-history":[{"count":1,"href":"https:\/\/topdisc.fi\/sv\/wp-json\/wp\/v2\/product\/221728\/revisions"}],"predecessor-version":[{"id":263875,"href":"https:\/\/topdisc.fi\/sv\/wp-json\/wp\/v2\/product\/221728\/revisions\/263875"}],"wp:featuredmedia":[{"embeddable":true,"href":"https:\/\/topdisc.fi\/sv\/wp-json\/wp\/v2\/media\/221731"}],"wp:attachment":[{"href":"https:\/\/topdisc.fi\/sv\/wp-json\/wp\/v2\/media?parent=221728"}],"wp:term":[{"taxonomy":"product_brand","embeddable":true,"href":"https:\/\/topdisc.fi\/sv\/wp-json\/wp\/v2\/product_brand?post=221728"},{"taxonomy":"product_cat","embeddable":true,"href":"https:\/\/topdisc.fi\/sv\/wp-json\/wp\/v2\/product_cat?post=221728"},{"taxonomy":"product_tag","embeddable":true,"href":"https:\/\/topdisc.fi\/sv\/wp-json\/wp\/v2\/product_tag?post=221728"}],"curies":[{"name":"wp","href":"https:\/\/api.w.org\/{rel}","templated":true}]}}