{"id":221950,"date":"2024-06-06T16:51:24","date_gmt":"2024-06-06T13:51:24","guid":{"rendered":"https:\/\/topdisc.fi\/?post_type=product&#038;p=221950"},"modified":"2024-08-05T13:43:40","modified_gmt":"2024-08-05T10:43:40","slug":"streamline-discs-cosmic-neutron-runway","status":"publish","type":"product","link":"https:\/\/topdisc.fi\/sv\/produkt\/streamline-discs-cosmic-neutron-runway\/","title":{"rendered":"Effektivisera Discs Cosmic Neutron Runway"},"content":{"rendered":"<p>Effektivisera Discs Cosmic Neutron Runway<\/p>\n<p>Flygv\u00e4rden: 5 4 0 3,5<\/p>\n<p>Streamline Discs&#039; Runway \u00e4r en ultrastabil midar som t\u00e5l kraftig dragkraft och bl\u00e5siga f\u00f6rh\u00e5llanden. En beh\u00e4ndig puck f\u00f6r handboll ocks\u00e5. J\u00e4mf\u00f6rt med m\u00e5nga \u00f6verstabila midars (t.ex. deflector eller Buzz os) \u00e4r Runway halare och har lite mindre blekning i slutet av flygningen.<\/p>\n<p>Cosmic Neutron \u00e4r en neutronplast, i vilken flera f\u00e4rg\u00e4mnen tills\u00e4tts formen vid formsprutning av skivan f\u00f6r att ge skivan ett unikt utseende.<\/p>\n<p>Skivor gjorda med Cosmic Neutron-plast kan ha flera f\u00e4rger eller nyanser, eller s\u00e5 kan de vara n\u00e4stan monokromatiska. F\u00e4rgnyanserna, m\u00f6nstrets styrka, m\u00f6nstrets form och f\u00e4rgen p\u00e5 st\u00e4mpeln varierar.<\/p>","protected":false},"excerpt":{"rendered":"<p>Effektivisera Discs Cosmic Neutron Runway<\/p>\n<p>Flygv\u00e4rden: 5 4 0 3,5<\/p>\n<p>Streamline Discs&#039; Runway \u00e4r en ultrastabil midar som t\u00e5l kraftig dragkraft och bl\u00e5siga f\u00f6rh\u00e5llanden. En beh\u00e4ndig puck f\u00f6r handboll ocks\u00e5. J\u00e4mf\u00f6rt med m\u00e5nga \u00f6verstabila midars (t.ex. deflector eller Buzz os) \u00e4r Runway rakare, j\u00e4mnare och har lite mindre blekning i slutet av flygningen.<\/p>\n<p>Cosmic Neutron \u00e4r en neutronplast, i vilken flera f\u00e4rg\u00e4mnen tills\u00e4tts formen vid formsprutning av skivan f\u00f6r att ge skivan ett unikt utseende.<\/p>\n<p>Skivor gjorda med Cosmic Neutron-plast kan ha flera f\u00e4rger eller nyanser, eller s\u00e5 kan de vara n\u00e4stan monokromatiska. F\u00e4rgnyanserna, m\u00f6nstrets styrka, m\u00f6nstrets form och f\u00e4rgen p\u00e5 st\u00e4mpeln varierar.<\/p>","protected":false},"featured_media":222198,"comment_status":"open","ping_status":"closed","template":"","meta":{"_acf_changed":false,"om_disable_all_campaigns":false,"_improvement_type_select":"improve_an_existing","_thumb_yes_seoaic":false,"_frame_yes_seoaic":false,"seoaic_generate_description":"","seoaic_improve_instructions_prompt":"","seoaic_rollback_content_improvement":"","seoaic_idea_thumbnail_generator":"","thumbnail_generated":false,"thumbnail_generate_prompt":"","seoaic_article_description":""},"product_brand":[],"product_cat":[1897,3148,1817,73,2625],"product_tag":[566,839,1944,569],"class_list":{"0":"post-221950","1":"product","2":"type-product","3":"status-publish","4":"has-post-thumbnail","6":"product_cat-mvp-kaikki-kiekot","7":"product_cat-streamline-uudet-kiekot","8":"product_cat-uudet-kiekot","9":"product_cat-uutuudet","10":"product_cat-valmistajat","11":"product_tag-midari","12":"product_tag-midrange","13":"product_tag-vakaa","14":"product_tag-ylivakaa","15":"pa_feidi-3-5","16":"pa_liito-273","17":"pa_nopeus-259","18":"pa_paino-319","19":"pa_paino-324","20":"pa_vakaus-zero","21":"pa_valmistajat-streamline-discs","22":"pa_vari-lime","23":"pa_vari-punaoranssi","24":"pa_vari-sinivihrea","26":"first","27":"instock","28":"taxable","29":"shipping-taxable","30":"purchasable","31":"product-type-variable"},"acf":[],"_links":{"self":[{"href":"https:\/\/topdisc.fi\/sv\/wp-json\/wp\/v2\/product\/221950","targetHints":{"allow":["GET"]}}],"collection":[{"href":"https:\/\/topdisc.fi\/sv\/wp-json\/wp\/v2\/product"}],"about":[{"href":"https:\/\/topdisc.fi\/sv\/wp-json\/wp\/v2\/types\/product"}],"replies":[{"embeddable":true,"href":"https:\/\/topdisc.fi\/sv\/wp-json\/wp\/v2\/comments?post=221950"}],"version-history":[{"count":0,"href":"https:\/\/topdisc.fi\/sv\/wp-json\/wp\/v2\/product\/221950\/revisions"}],"wp:featuredmedia":[{"embeddable":true,"href":"https:\/\/topdisc.fi\/sv\/wp-json\/wp\/v2\/media\/222198"}],"wp:attachment":[{"href":"https:\/\/topdisc.fi\/sv\/wp-json\/wp\/v2\/media?parent=221950"}],"wp:term":[{"taxonomy":"product_brand","embeddable":true,"href":"https:\/\/topdisc.fi\/sv\/wp-json\/wp\/v2\/product_brand?post=221950"},{"taxonomy":"product_cat","embeddable":true,"href":"https:\/\/topdisc.fi\/sv\/wp-json\/wp\/v2\/product_cat?post=221950"},{"taxonomy":"product_tag","embeddable":true,"href":"https:\/\/topdisc.fi\/sv\/wp-json\/wp\/v2\/product_tag?post=221950"}],"curies":[{"name":"wp","href":"https:\/\/api.w.org\/{rel}","templated":true}]}}