{"id":222494,"date":"2024-06-12T12:43:40","date_gmt":"2024-06-12T09:43:40","guid":{"rendered":"https:\/\/topdisc.fi\/?post_type=product&#038;p=222494"},"modified":"2026-01-21T17:19:34","modified_gmt":"2026-01-21T15:19:34","slug":"streamline-discs-cosmic-neutron-lift-3","status":"publish","type":"product","link":"https:\/\/topdisc.fi\/sv\/produkt\/streamline-discs-cosmic-neutron-lift-3\/","title":{"rendered":"Str\u00f6mlinjeforma skivor Cosmic Neutron Lift"},"content":{"rendered":"<p>Str\u00f6mlinjeforma skivor Cosmic Neutron Lift<\/p>\n<p>Flygv\u00e4rden: 9 5 -2 1,5<\/p>\n<p>Lift \u00e4r en understabil fairwayf\u00f6rare som flyger v\u00e4ldigt rakt i l\u00e4gre hastigheter. J\u00e4mf\u00f6rt med lyftets hastighet g\u00f6r den smala Rimmi och den moderata Dome det enkelt att kasta och erbjuder enkla extra meter tack vare det utm\u00e4rkta glidet.<\/p>\n<p>Cosmic Neutron \u00e4r en neutronplast, i vilken flera f\u00e4rg\u00e4mnen tills\u00e4tts formen vid formsprutning av skivan f\u00f6r att ge skivan ett unikt utseende.<\/p>\n<p>Skivor gjorda med Cosmic Neutron-plast kan ha flera f\u00e4rger eller nyanser, eller s\u00e5 kan de vara n\u00e4stan monokromatiska. F\u00e4rgnyanserna, m\u00f6nstrets styrka, m\u00f6nstrets form och f\u00e4rgen p\u00e5 st\u00e4mpeln varierar.<\/p>","protected":false},"excerpt":{"rendered":"<p>Str\u00f6mlinjeforma skivor Cosmic Neutron Lift<\/p>\n<p>Flygv\u00e4rden: 9 5 -2 1,5<\/p>\n<p>Lift \u00e4r en understabil fairwayf\u00f6rare som flyger v\u00e4ldigt rakt i l\u00e4gre hastigheter. J\u00e4mf\u00f6rt med lyftets hastighet g\u00f6r den smala Rimmi och den moderata Dome det enkelt att kasta och erbjuder enkla extra meter tack vare det utm\u00e4rkta glidet.<\/p>\n<p>Cosmic Neutron \u00e4r en neutronplast, i vilken flera f\u00e4rg\u00e4mnen tills\u00e4tts formen vid formsprutning av skivan f\u00f6r att ge skivan ett unikt utseende.<\/p>\n<p>Skivor gjorda med Cosmic Neutron-plast kan ha flera f\u00e4rger eller nyanser, eller s\u00e5 kan de vara n\u00e4stan monokromatiska. F\u00e4rgnyanserna, m\u00f6nstrets styrka, m\u00f6nstrets form och f\u00e4rgen p\u00e5 st\u00e4mpeln varierar.<\/p>","protected":false},"featured_media":222503,"comment_status":"open","ping_status":"closed","template":"","meta":{"_acf_changed":false,"om_disable_all_campaigns":false,"_improvement_type_select":"improve_an_existing","_thumb_yes_seoaic":false,"_frame_yes_seoaic":false,"seoaic_generate_description":"","seoaic_improve_instructions_prompt":"","seoaic_rollback_content_improvement":"","seoaic_idea_thumbnail_generator":"","thumbnail_generated":false,"thumbnail_generate_prompt":"","seoaic_article_description":""},"product_brand":[4863],"product_cat":[2625,1897,3148,1817,73],"product_tag":[1226,2520],"class_list":{"0":"post-222494","1":"product","2":"type-product","3":"status-publish","4":"has-post-thumbnail","6":"product_brand-streamline-discs","7":"product_cat-valmistajat","8":"product_cat-mvp-kaikki-kiekot","9":"product_cat-streamline-uudet-kiekot","10":"product_cat-uudet-kiekot","11":"product_cat-uutuudet","12":"product_tag-fairway","13":"product_tag-suora","14":"pa_feidi-1-5","15":"pa_liito-274","16":"pa_nopeus-263","17":"pa_paino-320","18":"pa_paino-324","19":"pa_vakaus-280","20":"pa_vari-harmaansinivihrea","21":"pa_vari-harmaanvaaleanpunainen","22":"pa_vari-vihreaoranssi","24":"first","25":"instock","26":"taxable","27":"shipping-taxable","28":"purchasable","29":"product-type-variable"},"acf":[],"_links":{"self":[{"href":"https:\/\/topdisc.fi\/sv\/wp-json\/wp\/v2\/product\/222494","targetHints":{"allow":["GET"]}}],"collection":[{"href":"https:\/\/topdisc.fi\/sv\/wp-json\/wp\/v2\/product"}],"about":[{"href":"https:\/\/topdisc.fi\/sv\/wp-json\/wp\/v2\/types\/product"}],"replies":[{"embeddable":true,"href":"https:\/\/topdisc.fi\/sv\/wp-json\/wp\/v2\/comments?post=222494"}],"version-history":[{"count":1,"href":"https:\/\/topdisc.fi\/sv\/wp-json\/wp\/v2\/product\/222494\/revisions"}],"predecessor-version":[{"id":261728,"href":"https:\/\/topdisc.fi\/sv\/wp-json\/wp\/v2\/product\/222494\/revisions\/261728"}],"wp:featuredmedia":[{"embeddable":true,"href":"https:\/\/topdisc.fi\/sv\/wp-json\/wp\/v2\/media\/222503"}],"wp:attachment":[{"href":"https:\/\/topdisc.fi\/sv\/wp-json\/wp\/v2\/media?parent=222494"}],"wp:term":[{"taxonomy":"product_brand","embeddable":true,"href":"https:\/\/topdisc.fi\/sv\/wp-json\/wp\/v2\/product_brand?post=222494"},{"taxonomy":"product_cat","embeddable":true,"href":"https:\/\/topdisc.fi\/sv\/wp-json\/wp\/v2\/product_cat?post=222494"},{"taxonomy":"product_tag","embeddable":true,"href":"https:\/\/topdisc.fi\/sv\/wp-json\/wp\/v2\/product_tag?post=222494"}],"curies":[{"name":"wp","href":"https:\/\/api.w.org\/{rel}","templated":true}]}}