{"id":222506,"date":"2024-06-12T13:02:00","date_gmt":"2024-06-12T10:02:00","guid":{"rendered":"https:\/\/topdisc.fi\/?post_type=product&#038;p=222506"},"modified":"2026-01-21T17:19:34","modified_gmt":"2026-01-21T15:19:34","slug":"streamline-discs-neutron-lift","status":"publish","type":"product","link":"https:\/\/topdisc.fi\/sv\/produkt\/streamline-discs-neutron-lift\/","title":{"rendered":"Effektivisera skivans neutronlyft"},"content":{"rendered":"<p>Effektivisera skivans neutronlyft<\/p>\n<p>Flygv\u00e4rden: 9 5 -2 1,5<\/p>\n<p>Lift \u00e4r en understabil fairwayf\u00f6rare som flyger v\u00e4ldigt rakt i l\u00e4gre hastigheter. J\u00e4mf\u00f6rt med lyftets hastighet g\u00f6r den smala Rimmi och den moderata Dome det enkelt att kasta och erbjuder enkla extra meter tack vare det utm\u00e4rkta glidet.<\/p>\n<p>Neutron \u00e4r Streamlines plastlegering som ger pucken ett snyggt utseende och en bra kastk\u00e4nsla i alla v\u00e4der.<\/p>","protected":false},"excerpt":{"rendered":"<p>Effektivisera skivans neutronlyft<\/p>\n<p>Flygv\u00e4rden: 9 5 -2 1,5<\/p>\n<p>Lift \u00e4r en understabil fairwayf\u00f6rare som flyger v\u00e4ldigt rakt i l\u00e4gre hastigheter. J\u00e4mf\u00f6rt med lyftets hastighet g\u00f6r den smala Rimmi och den moderata Dome det enkelt att kasta och erbjuder enkla extra meter tack vare det utm\u00e4rkta glidet.<\/p>\n<p>Neutron \u00e4r Streamlines plastlegering som ger pucken ett snyggt utseende och en bra kastk\u00e4nsla i alla v\u00e4der.<\/p>","protected":false},"featured_media":222516,"comment_status":"open","ping_status":"closed","template":"","meta":{"_acf_changed":false,"om_disable_all_campaigns":false,"_improvement_type_select":"improve_an_existing","_thumb_yes_seoaic":false,"_frame_yes_seoaic":false,"seoaic_generate_description":"","seoaic_improve_instructions_prompt":"","seoaic_rollback_content_improvement":"","seoaic_idea_thumbnail_generator":"","thumbnail_generated":false,"thumbnail_generate_prompt":"","seoaic_article_description":""},"product_brand":[4863],"product_cat":[2625,1897,3148,1817,73],"product_tag":[1226,2520],"class_list":{"0":"post-222506","1":"product","2":"type-product","3":"status-publish","4":"has-post-thumbnail","6":"product_brand-streamline-discs","7":"product_cat-valmistajat","8":"product_cat-mvp-kaikki-kiekot","9":"product_cat-streamline-uudet-kiekot","10":"product_cat-uudet-kiekot","11":"product_cat-uutuudet","12":"product_tag-fairway","13":"product_tag-suora","14":"pa_feidi-1-5","15":"pa_liito-274","16":"pa_nopeus-263","17":"pa_paino-318","18":"pa_paino-324","19":"pa_paino-325","20":"pa_paino-326","21":"pa_vakaus-280","22":"pa_valmistajat-streamline-discs","23":"pa_vari-lime","24":"pa_vari-sininen","25":"pa_vari-vaaleankeltainen","26":"pa_vari-valkoinen","28":"first","29":"instock","30":"taxable","31":"shipping-taxable","32":"purchasable","33":"product-type-variable"},"acf":[],"_links":{"self":[{"href":"https:\/\/topdisc.fi\/sv\/wp-json\/wp\/v2\/product\/222506","targetHints":{"allow":["GET"]}}],"collection":[{"href":"https:\/\/topdisc.fi\/sv\/wp-json\/wp\/v2\/product"}],"about":[{"href":"https:\/\/topdisc.fi\/sv\/wp-json\/wp\/v2\/types\/product"}],"replies":[{"embeddable":true,"href":"https:\/\/topdisc.fi\/sv\/wp-json\/wp\/v2\/comments?post=222506"}],"version-history":[{"count":1,"href":"https:\/\/topdisc.fi\/sv\/wp-json\/wp\/v2\/product\/222506\/revisions"}],"predecessor-version":[{"id":261727,"href":"https:\/\/topdisc.fi\/sv\/wp-json\/wp\/v2\/product\/222506\/revisions\/261727"}],"wp:featuredmedia":[{"embeddable":true,"href":"https:\/\/topdisc.fi\/sv\/wp-json\/wp\/v2\/media\/222516"}],"wp:attachment":[{"href":"https:\/\/topdisc.fi\/sv\/wp-json\/wp\/v2\/media?parent=222506"}],"wp:term":[{"taxonomy":"product_brand","embeddable":true,"href":"https:\/\/topdisc.fi\/sv\/wp-json\/wp\/v2\/product_brand?post=222506"},{"taxonomy":"product_cat","embeddable":true,"href":"https:\/\/topdisc.fi\/sv\/wp-json\/wp\/v2\/product_cat?post=222506"},{"taxonomy":"product_tag","embeddable":true,"href":"https:\/\/topdisc.fi\/sv\/wp-json\/wp\/v2\/product_tag?post=222506"}],"curies":[{"name":"wp","href":"https:\/\/api.w.org\/{rel}","templated":true}]}}