{"id":225162,"date":"2024-07-05T14:12:56","date_gmt":"2024-07-05T11:12:56","guid":{"rendered":"https:\/\/topdisc.fi\/?post_type=product&#038;p=225162"},"modified":"2026-01-27T18:33:00","modified_gmt":"2026-01-27T16:33:00","slug":"kastaplast-k1-glow-berg","status":"publish","type":"product","link":"https:\/\/topdisc.fi\/sv\/produkt\/kastaplast-k1-glow-berg\/","title":{"rendered":"Kastaplast K1 Glow Berg"},"content":{"rendered":"<p><strong>Kastaplast K1 Glow Berg<\/strong><\/p>\n<p>Kastaplast K1 Glow Berg \u00e4r en ikonisk putting- och approach-puck k\u00e4nd f\u00f6r sin unika design och tillf\u00f6rlitlighet. Berg \u00e4r designad f\u00f6r att ge exakt kontroll p\u00e5 inflygningsskott och puttar utan \u00f6verraskande snurr eller glid. Glow-versionen ger ett merv\u00e4rde till att spela i m\u00f6rker, eftersom pucken lyser starkt under nattens rundor.<\/p>\n<p><strong>Funktioner:<\/strong><\/p>\n<ul>\n<li><strong>Plast:<\/strong> K1 Glow-plast, som \u00e4r b\u00e5de h\u00e5llbar och lyser i m\u00f6rker.<\/li>\n<li><strong>Fart:<\/strong> 1<\/li>\n<li><strong>Glida:<\/strong> 1<\/li>\n<li><strong>H\u00e5llfasthet:<\/strong> 0<\/li>\n<li><strong>Feidi:<\/strong> 2<\/li>\n<\/ul>\n<p><strong>Vem \u00e4r det f\u00f6r?<\/strong><br \/>\nBerg \u00e4r perfekt f\u00f6r spelare p\u00e5 alla niv\u00e5er. Nyb\u00f6rjare kommer att dra nytta av dess stabila och raka bana, medan erfarna spelare kommer att uppskatta dess f\u00f6rm\u00e5ga att stanna precis d\u00e4r s\u00e5 \u00f6nskas. S\u00e4rskilt bl\u00e5siga f\u00f6rh\u00e5llanden st\u00f6r inte Bergs flygning.<\/p>\n<p><strong>Varf\u00f6r v\u00e4lja Kastaplast K1 Glow Berg?<\/strong><\/p>\n<ul>\n<li>En p\u00e5litlig och kontrollerad flygning utan en extra flygning.<\/li>\n<li>Ett utm\u00e4rkt val f\u00f6r inflygningar som kr\u00e4ver precision och stopp.<\/li>\n<li>Gl\u00f6dplast g\u00f6r pucken synlig och l\u00e4tt att hitta i m\u00f6rker.<\/li>\n<li>Designad f\u00f6r att h\u00e5lla sig stabil och prestera bra \u00e4ven med h\u00e5rdare kast.<\/li>\n<\/ul>\n<p>K1 Glow Berg \u00e4r den perfekta pucken f\u00f6r spelare som beh\u00f6ver sj\u00e4lvf\u00f6rtroende och noggrannhet i n\u00e4rmande skott och puttar, oavsett f\u00f6rh\u00e5llanden!<\/p>\n<p><strong><em>Skivans f\u00e4rgton och st\u00e4mpelns f\u00e4rg kanske inte helt matchar produktbilden.<\/em><\/strong><\/p>","protected":false},"excerpt":{"rendered":"<p><strong>Kastaplast K1 Glow Berg<\/strong><\/p>\n<p>Kastaplast K1 Glow Berg \u00e4r en ikonisk putting- och approach-puck k\u00e4nd f\u00f6r sin unika design och tillf\u00f6rlitlighet. Berg \u00e4r designad f\u00f6r att ge exakt kontroll p\u00e5 inflygningsskott och puttar utan \u00f6verraskande snurr eller glid. Glow-versionen ger ett merv\u00e4rde till att spela i m\u00f6rker, eftersom pucken lyser starkt under nattens rundor.<\/p>\n<p><strong>Funktioner:<\/strong><\/p>\n<ul>\n<li><strong>Plast:<\/strong> K1 Glow-plast, som \u00e4r b\u00e5de h\u00e5llbar och lyser i m\u00f6rker.<\/li>\n<li><strong>Fart:<\/strong> 1<\/li>\n<li><strong>Glida:<\/strong> 1<\/li>\n<li><strong>H\u00e5llfasthet:<\/strong> 0<\/li>\n<li><strong>Feidi:<\/strong> 2<\/li>\n<\/ul>\n<p><strong>Vem \u00e4r det f\u00f6r?<\/strong><br \/>\nBerg \u00e4r perfekt f\u00f6r spelare p\u00e5 alla niv\u00e5er. Nyb\u00f6rjare kommer att dra nytta av dess stabila och raka bana, medan erfarna spelare kommer att uppskatta dess f\u00f6rm\u00e5ga att stanna precis d\u00e4r s\u00e5 \u00f6nskas. S\u00e4rskilt bl\u00e5siga f\u00f6rh\u00e5llanden st\u00f6r inte Bergs flygning.<\/p>\n<p><strong>Varf\u00f6r v\u00e4lja Kastaplast K1 Glow Berg?<\/strong><\/p>\n<ul>\n<li>En p\u00e5litlig och kontrollerad flygning utan en extra flygning.<\/li>\n<li>Ett utm\u00e4rkt val f\u00f6r inflygningar som kr\u00e4ver precision och stopp.<\/li>\n<li>Gl\u00f6dplast g\u00f6r pucken synlig och l\u00e4tt att hitta i m\u00f6rker.<\/li>\n<li>Designad f\u00f6r att h\u00e5lla sig stabil och prestera bra \u00e4ven med h\u00e5rdare kast.<\/li>\n<\/ul>\n<p>K1 Glow Berg \u00e4r den perfekta pucken f\u00f6r spelare som beh\u00f6ver sj\u00e4lvf\u00f6rtroende och noggrannhet i n\u00e4rmande skott och puttar, oavsett f\u00f6rh\u00e5llanden!<\/p>\n<p><strong><em>Skivans f\u00e4rgton och st\u00e4mpelns f\u00e4rg kanske inte helt matchar produktbilden.<\/em><\/strong><\/p>","protected":false},"featured_media":225165,"comment_status":"open","ping_status":"closed","template":"","meta":{"_acf_changed":false,"om_disable_all_campaigns":false,"_improvement_type_select":"improve_an_existing","_thumb_yes_seoaic":false,"_frame_yes_seoaic":false,"seoaic_generate_description":"","seoaic_improve_instructions_prompt":"","seoaic_rollback_content_improvement":"","seoaic_idea_thumbnail_generator":"","thumbnail_generated":false,"thumbnail_generate_prompt":"","seoaic_article_description":""},"product_brand":[4870],"product_cat":[3022,1817,73],"product_tag":[565,569],"class_list":{"0":"post-225162","1":"product","2":"type-product","3":"status-publish","4":"has-post-thumbnail","6":"product_brand-kastaplast","7":"product_cat-kastaplast-uudet-kiekot","8":"product_cat-uudet-kiekot","9":"product_cat-uutuudet","10":"product_tag-putteri","11":"product_tag-ylivakaa","12":"pa_feidi-287","13":"pa_liito-270","14":"pa_nopeus-255","15":"pa_vakaus-zero","16":"pa_vari-glow","18":"first","19":"outofstock","20":"taxable","21":"shipping-taxable","22":"product-type-variable"},"acf":[],"_links":{"self":[{"href":"https:\/\/topdisc.fi\/sv\/wp-json\/wp\/v2\/product\/225162","targetHints":{"allow":["GET"]}}],"collection":[{"href":"https:\/\/topdisc.fi\/sv\/wp-json\/wp\/v2\/product"}],"about":[{"href":"https:\/\/topdisc.fi\/sv\/wp-json\/wp\/v2\/types\/product"}],"replies":[{"embeddable":true,"href":"https:\/\/topdisc.fi\/sv\/wp-json\/wp\/v2\/comments?post=225162"}],"version-history":[{"count":1,"href":"https:\/\/topdisc.fi\/sv\/wp-json\/wp\/v2\/product\/225162\/revisions"}],"predecessor-version":[{"id":264300,"href":"https:\/\/topdisc.fi\/sv\/wp-json\/wp\/v2\/product\/225162\/revisions\/264300"}],"wp:featuredmedia":[{"embeddable":true,"href":"https:\/\/topdisc.fi\/sv\/wp-json\/wp\/v2\/media\/225165"}],"wp:attachment":[{"href":"https:\/\/topdisc.fi\/sv\/wp-json\/wp\/v2\/media?parent=225162"}],"wp:term":[{"taxonomy":"product_brand","embeddable":true,"href":"https:\/\/topdisc.fi\/sv\/wp-json\/wp\/v2\/product_brand?post=225162"},{"taxonomy":"product_cat","embeddable":true,"href":"https:\/\/topdisc.fi\/sv\/wp-json\/wp\/v2\/product_cat?post=225162"},{"taxonomy":"product_tag","embeddable":true,"href":"https:\/\/topdisc.fi\/sv\/wp-json\/wp\/v2\/product_tag?post=225162"}],"curies":[{"name":"wp","href":"https:\/\/api.w.org\/{rel}","templated":true}]}}