{"id":225266,"date":"2024-07-05T16:49:12","date_gmt":"2024-07-05T13:49:12","guid":{"rendered":"https:\/\/topdisc.fi\/?post_type=product&#038;p=225266"},"modified":"2026-01-27T18:32:59","modified_gmt":"2026-01-27T16:32:59","slug":"kastaplast-k1-stig","status":"publish","type":"product","link":"https:\/\/topdisc.fi\/sv\/produkt\/kastaplast-k1-stig\/","title":{"rendered":"Kastaplast K1 Stig"},"content":{"rendered":"<p>Kastaplast K1 Stig<\/p>\n<p>Flygv\u00e4rden: 6 5 -2 1<\/p>\n<p>Stig \u00e4r en mellanmodell mellan en busschauff\u00f6r och en midar. Detta \u00e4r en understabil och kladdig puck som du kan forma fairway med som du vill. Detta \u00e4r perfekt f\u00f6r en nyb\u00f6rjare.<\/p>\n<p><strong><em>Skivans f\u00e4rgton och st\u00e4mpelns f\u00e4rg kanske inte helt matchar produktbilden.<\/em><\/strong><\/p>","protected":false},"excerpt":{"rendered":"<p>Kastaplast K1 Stig<\/p>\n<p>Flygv\u00e4rden: 6 5 -2 1<\/p>\n<p>Stig \u00e4r en mellanmodell mellan en busschauff\u00f6r och en midar. Detta \u00e4r en understabil och kladdig puck som du kan forma fairway med som du vill. Detta \u00e4r perfekt f\u00f6r en nyb\u00f6rjare.<\/p>\n<p><strong><em>Skivans f\u00e4rgton och st\u00e4mpelns f\u00e4rg kanske inte helt matchar produktbilden.<\/em><\/strong><\/p>","protected":false},"featured_media":225268,"comment_status":"open","ping_status":"closed","template":"","meta":{"_acf_changed":false,"om_disable_all_campaigns":false,"_improvement_type_select":"improve_an_existing","_thumb_yes_seoaic":false,"_frame_yes_seoaic":false,"seoaic_generate_description":"","seoaic_improve_instructions_prompt":"","seoaic_rollback_content_improvement":"","seoaic_idea_thumbnail_generator":"","thumbnail_generated":false,"thumbnail_generate_prompt":"","seoaic_article_description":""},"product_brand":[4870],"product_cat":[3022,1817,73],"product_tag":[],"class_list":{"0":"post-225266","1":"product","2":"type-product","3":"status-publish","4":"has-post-thumbnail","6":"product_brand-kastaplast","7":"product_cat-kastaplast-uudet-kiekot","8":"product_cat-uudet-kiekot","9":"product_cat-uutuudet","10":"pa_feidi-287","11":"pa_liito-270","12":"pa_nopeus-255","13":"pa_vakaus-zero","14":"pa_vari-keltainen","15":"pa_vari-persikka","16":"pa_vari-vaaleanpunainen","18":"first","19":"outofstock","20":"taxable","21":"shipping-taxable","22":"product-type-variable"},"acf":[],"_links":{"self":[{"href":"https:\/\/topdisc.fi\/sv\/wp-json\/wp\/v2\/product\/225266","targetHints":{"allow":["GET"]}}],"collection":[{"href":"https:\/\/topdisc.fi\/sv\/wp-json\/wp\/v2\/product"}],"about":[{"href":"https:\/\/topdisc.fi\/sv\/wp-json\/wp\/v2\/types\/product"}],"replies":[{"embeddable":true,"href":"https:\/\/topdisc.fi\/sv\/wp-json\/wp\/v2\/comments?post=225266"}],"version-history":[{"count":1,"href":"https:\/\/topdisc.fi\/sv\/wp-json\/wp\/v2\/product\/225266\/revisions"}],"predecessor-version":[{"id":264297,"href":"https:\/\/topdisc.fi\/sv\/wp-json\/wp\/v2\/product\/225266\/revisions\/264297"}],"wp:featuredmedia":[{"embeddable":true,"href":"https:\/\/topdisc.fi\/sv\/wp-json\/wp\/v2\/media\/225268"}],"wp:attachment":[{"href":"https:\/\/topdisc.fi\/sv\/wp-json\/wp\/v2\/media?parent=225266"}],"wp:term":[{"taxonomy":"product_brand","embeddable":true,"href":"https:\/\/topdisc.fi\/sv\/wp-json\/wp\/v2\/product_brand?post=225266"},{"taxonomy":"product_cat","embeddable":true,"href":"https:\/\/topdisc.fi\/sv\/wp-json\/wp\/v2\/product_cat?post=225266"},{"taxonomy":"product_tag","embeddable":true,"href":"https:\/\/topdisc.fi\/sv\/wp-json\/wp\/v2\/product_tag?post=225266"}],"curies":[{"name":"wp","href":"https:\/\/api.w.org\/{rel}","templated":true}]}}