{"id":225275,"date":"2024-07-05T17:09:55","date_gmt":"2024-07-05T14:09:55","guid":{"rendered":"https:\/\/topdisc.fi\/?post_type=product&#038;p=225275"},"modified":"2026-01-27T18:32:58","modified_gmt":"2026-01-27T16:32:58","slug":"kastaplast-k1-alva","status":"publish","type":"product","link":"https:\/\/topdisc.fi\/sv\/produkt\/kastaplast-k1-alva\/","title":{"rendered":"Kastaplast K1 \u00c4lva"},"content":{"rendered":"<p>Kastaplast K1 \u00c4lva<\/p>\n<p>Flygv\u00e4rden: 11 6 -2 2<\/p>\n<p>\u00c4lva trivs b\u00e4st p\u00e5 breda all\u00e9er och under bar himmel. F\u00f6lj dess l\u00e4tta flygning \u00f6ver \u00e4ngarna och h\u00e4pna \u00f6ver avst\u00e5ndet den b\u00e4r. Denna puck beh\u00f6ver mindre kraft f\u00f6r att visa sin potential, vilket g\u00f6r den idealisk f\u00f6r spektakul\u00e4ra fairways. Den breda kanten ger ett stabilt grepp och kontrollerad frig\u00f6ring. En tomte anses vara en fascinerande varelse som g\u00e5r i morgondimmans tystnad - akta dig f\u00f6r vinden!<\/p>\n<p><strong><em>F\u00e4rgen p\u00e5 skivan och tonen p\u00e5 st\u00e4mpeln kan skilja sig fr\u00e5n produktbilden.<\/em><\/strong><\/p>","protected":false},"excerpt":{"rendered":"<p>Kastaplast K1 \u00c4lva<\/p>\n<p>Flygv\u00e4rden: 11 6 -2 2<\/p>\n<p>\u00c4lva trivs b\u00e4st p\u00e5 breda all\u00e9er och under bar himmel. F\u00f6lj dess l\u00e4tta flygning \u00f6ver \u00e4ngarna och h\u00e4pna \u00f6ver avst\u00e5ndet den b\u00e4r. Denna puck beh\u00f6ver mindre kraft f\u00f6r att visa sin potential, vilket g\u00f6r den idealisk f\u00f6r spektakul\u00e4ra fairways. Den breda kanten ger ett stabilt grepp och kontrollerad frig\u00f6ring. En tomte anses vara en fascinerande varelse som g\u00e5r i morgondimmans tystnad - akta dig f\u00f6r vinden!<\/p>\n<p><strong><em>F\u00e4rgen p\u00e5 skivan och tonen p\u00e5 st\u00e4mpeln kan skilja sig fr\u00e5n produktbilden.<\/em><\/strong><\/p>","protected":false},"featured_media":225278,"comment_status":"open","ping_status":"closed","template":"","meta":{"_acf_changed":false,"om_disable_all_campaigns":false,"_improvement_type_select":"improve_an_existing","_thumb_yes_seoaic":false,"_frame_yes_seoaic":false,"seoaic_generate_description":"","seoaic_improve_instructions_prompt":"","seoaic_rollback_content_improvement":"","seoaic_idea_thumbnail_generator":"","thumbnail_generated":false,"thumbnail_generate_prompt":"","seoaic_article_description":""},"product_brand":[4870],"product_cat":[3022,1817,73],"product_tag":[],"class_list":{"0":"post-225275","1":"product","2":"type-product","3":"status-publish","4":"has-post-thumbnail","6":"product_brand-kastaplast","7":"product_cat-kastaplast-uudet-kiekot","8":"product_cat-uudet-kiekot","9":"product_cat-uutuudet","10":"pa_feidi-287","11":"pa_kunto-a-2","12":"pa_liito-275","13":"pa_nopeus-265","14":"pa_paino-323","15":"pa_vakaus-280","16":"pa_vari-sininen","17":"pa_vari-vihrea","19":"first","20":"outofstock","21":"taxable","22":"shipping-taxable","23":"product-type-variable"},"acf":[],"_links":{"self":[{"href":"https:\/\/topdisc.fi\/sv\/wp-json\/wp\/v2\/product\/225275","targetHints":{"allow":["GET"]}}],"collection":[{"href":"https:\/\/topdisc.fi\/sv\/wp-json\/wp\/v2\/product"}],"about":[{"href":"https:\/\/topdisc.fi\/sv\/wp-json\/wp\/v2\/types\/product"}],"replies":[{"embeddable":true,"href":"https:\/\/topdisc.fi\/sv\/wp-json\/wp\/v2\/comments?post=225275"}],"version-history":[{"count":1,"href":"https:\/\/topdisc.fi\/sv\/wp-json\/wp\/v2\/product\/225275\/revisions"}],"predecessor-version":[{"id":264295,"href":"https:\/\/topdisc.fi\/sv\/wp-json\/wp\/v2\/product\/225275\/revisions\/264295"}],"wp:featuredmedia":[{"embeddable":true,"href":"https:\/\/topdisc.fi\/sv\/wp-json\/wp\/v2\/media\/225278"}],"wp:attachment":[{"href":"https:\/\/topdisc.fi\/sv\/wp-json\/wp\/v2\/media?parent=225275"}],"wp:term":[{"taxonomy":"product_brand","embeddable":true,"href":"https:\/\/topdisc.fi\/sv\/wp-json\/wp\/v2\/product_brand?post=225275"},{"taxonomy":"product_cat","embeddable":true,"href":"https:\/\/topdisc.fi\/sv\/wp-json\/wp\/v2\/product_cat?post=225275"},{"taxonomy":"product_tag","embeddable":true,"href":"https:\/\/topdisc.fi\/sv\/wp-json\/wp\/v2\/product_tag?post=225275"}],"curies":[{"name":"wp","href":"https:\/\/api.w.org\/{rel}","templated":true}]}}