{"id":225285,"date":"2024-07-05T18:28:02","date_gmt":"2024-07-05T15:28:02","guid":{"rendered":"https:\/\/topdisc.fi\/?post_type=product&#038;p=225285"},"modified":"2025-03-12T14:03:13","modified_gmt":"2025-03-12T12:03:13","slug":"latitude-64-grand-brave","status":"publish","type":"product","link":"https:\/\/topdisc.fi\/sv\/produkt\/latitude-64-grand-brave\/","title":{"rendered":"Latitud 64 Grand Brave"},"content":{"rendered":"<p class=\"product-title\">Latitud 64 Grand Brave<\/p>\n<p>Flygv\u00e4rden: 7 6 -1 2<\/p>\n<p>Brave \u00e4r en fairwayf\u00f6rare som kommer att \u00f6verraska dig med sin l\u00f6mska distans. Designad p\u00e5 basis av den framg\u00e5ngsrika Explorer, erbjuder Brave en n\u00e5got mindre stabil flygbana och f\u00f6rb\u00e4ttrat glid. Oavsett om du \u00e4r en amat\u00f6r som siktar p\u00e5 l\u00e4ngd eller ett proffs som utf\u00f6r kontrollerade anhyzer-kast, kommer dina v\u00e4nner att beundra ditt dj\u00e4rva spel.<\/p>\n<p><strong><em>Skivans f\u00e4rgton och st\u00e4mpelns f\u00e4rg kanske inte helt matchar produktbilden.<\/em><\/strong><\/p>","protected":false},"excerpt":{"rendered":"<p class=\"product-title\">Latitud 64 Grand Brave<\/p>\n<p>Flygv\u00e4rden: 7 6 -1 2<\/p>\n<p>Brave \u00e4r en fairwayf\u00f6rare som kommer att \u00f6verraska dig med sin l\u00f6mska distans. Designad p\u00e5 basis av den framg\u00e5ngsrika Explorer, erbjuder Brave en n\u00e5got mindre stabil flygbana och f\u00f6rb\u00e4ttrat glid. Oavsett om du \u00e4r en amat\u00f6r som siktar p\u00e5 l\u00e4ngd eller ett proffs som utf\u00f6r kontrollerade anhyzer-kast, kommer dina v\u00e4nner att beundra ditt dj\u00e4rva spel.<\/p>\n<p><strong><em>Skivans f\u00e4rgton och st\u00e4mpelns f\u00e4rg kanske inte helt matchar produktbilden.<\/em><\/strong><\/p>","protected":false},"featured_media":225291,"comment_status":"open","ping_status":"closed","template":"","meta":{"_acf_changed":false,"om_disable_all_campaigns":false,"_improvement_type_select":"improve_an_existing","_thumb_yes_seoaic":false,"_frame_yes_seoaic":false,"seoaic_generate_description":"","seoaic_improve_instructions_prompt":"","seoaic_rollback_content_improvement":"","seoaic_idea_thumbnail_generator":"","thumbnail_generated":false,"thumbnail_generate_prompt":"","seoaic_article_description":""},"product_brand":[],"product_cat":[1850,1817,73],"product_tag":[],"class_list":{"0":"post-225285","1":"product","2":"type-product","3":"status-publish","4":"has-post-thumbnail","6":"product_cat-uudet-latitude-64-kiekot","7":"product_cat-uudet-kiekot","8":"product_cat-uutuudet","9":"pa_feidi-287","10":"pa_liito-275","11":"pa_nopeus-261","12":"pa_paino-331","13":"pa_vakaus-281","14":"pa_vari-turkoosi","15":"pa_vari-vaaleanpunainen","17":"first","18":"outofstock","19":"taxable","20":"shipping-taxable","21":"product-type-variable"},"acf":[],"_links":{"self":[{"href":"https:\/\/topdisc.fi\/sv\/wp-json\/wp\/v2\/product\/225285","targetHints":{"allow":["GET"]}}],"collection":[{"href":"https:\/\/topdisc.fi\/sv\/wp-json\/wp\/v2\/product"}],"about":[{"href":"https:\/\/topdisc.fi\/sv\/wp-json\/wp\/v2\/types\/product"}],"replies":[{"embeddable":true,"href":"https:\/\/topdisc.fi\/sv\/wp-json\/wp\/v2\/comments?post=225285"}],"version-history":[{"count":0,"href":"https:\/\/topdisc.fi\/sv\/wp-json\/wp\/v2\/product\/225285\/revisions"}],"wp:featuredmedia":[{"embeddable":true,"href":"https:\/\/topdisc.fi\/sv\/wp-json\/wp\/v2\/media\/225291"}],"wp:attachment":[{"href":"https:\/\/topdisc.fi\/sv\/wp-json\/wp\/v2\/media?parent=225285"}],"wp:term":[{"taxonomy":"product_brand","embeddable":true,"href":"https:\/\/topdisc.fi\/sv\/wp-json\/wp\/v2\/product_brand?post=225285"},{"taxonomy":"product_cat","embeddable":true,"href":"https:\/\/topdisc.fi\/sv\/wp-json\/wp\/v2\/product_cat?post=225285"},{"taxonomy":"product_tag","embeddable":true,"href":"https:\/\/topdisc.fi\/sv\/wp-json\/wp\/v2\/product_tag?post=225285"}],"curies":[{"name":"wp","href":"https:\/\/api.w.org\/{rel}","templated":true}]}}