{"id":225802,"date":"2024-07-07T14:28:31","date_gmt":"2024-07-07T11:28:31","guid":{"rendered":"https:\/\/topdisc.fi\/?post_type=product&#038;p=225802"},"modified":"2026-01-31T13:32:23","modified_gmt":"2026-01-31T11:32:23","slug":"innova-dx-rhyno","status":"publish","type":"product","link":"https:\/\/topdisc.fi\/sv\/produkt\/innova-dx-rhyno\/","title":{"rendered":"Innova Dx Rhyno"},"content":{"rendered":"<p>Innova Dx Rhyno<\/p>\n<p>Flygv\u00e4rden: 2 1 0 3<\/p>\n<p>Skick: A<\/p>\n<p>Vikt: 175g<\/p>\n<p>Mark\u00f6rer: -<\/p>","protected":false},"excerpt":{"rendered":"<p>Innova Dx Rhyno<\/p>\n<p>Flygv\u00e4rden: 2 1 0 3<\/p>\n<p>Skick: A<\/p>\n<p>Vikt: 175g<\/p>\n<p>Mark\u00f6rer: -<\/p>\n<p>Detta exemplar tillverkades p\u00e5 Innovas f\u00f6rsta fabrik i San Marino. En specialitet f\u00f6r den fabrikens verk \u00e4r patentnumret tryckt p\u00e5 skivans omslag. Rykten s\u00e4ger att San Marino-skivorna h\u00e5ller b\u00e4ttre och \u00e4r n\u00e5got mindre stabila \u00e4n de som tillverkats p\u00e5 Rancho-fabriken.<\/p>","protected":false},"featured_media":226155,"comment_status":"open","ping_status":"closed","template":"","meta":{"_acf_changed":false,"om_disable_all_campaigns":false,"_improvement_type_select":"improve_an_existing","_thumb_yes_seoaic":false,"_frame_yes_seoaic":false,"seoaic_generate_description":"","seoaic_improve_instructions_prompt":"","seoaic_rollback_content_improvement":"","seoaic_idea_thumbnail_generator":"","thumbnail_generated":false,"thumbnail_generate_prompt":"","seoaic_article_description":""},"product_brand":[4854],"product_cat":[1868,1824,1848,4670,1806,368,1808,2621,3783,2625],"product_tag":[4885],"class_list":{"0":"post-225802","1":"product","2":"type-product","3":"status-publish","4":"has-post-thumbnail","6":"product_brand-innova","7":"product_cat-innova-kaikki","8":"product_cat-innova-kaytetyt-kiekot","9":"product_cat-innova-kaytetyt-putterit-innova-kaytetyt-frisbeegolfkiekot-2","10":"product_cat-inv","11":"product_cat-kaytetyt-frisbeegolfkiekot","12":"product_cat-lahestymiskiekot","13":"product_cat-kaytetyt-putterit","14":"product_cat-restockit","15":"product_cat-syysale","16":"product_cat-valmistajat","17":"product_tag-ale","18":"pa_feidi-288","19":"pa_kunto-a-2","20":"pa_liito-270","21":"pa_nopeus-256","22":"pa_paino-326","23":"pa_vakaus-zero","24":"pa_valmistajat-innova","26":"first","27":"instock","28":"sale","29":"taxable","30":"shipping-taxable","31":"purchasable","32":"product-type-simple"},"acf":[],"_links":{"self":[{"href":"https:\/\/topdisc.fi\/sv\/wp-json\/wp\/v2\/product\/225802","targetHints":{"allow":["GET"]}}],"collection":[{"href":"https:\/\/topdisc.fi\/sv\/wp-json\/wp\/v2\/product"}],"about":[{"href":"https:\/\/topdisc.fi\/sv\/wp-json\/wp\/v2\/types\/product"}],"replies":[{"embeddable":true,"href":"https:\/\/topdisc.fi\/sv\/wp-json\/wp\/v2\/comments?post=225802"}],"version-history":[{"count":1,"href":"https:\/\/topdisc.fi\/sv\/wp-json\/wp\/v2\/product\/225802\/revisions"}],"predecessor-version":[{"id":261952,"href":"https:\/\/topdisc.fi\/sv\/wp-json\/wp\/v2\/product\/225802\/revisions\/261952"}],"wp:featuredmedia":[{"embeddable":true,"href":"https:\/\/topdisc.fi\/sv\/wp-json\/wp\/v2\/media\/226155"}],"wp:attachment":[{"href":"https:\/\/topdisc.fi\/sv\/wp-json\/wp\/v2\/media?parent=225802"}],"wp:term":[{"taxonomy":"product_brand","embeddable":true,"href":"https:\/\/topdisc.fi\/sv\/wp-json\/wp\/v2\/product_brand?post=225802"},{"taxonomy":"product_cat","embeddable":true,"href":"https:\/\/topdisc.fi\/sv\/wp-json\/wp\/v2\/product_cat?post=225802"},{"taxonomy":"product_tag","embeddable":true,"href":"https:\/\/topdisc.fi\/sv\/wp-json\/wp\/v2\/product_tag?post=225802"}],"curies":[{"name":"wp","href":"https:\/\/api.w.org\/{rel}","templated":true}]}}