{"id":226639,"date":"2024-07-24T16:35:06","date_gmt":"2024-07-24T13:35:06","guid":{"rendered":"https:\/\/topdisc.fi\/?post_type=product&#038;p=226639"},"modified":"2025-09-24T18:26:53","modified_gmt":"2025-09-24T15:26:53","slug":"dry-grip-animals-kasityynypyyhe","status":"publish","type":"product","link":"https:\/\/topdisc.fi\/sv\/produkt\/dry-grip-animals-kasityynypyyhe\/","title":{"rendered":"Dry Grip Animals - handkudde handduk"},"content":{"rendered":"<div class=\"flex-shrink-0 flex flex-col relative items-end\">\n<div>\n<div class=\"pt-0\">\n<div class=\"gizmo-bot-avatar flex h-8 w-8 items-center justify-center overflow-hidden rounded-full\">\n<div class=\"relative p-1 rounded-sm flex items-center justify-center bg-token-main-surface-primary text-token-text-primary h-8 w-8\"><span style=\"color: #1b1919;font-size: 22px\">Kuivaa k\u00e4tesi heittokuntoon s\u00e4\u00e4ll\u00e4 kuin s\u00e4\u00e4ll\u00e4!<\/span><\/div>\n<\/div>\n<\/div>\n<\/div>\n<\/div>\n<div class=\"group\/conversation-turn relative flex w-full min-w-0 flex-col agent-turn\">\n<div class=\"flex-col gap-1 md:gap-3\">\n<div class=\"flex flex-grow flex-col max-w-full\">\n<div class=\"min-h-[20px] text-message flex w-full flex-col items-end gap-2 whitespace-pre-wrap break-words [.text-message+&amp;]:mt-5 overflow-x-auto\" dir=\"auto\" data-message-author-role=\"assistant\" data-message-id=\"14deb56c-ba5d-407f-8cac-ed687247624d\">\n<div class=\"flex w-full flex-col gap-1 empty:hidden first:pt-[3px]\">\n<div class=\"markdown prose w-full break-words dark:prose-invert light\">\n<p><strong>Esittelyss\u00e4 innovatiivinen k\u00e4sityynypyyhe, joka tuo heittosi uudelle tasolle!<\/strong> T\u00e4ll\u00e4 pussilla kuivaat k\u00e4tesi t\u00e4ydellisesti, olipa kyseess\u00e4 paahtava kes\u00e4p\u00e4iv\u00e4 tai sateinen keli. K\u00e4sityynypyyhe toimii kuin valaspussi, mutta sen sis\u00e4ll\u00e4 on tehokasta magnesiumia. Pyyhkeeseen, joka roikkuu pussin per\u00e4ss\u00e4, voit k\u00e4tev\u00e4sti pyyhki\u00e4 ylim\u00e4\u00e4r\u00e4isen magnesiumin tai lian k\u00e4sist\u00e4si.<\/p>\n<h4>Laadukkaat ja luonnolliset materiaalit<\/h4>\n<ul>\n<li><strong>Pintakankaat:<\/strong> Merino- ja puuvilla, 100% luonnonmateriaalia.<\/li>\n<li><strong>Sis\u00e4kuori:<\/strong> Sis\u00e4lt\u00e4\u00e4 magnesiumia ja hamppumurskaa, joka v\u00e4hent\u00e4\u00e4 p\u00f6lly\u00e4mist\u00e4, antaa muovailtavan vaikutelman ja pident\u00e4\u00e4 k\u00e4ytt\u00f6ik\u00e4\u00e4.<\/li>\n<\/ul>\n<h4>K\u00e4tev\u00e4t yksityiskohdat<\/h4>\n<ul>\n<li><strong>Tuotenauha:<\/strong> Varustettu pienell\u00e4 lenkill\u00e4, josta voit kiinnitt\u00e4\u00e4 pussin helposti b\u00e4giisi.<\/li>\n<li><strong>Per\u00e4ss\u00e4 pyyhe:<\/strong> Pyyhk\u00e4ise pois pienet tahrat tai lika ilman, ett\u00e4 sotket vaatteitasi.<\/li>\n<\/ul>\n<p>Nyt voit varmistaa, ett\u00e4 k\u00e4tesi ovat aina t\u00e4ydellisess\u00e4 heittokunnossa ja nauttia pitk\u00e4kestoisesta k\u00e4ytt\u00f6mukavuudesta miss\u00e4 ja milloin tahansa.<\/p>\n<p><strong>Tilaa omasi nyt ja koe ero heittosi tarkkuudessa ja mukavuudessa!<\/strong><\/p>\n<\/div>\n<\/div>\n<\/div>\n<\/div>\n<\/div>\n<\/div>\n","protected":false},"excerpt":{"rendered":"<div class=\"flex-shrink-0 flex flex-col relative items-end\">\n<div>\n<div class=\"pt-0\">\n<div class=\"gizmo-bot-avatar flex h-8 w-8 items-center justify-center overflow-hidden rounded-full\">\n<div class=\"relative p-1 rounded-sm flex items-center justify-center bg-token-main-surface-primary text-token-text-primary h-8 w-8\"><\/div>\n<\/div>\n<\/div>\n<\/div>\n<\/div>\n<div class=\"group\/conversation-turn relative flex w-full min-w-0 flex-col agent-turn\">\n<div class=\"flex-col gap-1 md:gap-3\">\n<div class=\"flex flex-grow flex-col max-w-full\">\n<div class=\"min-h-[20px] text-message flex w-full flex-col items-end gap-2 whitespace-pre-wrap break-words [.text-message+&amp;]:mt-5 overflow-x-auto\" dir=\"auto\" data-message-author-role=\"assistant\" data-message-id=\"14deb56c-ba5d-407f-8cac-ed687247624d\">\n<div class=\"flex w-full flex-col gap-1 empty:hidden first:pt-[3px]\">\n<div class=\"markdown prose w-full break-words dark:prose-invert light\">\n<h3>Kuivaa k\u00e4tesi heittokuntoon s\u00e4\u00e4ll\u00e4 kuin s\u00e4\u00e4ll\u00e4!<\/h3>\n<p><strong>Esittelyss\u00e4 innovatiivinen k\u00e4sityynypyyhe, joka tuo heittosi uudelle tasolle!<\/strong> T\u00e4ll\u00e4 pussilla kuivaat k\u00e4tesi t\u00e4ydellisesti, olipa kyseess\u00e4 paahtava kes\u00e4p\u00e4iv\u00e4 tai sateinen keli. K\u00e4sityynypyyhe toimii kuin valaspussi, mutta sen sis\u00e4ll\u00e4 on tehokasta magnesiumia. Pyyhkeeseen, joka roikkuu pussin per\u00e4ss\u00e4, voit k\u00e4tev\u00e4sti pyyhki\u00e4 ylim\u00e4\u00e4r\u00e4isen magnesiumin tai lian k\u00e4sist\u00e4si.<\/p>\n<h4>Laadukkaat ja luonnolliset materiaalit<\/h4>\n<ul>\n<li><strong>Pintakankaat:<\/strong> Merino- ja puuvilla, 100% luonnonmateriaalia.<\/li>\n<li><strong>Sis\u00e4kuori:<\/strong> Sis\u00e4lt\u00e4\u00e4 magnesiumia ja hamppumurskaa, joka v\u00e4hent\u00e4\u00e4 p\u00f6lly\u00e4mist\u00e4, antaa muovailtavan vaikutelman ja pident\u00e4\u00e4 k\u00e4ytt\u00f6ik\u00e4\u00e4.<\/li>\n<\/ul>\n<h4>K\u00e4tev\u00e4t yksityiskohdat<\/h4>\n<ul>\n<li><strong>Tuotenauha:<\/strong> Varustettu pienell\u00e4 lenkill\u00e4, josta voit kiinnitt\u00e4\u00e4 pussin helposti b\u00e4giisi.<\/li>\n<li><strong>Per\u00e4ss\u00e4 pyyhe:<\/strong> Pyyhk\u00e4ise pois pienet tahrat tai lika ilman, ett\u00e4 sotket vaatteitasi.<\/li>\n<\/ul>\n<p>Nyt voit varmistaa, ett\u00e4 k\u00e4tesi ovat aina t\u00e4ydellisess\u00e4 heittokunnossa ja nauttia pitk\u00e4kestoisesta k\u00e4ytt\u00f6mukavuudesta miss\u00e4 ja milloin tahansa.<\/p>\n<p><strong>Tilaa omasi nyt ja koe ero heittosi tarkkuudessa ja mukavuudessa!<\/strong><\/p>\n<\/div>\n<\/div>\n<\/div>\n<\/div>\n<\/div>\n<\/div>\n","protected":false},"featured_media":226644,"comment_status":"open","ping_status":"closed","template":"","meta":{"_acf_changed":false,"om_disable_all_campaigns":false,"_improvement_type_select":"improve_an_existing","_thumb_yes_seoaic":false,"_frame_yes_seoaic":false,"seoaic_generate_description":"","seoaic_improve_instructions_prompt":"","seoaic_rollback_content_improvement":"","seoaic_idea_thumbnail_generator":"","thumbnail_generated":false,"thumbnail_generate_prompt":"","seoaic_article_description":""},"product_brand":[],"product_cat":[2750,2724],"product_tag":[],"class_list":{"0":"post-226639","1":"product","2":"type-product","3":"status-publish","4":"has-post-thumbnail","6":"product_cat-uncategorized-3","7":"product_cat-muut-tuotteet","8":"pa_vari-satunnainen","10":"first","11":"instock","12":"taxable","13":"shipping-taxable","14":"product-type-variable"},"acf":[],"_links":{"self":[{"href":"https:\/\/topdisc.fi\/sv\/wp-json\/wp\/v2\/product\/226639","targetHints":{"allow":["GET"]}}],"collection":[{"href":"https:\/\/topdisc.fi\/sv\/wp-json\/wp\/v2\/product"}],"about":[{"href":"https:\/\/topdisc.fi\/sv\/wp-json\/wp\/v2\/types\/product"}],"replies":[{"embeddable":true,"href":"https:\/\/topdisc.fi\/sv\/wp-json\/wp\/v2\/comments?post=226639"}],"version-history":[{"count":0,"href":"https:\/\/topdisc.fi\/sv\/wp-json\/wp\/v2\/product\/226639\/revisions"}],"wp:featuredmedia":[{"embeddable":true,"href":"https:\/\/topdisc.fi\/sv\/wp-json\/wp\/v2\/media\/226644"}],"wp:attachment":[{"href":"https:\/\/topdisc.fi\/sv\/wp-json\/wp\/v2\/media?parent=226639"}],"wp:term":[{"taxonomy":"product_brand","embeddable":true,"href":"https:\/\/topdisc.fi\/sv\/wp-json\/wp\/v2\/product_brand?post=226639"},{"taxonomy":"product_cat","embeddable":true,"href":"https:\/\/topdisc.fi\/sv\/wp-json\/wp\/v2\/product_cat?post=226639"},{"taxonomy":"product_tag","embeddable":true,"href":"https:\/\/topdisc.fi\/sv\/wp-json\/wp\/v2\/product_tag?post=226639"}],"curies":[{"name":"wp","href":"https:\/\/api.w.org\/{rel}","templated":true}]}}