{"id":226765,"date":"2024-07-28T11:15:37","date_gmt":"2024-07-28T08:15:37","guid":{"rendered":"https:\/\/topdisc.fi\/?post_type=product&#038;p=226765"},"modified":"2026-01-27T17:04:19","modified_gmt":"2026-01-27T15:04:19","slug":"discmania-d-line-flex-2-p2-9","status":"publish","type":"product","link":"https:\/\/topdisc.fi\/sv\/produkt\/discmania-d-line-flex-2-p2-9\/","title":{"rendered":"Discmania D-Line Flex 2 P2 \u2013 Feltryck"},"content":{"rendered":"<p>Discmania D-Line Flex 2 P2 \u2013 Feltryck<\/p>\n<p>Flygv\u00e4rden: 2 3 0 1<\/p>\n<p>Skick: BA+<\/p>\n<p>Vikt: 173g<\/p>\n<p>Mark\u00f6rer: -<\/p>","protected":false},"excerpt":{"rendered":"<p>Discmania D-Line Flex 2 P2 \u2013 Feltryck<\/p>\n<p>Flygv\u00e4rden: 2 3 0 1<\/p>\n<p>Skick: BA+<\/p>\n<p>Vikt: 173g<\/p>\n<p>Mark\u00f6rer: -<\/p>\n<p>P1 \u00e4r en betorfri, rak flygning och n\u00e5got l\u00e4gre putter \u00e4n p2.<\/p>\n<p>F\u00e4rgerna p\u00e5 st\u00e4mpeln varierar.<\/p>","protected":false},"featured_media":230456,"comment_status":"open","ping_status":"closed","template":"","meta":{"_acf_changed":false,"om_disable_all_campaigns":false,"_improvement_type_select":"improve_an_existing","_thumb_yes_seoaic":false,"_frame_yes_seoaic":false,"seoaic_generate_description":"","seoaic_improve_instructions_prompt":"","seoaic_rollback_content_improvement":"","seoaic_idea_thumbnail_generator":"","thumbnail_generated":false,"thumbnail_generate_prompt":"","seoaic_article_description":""},"product_brand":[4855],"product_cat":[656,1807,1756,1758,1806,1808,2339,2621,2625],"product_tag":[716,2520],"class_list":{"0":"post-226765","1":"product","2":"type-product","3":"status-publish","4":"has-post-thumbnail","6":"product_brand-discmania","7":"product_cat-discmania-kaikki","8":"product_cat-discmania-kaytetyt-frisbeegolfkiekot","9":"product_cat-discmania-kaytetyt-putterit","10":"product_cat-discmania-kaytetyt-aloittelijoille","11":"product_cat-kaytetyt-frisbeegolfkiekot","12":"product_cat-kaytetyt-putterit","13":"product_cat-missprint","14":"product_cat-restockit","15":"product_cat-valmistajat","16":"product_tag-putter","17":"product_tag-suora","18":"pa_kunto-ba","19":"pa_liito-272","20":"pa_nopeus-256","21":"pa_paino-324","22":"pa_vakaus-zero","23":"pa_valmistajat-discmania","25":"first","26":"instock","27":"shipping-taxable","28":"purchasable","29":"product-type-simple"},"acf":[],"_links":{"self":[{"href":"https:\/\/topdisc.fi\/sv\/wp-json\/wp\/v2\/product\/226765","targetHints":{"allow":["GET"]}}],"collection":[{"href":"https:\/\/topdisc.fi\/sv\/wp-json\/wp\/v2\/product"}],"about":[{"href":"https:\/\/topdisc.fi\/sv\/wp-json\/wp\/v2\/types\/product"}],"replies":[{"embeddable":true,"href":"https:\/\/topdisc.fi\/sv\/wp-json\/wp\/v2\/comments?post=226765"}],"version-history":[{"count":1,"href":"https:\/\/topdisc.fi\/sv\/wp-json\/wp\/v2\/product\/226765\/revisions"}],"predecessor-version":[{"id":263853,"href":"https:\/\/topdisc.fi\/sv\/wp-json\/wp\/v2\/product\/226765\/revisions\/263853"}],"wp:featuredmedia":[{"embeddable":true,"href":"https:\/\/topdisc.fi\/sv\/wp-json\/wp\/v2\/media\/230456"}],"wp:attachment":[{"href":"https:\/\/topdisc.fi\/sv\/wp-json\/wp\/v2\/media?parent=226765"}],"wp:term":[{"taxonomy":"product_brand","embeddable":true,"href":"https:\/\/topdisc.fi\/sv\/wp-json\/wp\/v2\/product_brand?post=226765"},{"taxonomy":"product_cat","embeddable":true,"href":"https:\/\/topdisc.fi\/sv\/wp-json\/wp\/v2\/product_cat?post=226765"},{"taxonomy":"product_tag","embeddable":true,"href":"https:\/\/topdisc.fi\/sv\/wp-json\/wp\/v2\/product_tag?post=226765"}],"curies":[{"name":"wp","href":"https:\/\/api.w.org\/{rel}","templated":true}]}}