{"id":226943,"date":"2024-07-29T12:34:34","date_gmt":"2024-07-29T09:34:34","guid":{"rendered":"https:\/\/topdisc.fi\/?post_type=product&#038;p=226943"},"modified":"2026-01-21T17:34:01","modified_gmt":"2026-01-21T15:34:01","slug":"innova-champion-toro-rasmus-saukkoriipi-signature-series","status":"publish","type":"product","link":"https:\/\/topdisc.fi\/sv\/produkt\/innova-champion-toro-rasmus-saukkoriipi-signature-series\/","title":{"rendered":"Innova Champion Toro \u2013 Rasmus Saukoriipi Signature Series"},"content":{"rendered":"<p>Innova Champion Toro \u2013 Rasmus Saukoriipi Signature Series<\/p>\n<p>Flygv\u00e4rden: 4 2 1 3<\/p>\n<p>Skick: B<\/p>\n<p>Vikt: 175g<\/p>\n<p>Mark\u00f6rer: -<\/p>\n<p>&nbsp;<\/p>\n<p>Mer information: Innova Champion Toro \u2013 Rasmus Saukoriipi Signature Series. Innova Toro \u00e4r en vingl\u00f6s och superstabil puck designad f\u00f6r Innovas lagspelare Calvin Heimburg. Calvin beh\u00f6vde en midar som kunde st\u00e5 emot hans drag och som han kunde lita p\u00e5 i alla l\u00e4gen. Efter flera tester f\u00f6ddes Toro, uppkallad efter Calvin Heimburg. Toro kan dra sig tillbaka \u00e4ven fr\u00e5n h\u00e5rda f\u00e4llh\u00f6rn och du kan alltid lita p\u00e5 dess blekning. Toro \u00e4r en fantastisk puck f\u00f6r b\u00e5de handleden och handflatan. Champion plast \u00e4r Innovas &quot;the-original&quot;, en transparent och h\u00e5llbar premiumplastblandning. Champion plast beh\u00e5ller sina flygegenskaper under l\u00e5ng tid och \u00e4r v\u00e4rldens mest popul\u00e4ra plastlegering.<\/p>","protected":false},"excerpt":{"rendered":"<p>Innova Champion Toro \u2013 Rasmus Saukoriipi Signature Series<\/p>\n<p>Flygv\u00e4rden: 4 2 1 3<\/p>\n<p>Skick: B<\/p>\n<p>Vikt: 175g<\/p>\n<p>Mark\u00f6rer: -<\/p>","protected":false},"featured_media":227460,"comment_status":"open","ping_status":"closed","template":"","meta":{"_acf_changed":false,"om_disable_all_campaigns":false,"_improvement_type_select":"improve_an_existing","_thumb_yes_seoaic":false,"_frame_yes_seoaic":false,"seoaic_generate_description":"","seoaic_improve_instructions_prompt":"","seoaic_rollback_content_improvement":"","seoaic_idea_thumbnail_generator":"","thumbnail_generated":false,"thumbnail_generate_prompt":"","seoaic_article_description":""},"product_brand":[4854],"product_cat":[1868,1824,1846,4670,1806,368,1811,2621,369,678,2625],"product_tag":[],"class_list":{"0":"post-226943","1":"product","2":"type-product","3":"status-publish","4":"has-post-thumbnail","6":"product_brand-innova","7":"product_cat-innova-kaikki","8":"product_cat-innova-kaytetyt-kiekot","9":"product_cat-innova-kaytetyt-midarit-innova-kaytetyt-frisbeegolfkiekot-2","10":"product_cat-inv","11":"product_cat-kaytetyt-frisbeegolfkiekot","12":"product_cat-lahestymiskiekot","13":"product_cat-midarit","14":"product_cat-restockit","15":"product_cat-signature-kiekot","16":"product_cat-spessut","17":"product_cat-valmistajat","18":"pa_feidi-288","19":"pa_kunto-b-2","20":"pa_kunto-b-3","21":"pa_liito-271","22":"pa_nopeus-258","23":"pa_paino-326","24":"pa_vakaus-1-2","25":"pa_valmistajat-innova","27":"first","28":"instock","29":"shipping-taxable","30":"purchasable","31":"product-type-simple"},"acf":[],"_links":{"self":[{"href":"https:\/\/topdisc.fi\/sv\/wp-json\/wp\/v2\/product\/226943","targetHints":{"allow":["GET"]}}],"collection":[{"href":"https:\/\/topdisc.fi\/sv\/wp-json\/wp\/v2\/product"}],"about":[{"href":"https:\/\/topdisc.fi\/sv\/wp-json\/wp\/v2\/types\/product"}],"replies":[{"embeddable":true,"href":"https:\/\/topdisc.fi\/sv\/wp-json\/wp\/v2\/comments?post=226943"}],"version-history":[{"count":1,"href":"https:\/\/topdisc.fi\/sv\/wp-json\/wp\/v2\/product\/226943\/revisions"}],"predecessor-version":[{"id":261926,"href":"https:\/\/topdisc.fi\/sv\/wp-json\/wp\/v2\/product\/226943\/revisions\/261926"}],"wp:featuredmedia":[{"embeddable":true,"href":"https:\/\/topdisc.fi\/sv\/wp-json\/wp\/v2\/media\/227460"}],"wp:attachment":[{"href":"https:\/\/topdisc.fi\/sv\/wp-json\/wp\/v2\/media?parent=226943"}],"wp:term":[{"taxonomy":"product_brand","embeddable":true,"href":"https:\/\/topdisc.fi\/sv\/wp-json\/wp\/v2\/product_brand?post=226943"},{"taxonomy":"product_cat","embeddable":true,"href":"https:\/\/topdisc.fi\/sv\/wp-json\/wp\/v2\/product_cat?post=226943"},{"taxonomy":"product_tag","embeddable":true,"href":"https:\/\/topdisc.fi\/sv\/wp-json\/wp\/v2\/product_tag?post=226943"}],"curies":[{"name":"wp","href":"https:\/\/api.w.org\/{rel}","templated":true}]}}