{"id":228136,"date":"2024-08-08T14:46:38","date_gmt":"2024-08-08T11:46:38","guid":{"rendered":"https:\/\/topdisc.fi\/?post_type=product&#038;p=228136"},"modified":"2026-01-27T17:51:03","modified_gmt":"2026-01-27T15:51:03","slug":"prodigy-disc-400-px3-3","status":"publish","type":"product","link":"https:\/\/topdisc.fi\/sv\/produkt\/prodigy-disc-400-px3-3\/","title":{"rendered":"Prodigy Disc 400 PX3"},"content":{"rendered":"<p>Prodigy Disc 400 PX3<\/p>\n<p>Flygv\u00e4rden: 3 4 0 2,5<\/p>\n<p>Vikt: 171g<\/p>\n<p>Skick: B<\/p>\n<p>&nbsp;<\/p>\n<p>PX-3 \u00e4r en extremt stabil putter som t\u00e5l h\u00e5rda kast och fungerar \u00e4ven i bl\u00e5siga f\u00f6rh\u00e5llanden. Puckens bana \u00e4r rak, men kastets slutkurva \u00e4r p\u00e5litlig. PX-3-puttern har en st\u00f6rre p\u00e4rla \u00e4n PA-3-puttern. \u00a0 <b>F\u00e4rgen p\u00e5 trycket och skivan varierar. Produkten kanske inte matchar produktbilden.<\/b><\/p>","protected":false},"excerpt":{"rendered":"<p>Prodigy Disc 400 PX3<\/p>\n<p>Flygv\u00e4rden: 3 4 0 2,5<\/p>\n<p>Vikt: 171g<\/p>\n<p>Skick: B<\/p>","protected":false},"featured_media":228859,"comment_status":"open","ping_status":"closed","template":"","meta":{"_acf_changed":false,"om_disable_all_campaigns":false,"_improvement_type_select":"improve_an_existing","_thumb_yes_seoaic":false,"_frame_yes_seoaic":false,"seoaic_generate_description":"","seoaic_improve_instructions_prompt":"","seoaic_rollback_content_improvement":"","seoaic_idea_thumbnail_generator":"","thumbnail_generated":false,"thumbnail_generate_prompt":"","seoaic_article_description":""},"product_brand":[4872],"product_cat":[73],"product_tag":[565,569],"class_list":{"0":"post-228136","1":"product","2":"type-product","3":"status-publish","4":"has-post-thumbnail","6":"product_brand-prodigy-disc","7":"product_cat-uutuudet","8":"product_tag-putteri","9":"product_tag-ylivakaa","10":"pa_feidi-2-5","11":"pa_kunto-b-2","12":"pa_liito-273","13":"pa_nopeus-257","14":"pa_paino-322","15":"pa_vakaus-zero","16":"pa_vari-sininen","18":"first","19":"instock","20":"shipping-taxable","21":"purchasable","22":"product-type-simple"},"acf":[],"_links":{"self":[{"href":"https:\/\/topdisc.fi\/sv\/wp-json\/wp\/v2\/product\/228136","targetHints":{"allow":["GET"]}}],"collection":[{"href":"https:\/\/topdisc.fi\/sv\/wp-json\/wp\/v2\/product"}],"about":[{"href":"https:\/\/topdisc.fi\/sv\/wp-json\/wp\/v2\/types\/product"}],"replies":[{"embeddable":true,"href":"https:\/\/topdisc.fi\/sv\/wp-json\/wp\/v2\/comments?post=228136"}],"version-history":[{"count":1,"href":"https:\/\/topdisc.fi\/sv\/wp-json\/wp\/v2\/product\/228136\/revisions"}],"predecessor-version":[{"id":264174,"href":"https:\/\/topdisc.fi\/sv\/wp-json\/wp\/v2\/product\/228136\/revisions\/264174"}],"wp:featuredmedia":[{"embeddable":true,"href":"https:\/\/topdisc.fi\/sv\/wp-json\/wp\/v2\/media\/228859"}],"wp:attachment":[{"href":"https:\/\/topdisc.fi\/sv\/wp-json\/wp\/v2\/media?parent=228136"}],"wp:term":[{"taxonomy":"product_brand","embeddable":true,"href":"https:\/\/topdisc.fi\/sv\/wp-json\/wp\/v2\/product_brand?post=228136"},{"taxonomy":"product_cat","embeddable":true,"href":"https:\/\/topdisc.fi\/sv\/wp-json\/wp\/v2\/product_cat?post=228136"},{"taxonomy":"product_tag","embeddable":true,"href":"https:\/\/topdisc.fi\/sv\/wp-json\/wp\/v2\/product_tag?post=228136"}],"curies":[{"name":"wp","href":"https:\/\/api.w.org\/{rel}","templated":true}]}}