{"id":228256,"date":"2024-08-09T13:53:55","date_gmt":"2024-08-09T10:53:55","guid":{"rendered":"https:\/\/topdisc.fi\/?post_type=product&#038;p=228256"},"modified":"2026-01-27T17:49:52","modified_gmt":"2026-01-27T15:49:52","slug":"prodigy-disc-400-a5-4","status":"publish","type":"product","link":"https:\/\/topdisc.fi\/sv\/produkt\/prodigy-disc-400-a5-4\/","title":{"rendered":"Prodigy Disc 400 A5"},"content":{"rendered":"<p>Prodigy Disc 400 A5<\/p>\n<p>Flygv\u00e4rden: 3 4 -1 1<\/p>\n<p>Vikt: 177g<\/p>\n<p>Skick: A-<\/p>\n<p>&nbsp;<\/p>\n<p>A5 \u00e4r en n\u00e5got \u00f6verstabil inflygningspuck, som har ett rakt flyg n\u00e4r det kastas h\u00e5rt, men har en p\u00e5litlig slutkurva. A5 \u00e4r lite l\u00e5ngsammare och mindre \u00f6verstabil \u00e4n Prodigys andra Approach-puckar och av denna anledning landar den lugnare och hoppar inte lika k\u00e4nsligt. Tack vare sin tillf\u00f6rlitliga flygning \u00e4r A5 l\u00e4mplig f\u00f6r spelare p\u00e5 m\u00e5nga niv\u00e5er.<\/p>","protected":false},"excerpt":{"rendered":"<p>Prodigy Disc 400 A5<\/p>\n<p>Flygv\u00e4rden: 3 4 -1 1<\/p>\n<p>Vikt: 177g<\/p>\n<p>Skick: A-<\/p>\n<p>&nbsp;<\/p>","protected":false},"featured_media":229160,"comment_status":"open","ping_status":"closed","template":"","meta":{"_acf_changed":false,"om_disable_all_campaigns":false,"_improvement_type_select":"improve_an_existing","_thumb_yes_seoaic":false,"_frame_yes_seoaic":false,"seoaic_generate_description":"","seoaic_improve_instructions_prompt":"","seoaic_rollback_content_improvement":"","seoaic_idea_thumbnail_generator":"","thumbnail_generated":false,"thumbnail_generate_prompt":"","seoaic_article_description":""},"product_brand":[4872],"product_cat":[1806],"product_tag":[566],"class_list":{"0":"post-228256","1":"product","2":"type-product","3":"status-publish","4":"has-post-thumbnail","6":"product_brand-prodigy-disc","7":"product_cat-kaytetyt-frisbeegolfkiekot","8":"product_tag-midari","9":"pa_feidi-286","10":"pa_kunto-a-3","11":"pa_liito-273","12":"pa_nopeus-257","13":"pa_paino-332","14":"pa_vakaus-281","15":"pa_valmistajat-prodigy-discs","17":"first","18":"instock","19":"shipping-taxable","20":"purchasable","21":"product-type-simple"},"acf":[],"_links":{"self":[{"href":"https:\/\/topdisc.fi\/sv\/wp-json\/wp\/v2\/product\/228256","targetHints":{"allow":["GET"]}}],"collection":[{"href":"https:\/\/topdisc.fi\/sv\/wp-json\/wp\/v2\/product"}],"about":[{"href":"https:\/\/topdisc.fi\/sv\/wp-json\/wp\/v2\/types\/product"}],"replies":[{"embeddable":true,"href":"https:\/\/topdisc.fi\/sv\/wp-json\/wp\/v2\/comments?post=228256"}],"version-history":[{"count":1,"href":"https:\/\/topdisc.fi\/sv\/wp-json\/wp\/v2\/product\/228256\/revisions"}],"predecessor-version":[{"id":264167,"href":"https:\/\/topdisc.fi\/sv\/wp-json\/wp\/v2\/product\/228256\/revisions\/264167"}],"wp:featuredmedia":[{"embeddable":true,"href":"https:\/\/topdisc.fi\/sv\/wp-json\/wp\/v2\/media\/229160"}],"wp:attachment":[{"href":"https:\/\/topdisc.fi\/sv\/wp-json\/wp\/v2\/media?parent=228256"}],"wp:term":[{"taxonomy":"product_brand","embeddable":true,"href":"https:\/\/topdisc.fi\/sv\/wp-json\/wp\/v2\/product_brand?post=228256"},{"taxonomy":"product_cat","embeddable":true,"href":"https:\/\/topdisc.fi\/sv\/wp-json\/wp\/v2\/product_cat?post=228256"},{"taxonomy":"product_tag","embeddable":true,"href":"https:\/\/topdisc.fi\/sv\/wp-json\/wp\/v2\/product_tag?post=228256"}],"curies":[{"name":"wp","href":"https:\/\/api.w.org\/{rel}","templated":true}]}}